{"id":35909,"date":"2022-01-10T10:08:55","date_gmt":"2022-01-10T08:08:55","guid":{"rendered":"https:\/\/www.biopapa.lt\/biopapa\/"},"modified":"2025-08-05T16:08:22","modified_gmt":"2025-08-05T13:08:22","slug":"biopapa-organic-healthy-organic-products","status":"publish","type":"page","link":"https:\/\/test.biopapa.lt\/ru\/biopapa-organic-healthy-organic-products\/","title":{"rendered":"Biopapa"},"content":{"rendered":"<p>[vc_row woodmart_css_id=&#187;62712bd3c8c74&#8243; responsive_spacing=&#187;eyJwYXJhbV90eXBlIjoid29vZG1hcnRfcmVzcG9uc2l2ZV9zcGFjaW5nIiwic2VsZWN0b3JfaWQiOiI2MjcxMmJkM2M4Yzc0Iiwic2hvcnRjb2RlIjoidmNfcm93IiwiZGF0YSI6eyJ0YWJsZXQiOnt9LCJtb2JpbGUiOnt9fX0=&#187; mobile_bg_img_hidden=&#187;no&#187; tablet_bg_img_hidden=&#187;no&#187; woodmart_parallax=&#187;0&#8243; woodmart_gradient_switch=&#187;no&#187; woodmart_box_shadow=&#187;no&#187; wd_z_index=&#187;no&#187; woodmart_disable_overflow=&#187;0&#8243; row_reverse_mobile=&#187;0&#8243; row_reverse_tablet=&#187;0&#8243;][vc_column][woodmart_title size=&#187;medium&#187; woodmart_css_id=&#187;651e91d565c77&#8243; title=&#187;\u041e\u0411\u0420\u0410\u0417 \u0416\u0418\u0417\u041d\u0418&#187; title_font_size=&#187;eyJwYXJhbV90eXBlIjoid29vZG1hcnRfcmVzcG9uc2l2ZV9zaXplIiwiY3NzX2FyZ3MiOnsiZm9udC1zaXplIjpbIiAud29vZG1hcnQtdGl0bGUtY29udGFpbmVyIl19LCJzZWxlY3Rvcl9pZCI6IjY1MWU5MWQ1NjVjNzciLCJkYXRhIjp7ImRlc2t0b3AiOiIyNnB4IiwidGFibGV0IjoiMjRweCIsIm1vYmlsZSI6IjIycHgifX0=&#187; title_custom_color=&#187;eyJwYXJhbV90eXBlIjoid29vZG1hcnRfY29sb3JwaWNrZXIiLCJjc3NfYXJncyI6eyJjb2xvciI6WyIgLndvb2RtYXJ0LXRpdGxlLWNvbnRhaW5lciJdfSwic2VsZWN0b3JfaWQiOiI2NTFlOTFkNTY1Yzc3IiwiZGF0YSI6eyJkZXNrdG9wIjoiI2E3YmExOSJ9fQ==&#187; responsive_spacing=&#187;eyJwYXJhbV90eXBlIjoid29vZG1hcnRfcmVzcG9uc2l2ZV9zcGFjaW5nIiwic2VsZWN0b3JfaWQiOiI2NTFlOTFkNTY1Yzc3Iiwic2hvcnRjb2RlIjoid29vZG1hcnRfdGl0bGUiLCJkYXRhIjp7InRhYmxldCI6e30sIm1vYmlsZSI6e319fQ==&#187; css=&#187;.vc_custom_1696502236425{padding-top: 10px !important;padding-bottom: 20px !important;}&#187;]\t\t\t<div id=\"carousel-421\" class=\"wd-carousel-container info-box-carousel-wrapper wd-wpb  wd-rs-650d76cb0db0a  wd-carousel-dis-mb wd-off-md wd-off-sm\">\n\t\t\t\t<div class=\"wd-carousel-inner\">\n\t\t\t\t\t<div class=\"wd-carousel wd-grid info-box-carousel\" data-scroll_per_page=\"yes\" style=\"--wd-col-lg:8;--wd-col-md:4;--wd-col-sm:2;--wd-gap-lg:0px;\">\n\t\t\t\t\t\t<div class=\"wd-carousel-wrap\">\n\t\t\t\t\t\t\t\t\t\t<div class=\"info-box-wrapper wd-carousel-item\">\n\t\t\t\t<div id=\"wd-650d7494c41e2\" class=\" wd-info-box wd-wpb text-center box-icon-align-top box-style- color-scheme- wd-bg-none becukraus\">\n\t\t\t\t\t\t\t\t\t\t\t<div class=\"box-icon-wrapper  box-with-icon box-icon-simple\">\n\t\t\t\t\t\t\t<div class=\"info-box-icon\">\n\n\t\t\t\t\t\t\t\n\t\t\t\t\t\t\t\t\t\t\t\t\t\t\t\t\t<div class=\"info-svg-wrapper\" style=\"width: 80px;height: 80px;\"><img decoding=\"async\"  src=\"https:\/\/test.biopapa.lt\/wp-content\/uploads\/2022\/05\/be-cukraus-no-text.svg\" title=\"be cukraus\" loading=\"lazy\" width=\"80\" height=\"80\"><\/div>\t\t\t\t\t\t\t\t\t\t\t\t\t\t\t\n\t\t\t\t\t\t\t<\/div>\n\t\t\t\t\t\t<\/div>\n\t\t\t\t\t\t\t\t\t\t<div class=\"info-box-content\">\n\t\t\t\t\t\t<h4 class=\"info-box-title title wd-font-weight-400 box-title-style-default wd-fontsize-s\">\u0411\u0435\u0437 \u0434\u043e\u0431\u0430\u0432\u043b\u0435\u043d\u0438\u044f \u0441\u0430\u0445\u0430\u0440\u0430<\/h4>\t\t\t\t\t\t<div class=\"info-box-inner reset-last-child\"><\/div>\n\n\t\t\t\t\t\t\t\t\t\t\t<\/div>\n\n\t\t\t\t\t\t\t\t\t\t\t<a class=\"wd-info-box-link wd-fill\" aria-label=\"Infobox link\" href=\"\/?product_tag=\u0431\u0435\u0437-\u0441\u0430\u0445\u0430\u0440\u0430\" title=\"\"><\/a>\n\t\t\t\t\t\n\t\t\t\t\t\t\t\t\t<\/div>\n\t\t\t<\/div>\n\t\t\t\t\t<div class=\"info-box-wrapper wd-carousel-item\">\n\t\t\t\t<div id=\"wd-650d751655b01\" class=\" wd-info-box wd-wpb text-center box-icon-align-top box-style- color-scheme- wd-bg-none becukraus\">\n\t\t\t\t\t\t\t\t\t\t\t<div class=\"box-icon-wrapper  box-with-icon box-icon-simple\">\n\t\t\t\t\t\t\t<div class=\"info-box-icon\">\n\n\t\t\t\t\t\t\t\n\t\t\t\t\t\t\t\t\t\t\t\t\t\t\t\t\t<div class=\"info-svg-wrapper\" style=\"width: 80px;height: 80px;\"><img decoding=\"async\"  src=\"https:\/\/test.biopapa.lt\/wp-content\/uploads\/2022\/05\/be-glitimo-no-text.svg\" title=\"be glitimo\" loading=\"lazy\" width=\"80\" height=\"80\"><\/div>\t\t\t\t\t\t\t\t\t\t\t\t\t\t\t\n\t\t\t\t\t\t\t<\/div>\n\t\t\t\t\t\t<\/div>\n\t\t\t\t\t\t\t\t\t\t<div class=\"info-box-content\">\n\t\t\t\t\t\t<h4 class=\"info-box-title title wd-font-weight-400 box-title-style-default wd-fontsize-s\">\u0410\u043b\u044c\u0442\u0435\u0440\u043d\u0430\u0442\u0438\u0432\u0430 \u0433\u043b\u044e\u0442\u0435\u043d\u0443<\/h4>\t\t\t\t\t\t<div class=\"info-box-inner reset-last-child\"><\/div>\n\n\t\t\t\t\t\t\t\t\t\t\t<\/div>\n\n\t\t\t\t\t\t\t\t\t\t\t<a class=\"wd-info-box-link wd-fill\" aria-label=\"Infobox link\" href=\"\/?product_tag=\u0430\u043b\u044c\u0442\u0435\u0440\u043d\u0430\u0442\u0438\u0432\u0430-\u0433\u043b\u044e\u0442\u0435\u043d\u0443\" title=\"\"><\/a>\n\t\t\t\t\t\n\t\t\t\t\t\t\t\t\t<\/div>\n\t\t\t<\/div>\n\t\t\t\t\t<div class=\"info-box-wrapper wd-carousel-item\">\n\t\t\t\t<div id=\"wd-650d751f24692\" class=\" wd-info-box wd-wpb text-center box-icon-align-top box-style- color-scheme- wd-bg-none\">\n\t\t\t\t\t\t\t\t\t\t\t<div class=\"box-icon-wrapper  box-with-icon box-icon-simple\">\n\t\t\t\t\t\t\t<div class=\"info-box-icon\">\n\n\t\t\t\t\t\t\t\n\t\t\t\t\t\t\t\t\t\t\t\t\t\t\t\t\t<div class=\"info-svg-wrapper\" style=\"width: 80px;height: 80px;\"><img decoding=\"async\"  src=\"https:\/\/test.biopapa.lt\/wp-content\/uploads\/2022\/05\/zaliavalgiams-no-text.svg\" title=\"zaliavalgiams\" loading=\"lazy\" width=\"80\" height=\"80\"><\/div>\t\t\t\t\t\t\t\t\t\t\t\t\t\t\t\n\t\t\t\t\t\t\t<\/div>\n\t\t\t\t\t\t<\/div>\n\t\t\t\t\t\t\t\t\t\t<div class=\"info-box-content\">\n\t\t\t\t\t\t<h4 class=\"info-box-title title wd-font-weight-400 box-title-style-default wd-fontsize-s\">\u0414\u043b\u044f \u0441\u044b\u0440\u043e\u0435\u0434\u043e\u0432<\/h4>\t\t\t\t\t\t<div class=\"info-box-inner reset-last-child\"><\/div>\n\n\t\t\t\t\t\t\t\t\t\t\t<\/div>\n\n\t\t\t\t\t\t\t\t\t\t\t<a class=\"wd-info-box-link wd-fill\" aria-label=\"Infobox link\" href=\"\/?product_tag=\u0441\u044b\u0440\u043e\u0435\u0434\u0435\u043d\u0438\u0435\" title=\"\"><\/a>\n\t\t\t\t\t\n\t\t\t\t\t\t\t\t\t<\/div>\n\t\t\t<\/div>\n\t\t\t\t\t<div class=\"info-box-wrapper wd-carousel-item\">\n\t\t\t\t<div id=\"wd-650d752746ad2\" class=\" wd-info-box wd-wpb text-center box-icon-align-top box-style- color-scheme- wd-bg-none\">\n\t\t\t\t\t\t\t\t\t\t\t<div class=\"box-icon-wrapper  box-with-icon box-icon-simple\">\n\t\t\t\t\t\t\t<div class=\"info-box-icon\">\n\n\t\t\t\t\t\t\t\n\t\t\t\t\t\t\t\t\t\t\t\t\t\t\t\t\t<div class=\"info-svg-wrapper\" style=\"width: 80px;height: 80px;\"><img decoding=\"async\"  src=\"https:\/\/test.biopapa.lt\/wp-content\/uploads\/2022\/05\/veganams-no-text.svg\" title=\"veganams no text\" loading=\"lazy\" width=\"80\" height=\"80\"><\/div>\t\t\t\t\t\t\t\t\t\t\t\t\t\t\t\n\t\t\t\t\t\t\t<\/div>\n\t\t\t\t\t\t<\/div>\n\t\t\t\t\t\t\t\t\t\t<div class=\"info-box-content\">\n\t\t\t\t\t\t<h4 class=\"info-box-title title wd-font-weight-400 box-title-style-default wd-fontsize-s\">\u0414\u043b\u044f \u0432\u0435\u0433\u0430\u043d\u043e\u0432<\/h4>\t\t\t\t\t\t<div class=\"info-box-inner reset-last-child\"><\/div>\n\n\t\t\t\t\t\t\t\t\t\t\t<\/div>\n\n\t\t\t\t\t\t\t\t\t\t\t<a class=\"wd-info-box-link wd-fill\" aria-label=\"Infobox link\" href=\"https:\/\/www.biopapa.lt\/ru\/product-tag\/veganams-ru\/\" title=\"\"><\/a>\n\t\t\t\t\t\n\t\t\t\t\t\t\t\t\t<\/div>\n\t\t\t<\/div>\n\t\t\t\t\t<div class=\"info-box-wrapper wd-carousel-item\">\n\t\t\t\t<div id=\"wd-650d75321200b\" class=\" wd-info-box wd-wpb text-center box-icon-align-top box-style- color-scheme- wd-bg-none\">\n\t\t\t\t\t\t\t\t\t\t\t<div class=\"box-icon-wrapper  box-with-icon box-icon-simple\">\n\t\t\t\t\t\t\t<div class=\"info-box-icon\">\n\n\t\t\t\t\t\t\t\n\t\t\t\t\t\t\t\t\t\t\t\t\t\t\t\t\t<div class=\"info-svg-wrapper\" style=\"width: 80px;height: 80px;\"><img decoding=\"async\"  src=\"https:\/\/test.biopapa.lt\/wp-content\/uploads\/2022\/05\/sportuojantiems-no-text.svg\" title=\"sportuojantiems no text\" loading=\"lazy\" width=\"80\" height=\"80\"><\/div>\t\t\t\t\t\t\t\t\t\t\t\t\t\t\t\n\t\t\t\t\t\t\t<\/div>\n\t\t\t\t\t\t<\/div>\n\t\t\t\t\t\t\t\t\t\t<div class=\"info-box-content\">\n\t\t\t\t\t\t<h4 class=\"info-box-title title wd-font-weight-400 box-title-style-default wd-fontsize-s\">\u0418\u0441\u0442\u043e\u0447\u043d\u0438\u043a \u0431\u0435\u043b\u043a\u0430<\/h4>\t\t\t\t\t\t<div class=\"info-box-inner reset-last-child\"><\/div>\n\n\t\t\t\t\t\t\t\t\t\t\t<\/div>\n\n\t\t\t\t\t\t\t\t\t\t\t<a class=\"wd-info-box-link wd-fill\" aria-label=\"Infobox link\" href=\"\/?product_tag=\u0438\u0441\u0442\u043e\u0447\u043d\u0438\u043a-\u0431\u0435\u043b\u043a\u0430\" title=\"\"><\/a>\n\t\t\t\t\t\n\t\t\t\t\t\t\t\t\t<\/div>\n\t\t\t<\/div>\n\t\t\t\t\t<div class=\"info-box-wrapper wd-carousel-item\">\n\t\t\t\t<div id=\"wd-650d75437102a\" class=\" wd-info-box wd-wpb text-center box-icon-align-top box-style- color-scheme- wd-bg-none\">\n\t\t\t\t\t\t\t\t\t\t\t<div class=\"box-icon-wrapper  box-with-icon box-icon-simple\">\n\t\t\t\t\t\t\t<div class=\"info-box-icon\">\n\n\t\t\t\t\t\t\t\n\t\t\t\t\t\t\t\t\t\t\t\t\t\t\t\t\t<div class=\"info-svg-wrapper\" style=\"width: 80px;height: 80px;\"><img decoding=\"async\"  src=\"https:\/\/test.biopapa.lt\/wp-content\/uploads\/2022\/05\/keto-no-text.svg\" title=\"keto\" loading=\"lazy\" width=\"80\" height=\"80\"><\/div>\t\t\t\t\t\t\t\t\t\t\t\t\t\t\t\n\t\t\t\t\t\t\t<\/div>\n\t\t\t\t\t\t<\/div>\n\t\t\t\t\t\t\t\t\t\t<div class=\"info-box-content\">\n\t\t\t\t\t\t<h4 class=\"info-box-title title wd-font-weight-400 box-title-style-default wd-fontsize-s\">\u041a\u0435\u0442\u043e-\u0434\u0438\u0435\u0442\u0430<\/h4>\t\t\t\t\t\t<div class=\"info-box-inner reset-last-child\"><\/div>\n\n\t\t\t\t\t\t\t\t\t\t\t<\/div>\n\n\t\t\t\t\t\t\t\t\t\t\t<a class=\"wd-info-box-link wd-fill\" aria-label=\"Infobox link\" href=\"\/?product_tag=\u043a\u0435\u0442\u043e-\u0434\u0438\u0435\u0442\u0430\" title=\"\"><\/a>\n\t\t\t\t\t\n\t\t\t\t\t\t\t\t\t<\/div>\n\t\t\t<\/div>\n\t\t\t\t\t<div class=\"info-box-wrapper wd-carousel-item\">\n\t\t\t\t<div id=\"wd-650d754e07c4e\" class=\" wd-info-box wd-wpb text-center box-icon-align-top box-style- color-scheme- wd-bg-none\">\n\t\t\t\t\t\t\t\t\t\t\t<div class=\"box-icon-wrapper  box-with-icon box-icon-simple\">\n\t\t\t\t\t\t\t<div class=\"info-box-icon\">\n\n\t\t\t\t\t\t\t\n\t\t\t\t\t\t\t\t\t\t\t\t\t\t\t\t\t<div class=\"info-svg-wrapper\" style=\"width: 80px;height: 80px;\"><img decoding=\"async\"  alt=\"eko\" src=\"https:\/\/test.biopapa.lt\/wp-content\/uploads\/2023\/08\/ecologic-notext.svg\" title=\"eko\" loading=\"lazy\" width=\"80\" height=\"80\"><\/div>\t\t\t\t\t\t\t\t\t\t\t\t\t\t\t\n\t\t\t\t\t\t\t<\/div>\n\t\t\t\t\t\t<\/div>\n\t\t\t\t\t\t\t\t\t\t<div class=\"info-box-content\">\n\t\t\t\t\t\t<h4 class=\"info-box-title title wd-font-weight-400 box-title-style-default wd-fontsize-s\">Organic<\/h4>\t\t\t\t\t\t<div class=\"info-box-inner reset-last-child\"><\/div>\n\n\t\t\t\t\t\t\t\t\t\t\t<\/div>\n\n\t\t\t\t\t\t\t\t\t\t\t<a class=\"wd-info-box-link wd-fill\" aria-label=\"Infobox link\" href=\"https:\/\/www.biopapa.lt\/ru\/product-tag\/ekologiska-ru\/\" title=\"\"><\/a>\n\t\t\t\t\t\n\t\t\t\t\t\t\t\t\t<\/div>\n\t\t\t<\/div>\n\t\t\t\t\t<div class=\"info-box-wrapper wd-carousel-item\">\n\t\t\t\t<div id=\"wd-650d755b9881b\" class=\" wd-info-box wd-wpb text-center box-icon-align-top box-style- color-scheme- wd-bg-none\">\n\t\t\t\t\t\t\t\t\t\t\t<div class=\"box-icon-wrapper  box-with-icon box-icon-simple\">\n\t\t\t\t\t\t\t<div class=\"info-box-icon\">\n\n\t\t\t\t\t\t\t\n\t\t\t\t\t\t\t\t\t\t\t\t\t\t\t\t\t<div class=\"info-svg-wrapper\" style=\"width: 80px;height: 80px;\"><img decoding=\"async\"  alt=\"Skaidul\u0173 \u0161altinis\" src=\"https:\/\/test.biopapa.lt\/wp-content\/uploads\/2023\/08\/skaidulusaltinis-notext.svg\" title=\"Skaidul\u0173 \u0161altinis\" loading=\"lazy\" width=\"80\" height=\"80\"><\/div>\t\t\t\t\t\t\t\t\t\t\t\t\t\t\t\n\t\t\t\t\t\t\t<\/div>\n\t\t\t\t\t\t<\/div>\n\t\t\t\t\t\t\t\t\t\t<div class=\"info-box-content\">\n\t\t\t\t\t\t<h4 class=\"info-box-title title wd-font-weight-400 box-title-style-default wd-fontsize-s\">\u0418\u0441\u0442\u043e\u0447\u043d\u0438\u043a \u043a\u043b\u0435\u0442\u0447\u0430\u0442\u043a\u0438<\/h4>\t\t\t\t\t\t<div class=\"info-box-inner reset-last-child\"><\/div>\n\n\t\t\t\t\t\t\t\t\t\t\t<\/div>\n\n\t\t\t\t\t\t\t\t\t\t\t<a class=\"wd-info-box-link wd-fill\" aria-label=\"Infobox link\" href=\"\/?product_tag=\u0438\u0441\u0442\u043e\u0447\u043d\u0438\u043a-\u043a\u043b\u0435\u0442\u0447\u0430\u0442\u043a\u0438\" title=\"\"><\/a>\n\t\t\t\t\t\n\t\t\t\t\t\t\t\t\t<\/div>\n\t\t\t<\/div>\n\t\t\t\t\t\t\t\t<\/div>\n\t\t\t\t\t<\/div>\n\n\t\t\t\t\t\t\t\t\t\t\t\t\t<div class=\"wd-nav-arrows wd-pos-sep wd-hover-1 wd-icon-1\">\n\t\t\t<div class=\"wd-btn-arrow wd-prev wd-disabled\">\n\t\t\t\t<div class=\"wd-arrow-inner\"><\/div>\n\t\t\t<\/div>\n\t\t\t<div class=\"wd-btn-arrow wd-next\">\n\t\t\t\t<div class=\"wd-arrow-inner\"><\/div>\n\t\t\t<\/div>\n\t\t<\/div>\n\t\t\t\t\t\t\t\t\t\t\t<\/div>\n\n\t\t\t\t\t\t\t\t\t\t\t<\/div>\n\t\t[\/vc_column][\/vc_row][vc_row][vc_column][woodmart_categories orderby=&#187;include&#187; order=&#187;ASC&#187; categories_design=&#187;center&#187; rounding_size=&#187;&#187; style=&#187;masonry-first&#187; spacing=&#187;30&#8243; ids=&#187;1216, 730, 1228, 1315, 1295, 1316, 1366, 1314, 1265, 732, 1318, 1309, 1349, 1320, 1321, 1298, 1367, 1417, 737&#8243; hide_empty=&#187;yes&#187; lazy_loading=&#187;yes&#187; woodmart_css_id=&#187;662510c60282d&#187; responsive_spacing=&#187;eyJwYXJhbV90eXBlIjoid29vZG1hcnRfcmVzcG9uc2l2ZV9zcGFjaW5nIiwic2VsZWN0b3JfaWQiOiI2NjI1MTBjNjAyODJkIiwic2hvcnRjb2RlIjoid29vZG1hcnRfY2F0ZWdvcmllcyIsImRhdGEiOnsidGFibGV0Ijp7fSwibW9iaWxlIjp7fX19&#8243;][\/vc_column][\/vc_row]<\/p>\n","protected":false},"excerpt":{"rendered":"<p>[vc_row woodmart_css_id=&#187;62712bd3c8c74&#8243; responsive_spacing=&#187;eyJwYXJhbV90eXBlIjoid29vZG1hcnRfcmVzcG9uc2l2ZV9zcGFjaW5nIiwic2VsZWN0b3JfaWQiOiI2MjcxMmJkM2M4Yzc0Iiwic2hvcnRjb2RlIjoidmNfcm93IiwiZGF0YSI6eyJ0YWJsZXQiOnt9LCJtb2JpbGUiOnt9fX0=&#187; mobile_bg_img_hidden=&#187;no&#187; tablet_bg_img_hidden=&#187;no&#187; woodmart_parallax=&#187;0&#8243; woodmart_gradient_switch=&#187;no&#187; woodmart_box_shadow=&#187;no&#187; wd_z_index=&#187;no&#187; woodmart_disable_overflow=&#187;0&#8243; row_reverse_mobile=&#187;0&#8243; row_reverse_tablet=&#187;0&#8243;][vc_column][woodmart_title size=&#187;medium&#187; woodmart_css_id=&#187;651e91d565c77&#8243; title=&#187;\u041e\u0411\u0420\u0410\u0417 \u0416\u0418\u0417\u041d\u0418&#187; title_font_size=&#187;eyJwYXJhbV90eXBlIjoid29vZG1hcnRfcmVzcG9uc2l2ZV9zaXplIiwiY3NzX2FyZ3MiOnsiZm9udC1zaXplIjpbIiAud29vZG1hcnQtdGl0bGUtY29udGFpbmVyIl19LCJzZWxlY3Rvcl9pZCI6IjY1MWU5MWQ1NjVjNzciLCJkYXRhIjp7ImRlc2t0b3AiOiIyNnB4IiwidGFibGV0IjoiMjRweCIsIm1vYmlsZSI6IjIycHgifX0=&#187; title_custom_color=&#187;eyJwYXJhbV90eXBlIjoid29vZG1hcnRfY29sb3JwaWNrZXIiLCJjc3NfYXJncyI6eyJjb2xvciI6WyIgLndvb2RtYXJ0LXRpdGxlLWNvbnRhaW5lciJdfSwic2VsZWN0b3JfaWQiOiI2NTFlOTFkNTY1Yzc3IiwiZGF0YSI6eyJkZXNrdG9wIjoiI2E3YmExOSJ9fQ==&#187; responsive_spacing=&#187;eyJwYXJhbV90eXBlIjoid29vZG1hcnRfcmVzcG9uc2l2ZV9zcGFjaW5nIiwic2VsZWN0b3JfaWQiOiI2NTFlOTFkNTY1Yzc3Iiwic2hvcnRjb2RlIjoid29vZG1hcnRfdGl0bGUiLCJkYXRhIjp7InRhYmxldCI6e30sIm1vYmlsZSI6e319fQ==&#187; css=&#187;.vc_custom_1696502236425{padding-top:<\/p>\n","protected":false},"author":265,"featured_media":0,"parent":0,"menu_order":0,"comment_status":"closed","ping_status":"closed","template":"","meta":{"_acf_changed":false,"footnotes":""},"class_list":["post-35909","page","type-page","status-publish","hentry"],"acf":[],"yoast_head":"<!-- This site is optimized with the Yoast SEO plugin v27.6 - https:\/\/yoast.com\/product\/yoast-seo-wordpress\/ -->\n<title>BioPapa - \u017daliuomen\u0117<\/title>\n<meta name=\"description\" content=\"\u041e\u0440\u0433\u0430\u043d\u0438\u0447\u0435\u0441\u043a\u0438\u0435 \u0438 \u0437\u0434\u043e\u0440\u043e\u0432\u044b\u0435 \u043f\u0440\u043e\u0434\u0443\u043a\u0442\u044b \u0434\u043b\u044f \u0432\u0441\u0435\u0439 \u0441\u0435\u043c\u044c\u0438. \u0414\u0440\u0443\u0436\u0435\u043b\u044e\u0431\u043d\u044b\u0435 \u0446\u0435\u043d\u044b \u0438 \u0441\u043a\u0438\u0434\u043a\u0438. \u0411\u043e\u043b\u0435\u0435 500 \u043d\u0430\u0438\u043c\u0435\u043d\u043e\u0432\u0430\u043d\u0438\u0439 \u043f\u0440\u043e\u0434\u0443\u043a\u0446\u0438\u0438. \u0411\u0435\u0441\u043f\u043b\u0430\u0442\u043d\u0430\u044f \u0434\u043e\u0441\u0442\u0430\u0432\u043a\u0430 \u043e\u0442 20 \u0435\u0432\u0440\u043e\" \/>\n<meta name=\"robots\" content=\"index, follow, max-snippet:-1, max-image-preview:large, max-video-preview:-1\" \/>\n<link rel=\"canonical\" href=\"https:\/\/test.biopapa.lt\/ru\/biopapa-organic-healthy-organic-products\/\" \/>\n<meta property=\"og:locale\" content=\"ru_RU\" \/>\n<meta property=\"og:type\" content=\"article\" \/>\n<meta property=\"og:title\" content=\"BioPapa - \u017daliuomen\u0117\" \/>\n<meta property=\"og:description\" content=\"\u041e\u0440\u0433\u0430\u043d\u0438\u0447\u0435\u0441\u043a\u0438\u0435 \u0438 \u0437\u0434\u043e\u0440\u043e\u0432\u044b\u0435 \u043f\u0440\u043e\u0434\u0443\u043a\u0442\u044b \u0434\u043b\u044f \u0432\u0441\u0435\u0439 \u0441\u0435\u043c\u044c\u0438. \u0414\u0440\u0443\u0436\u0435\u043b\u044e\u0431\u043d\u044b\u0435 \u0446\u0435\u043d\u044b \u0438 \u0441\u043a\u0438\u0434\u043a\u0438. \u0411\u043e\u043b\u0435\u0435 500 \u043d\u0430\u0438\u043c\u0435\u043d\u043e\u0432\u0430\u043d\u0438\u0439 \u043f\u0440\u043e\u0434\u0443\u043a\u0446\u0438\u0438. \u0411\u0435\u0441\u043f\u043b\u0430\u0442\u043d\u0430\u044f \u0434\u043e\u0441\u0442\u0430\u0432\u043a\u0430 \u043e\u0442 20 \u0435\u0432\u0440\u043e\" \/>\n<meta property=\"og:url\" content=\"https:\/\/test.biopapa.lt\/ru\/biopapa-organic-healthy-organic-products\/\" \/>\n<meta property=\"og:site_name\" content=\"Biopapa\" \/>\n<meta property=\"article:publisher\" content=\"https:\/\/www.facebook.com\/biopapa.lt\" \/>\n<meta property=\"article:modified_time\" content=\"2025-08-05T13:08:22+00:00\" \/>\n<meta property=\"og:image\" content=\"https:\/\/www.biopapa.lt\/wp-content\/uploads\/2022\/04\/facebook_biopapa-1024x536.jpg\" \/>\n<meta name=\"twitter:card\" content=\"summary_large_image\" \/>\n<script type=\"application\/ld+json\" class=\"yoast-schema-graph\">{\"@context\":\"https:\\\/\\\/schema.org\",\"@graph\":[{\"@type\":\"WebPage\",\"@id\":\"https:\\\/\\\/test.biopapa.lt\\\/ru\\\/biopapa-organic-healthy-organic-products\\\/\",\"url\":\"https:\\\/\\\/test.biopapa.lt\\\/ru\\\/biopapa-organic-healthy-organic-products\\\/\",\"name\":\"BioPapa - \u017daliuomen\u0117\",\"isPartOf\":{\"@id\":\"https:\\\/\\\/test.biopapa.lt\\\/#website\"},\"datePublished\":\"2022-01-10T08:08:55+00:00\",\"dateModified\":\"2025-08-05T13:08:22+00:00\",\"description\":\"\u041e\u0440\u0433\u0430\u043d\u0438\u0447\u0435\u0441\u043a\u0438\u0435 \u0438 \u0437\u0434\u043e\u0440\u043e\u0432\u044b\u0435 \u043f\u0440\u043e\u0434\u0443\u043a\u0442\u044b \u0434\u043b\u044f \u0432\u0441\u0435\u0439 \u0441\u0435\u043c\u044c\u0438. \u0414\u0440\u0443\u0436\u0435\u043b\u044e\u0431\u043d\u044b\u0435 \u0446\u0435\u043d\u044b \u0438 \u0441\u043a\u0438\u0434\u043a\u0438. \u0411\u043e\u043b\u0435\u0435 500 \u043d\u0430\u0438\u043c\u0435\u043d\u043e\u0432\u0430\u043d\u0438\u0439 \u043f\u0440\u043e\u0434\u0443\u043a\u0446\u0438\u0438. \u0411\u0435\u0441\u043f\u043b\u0430\u0442\u043d\u0430\u044f \u0434\u043e\u0441\u0442\u0430\u0432\u043a\u0430 \u043e\u0442 20 \u0435\u0432\u0440\u043e\",\"breadcrumb\":{\"@id\":\"https:\\\/\\\/test.biopapa.lt\\\/ru\\\/biopapa-organic-healthy-organic-products\\\/#breadcrumb\"},\"inLanguage\":\"ru-RU\",\"potentialAction\":[{\"@type\":\"ReadAction\",\"target\":[\"https:\\\/\\\/test.biopapa.lt\\\/ru\\\/biopapa-organic-healthy-organic-products\\\/\"]}]},{\"@type\":\"BreadcrumbList\",\"@id\":\"https:\\\/\\\/test.biopapa.lt\\\/ru\\\/biopapa-organic-healthy-organic-products\\\/#breadcrumb\",\"itemListElement\":[{\"@type\":\"ListItem\",\"position\":1,\"name\":\"Home\",\"item\":\"https:\\\/\\\/test.biopapa.lt\\\/ru\\\/\"},{\"@type\":\"ListItem\",\"position\":2,\"name\":\"Biopapa\"}]},{\"@type\":\"WebSite\",\"@id\":\"https:\\\/\\\/test.biopapa.lt\\\/#website\",\"url\":\"https:\\\/\\\/test.biopapa.lt\\\/\",\"name\":\"Biopapa\",\"description\":\"\u0160var\u016bs ekologi\u0161ki produktai\",\"publisher\":{\"@id\":\"https:\\\/\\\/test.biopapa.lt\\\/#organization\"},\"potentialAction\":[{\"@type\":\"SearchAction\",\"target\":{\"@type\":\"EntryPoint\",\"urlTemplate\":\"https:\\\/\\\/test.biopapa.lt\\\/?s={search_term_string}\"},\"query-input\":{\"@type\":\"PropertyValueSpecification\",\"valueRequired\":true,\"valueName\":\"search_term_string\"}}],\"inLanguage\":\"ru-RU\"},{\"@type\":\"Organization\",\"@id\":\"https:\\\/\\\/test.biopapa.lt\\\/#organization\",\"name\":\"Biopapa\",\"url\":\"https:\\\/\\\/test.biopapa.lt\\\/\",\"logo\":{\"@type\":\"ImageObject\",\"inLanguage\":\"ru-RU\",\"@id\":\"https:\\\/\\\/test.biopapa.lt\\\/#\\\/schema\\\/logo\\\/image\\\/\",\"url\":\"https:\\\/\\\/www.biopapa.lt\\\/wp-content\\\/uploads\\\/2022\\\/04\\\/facebook_biopapa.jpg\",\"contentUrl\":\"https:\\\/\\\/www.biopapa.lt\\\/wp-content\\\/uploads\\\/2022\\\/04\\\/facebook_biopapa.jpg\",\"width\":1733,\"height\":907,\"caption\":\"Biopapa\"},\"image\":{\"@id\":\"https:\\\/\\\/test.biopapa.lt\\\/#\\\/schema\\\/logo\\\/image\\\/\"},\"sameAs\":[\"https:\\\/\\\/www.facebook.com\\\/biopapa.lt\"]}]}<\/script>\n<!-- \/ Yoast SEO plugin. -->","yoast_head_json":{"title":"BioPapa - \u017daliuomen\u0117","description":"\u041e\u0440\u0433\u0430\u043d\u0438\u0447\u0435\u0441\u043a\u0438\u0435 \u0438 \u0437\u0434\u043e\u0440\u043e\u0432\u044b\u0435 \u043f\u0440\u043e\u0434\u0443\u043a\u0442\u044b \u0434\u043b\u044f \u0432\u0441\u0435\u0439 \u0441\u0435\u043c\u044c\u0438. \u0414\u0440\u0443\u0436\u0435\u043b\u044e\u0431\u043d\u044b\u0435 \u0446\u0435\u043d\u044b \u0438 \u0441\u043a\u0438\u0434\u043a\u0438. \u0411\u043e\u043b\u0435\u0435 500 \u043d\u0430\u0438\u043c\u0435\u043d\u043e\u0432\u0430\u043d\u0438\u0439 \u043f\u0440\u043e\u0434\u0443\u043a\u0446\u0438\u0438. \u0411\u0435\u0441\u043f\u043b\u0430\u0442\u043d\u0430\u044f \u0434\u043e\u0441\u0442\u0430\u0432\u043a\u0430 \u043e\u0442 20 \u0435\u0432\u0440\u043e","robots":{"index":"index","follow":"follow","max-snippet":"max-snippet:-1","max-image-preview":"max-image-preview:large","max-video-preview":"max-video-preview:-1"},"canonical":"https:\/\/test.biopapa.lt\/ru\/biopapa-organic-healthy-organic-products\/","og_locale":"ru_RU","og_type":"article","og_title":"BioPapa - \u017daliuomen\u0117","og_description":"\u041e\u0440\u0433\u0430\u043d\u0438\u0447\u0435\u0441\u043a\u0438\u0435 \u0438 \u0437\u0434\u043e\u0440\u043e\u0432\u044b\u0435 \u043f\u0440\u043e\u0434\u0443\u043a\u0442\u044b \u0434\u043b\u044f \u0432\u0441\u0435\u0439 \u0441\u0435\u043c\u044c\u0438. \u0414\u0440\u0443\u0436\u0435\u043b\u044e\u0431\u043d\u044b\u0435 \u0446\u0435\u043d\u044b \u0438 \u0441\u043a\u0438\u0434\u043a\u0438. \u0411\u043e\u043b\u0435\u0435 500 \u043d\u0430\u0438\u043c\u0435\u043d\u043e\u0432\u0430\u043d\u0438\u0439 \u043f\u0440\u043e\u0434\u0443\u043a\u0446\u0438\u0438. \u0411\u0435\u0441\u043f\u043b\u0430\u0442\u043d\u0430\u044f \u0434\u043e\u0441\u0442\u0430\u0432\u043a\u0430 \u043e\u0442 20 \u0435\u0432\u0440\u043e","og_url":"https:\/\/test.biopapa.lt\/ru\/biopapa-organic-healthy-organic-products\/","og_site_name":"Biopapa","article_publisher":"https:\/\/www.facebook.com\/biopapa.lt","article_modified_time":"2025-08-05T13:08:22+00:00","og_image":[{"url":"https:\/\/www.biopapa.lt\/wp-content\/uploads\/2022\/04\/facebook_biopapa-1024x536.jpg","type":"","width":"","height":""}],"twitter_card":"summary_large_image","schema":{"@context":"https:\/\/schema.org","@graph":[{"@type":"WebPage","@id":"https:\/\/test.biopapa.lt\/ru\/biopapa-organic-healthy-organic-products\/","url":"https:\/\/test.biopapa.lt\/ru\/biopapa-organic-healthy-organic-products\/","name":"BioPapa - \u017daliuomen\u0117","isPartOf":{"@id":"https:\/\/test.biopapa.lt\/#website"},"datePublished":"2022-01-10T08:08:55+00:00","dateModified":"2025-08-05T13:08:22+00:00","description":"\u041e\u0440\u0433\u0430\u043d\u0438\u0447\u0435\u0441\u043a\u0438\u0435 \u0438 \u0437\u0434\u043e\u0440\u043e\u0432\u044b\u0435 \u043f\u0440\u043e\u0434\u0443\u043a\u0442\u044b \u0434\u043b\u044f \u0432\u0441\u0435\u0439 \u0441\u0435\u043c\u044c\u0438. \u0414\u0440\u0443\u0436\u0435\u043b\u044e\u0431\u043d\u044b\u0435 \u0446\u0435\u043d\u044b \u0438 \u0441\u043a\u0438\u0434\u043a\u0438. \u0411\u043e\u043b\u0435\u0435 500 \u043d\u0430\u0438\u043c\u0435\u043d\u043e\u0432\u0430\u043d\u0438\u0439 \u043f\u0440\u043e\u0434\u0443\u043a\u0446\u0438\u0438. \u0411\u0435\u0441\u043f\u043b\u0430\u0442\u043d\u0430\u044f \u0434\u043e\u0441\u0442\u0430\u0432\u043a\u0430 \u043e\u0442 20 \u0435\u0432\u0440\u043e","breadcrumb":{"@id":"https:\/\/test.biopapa.lt\/ru\/biopapa-organic-healthy-organic-products\/#breadcrumb"},"inLanguage":"ru-RU","potentialAction":[{"@type":"ReadAction","target":["https:\/\/test.biopapa.lt\/ru\/biopapa-organic-healthy-organic-products\/"]}]},{"@type":"BreadcrumbList","@id":"https:\/\/test.biopapa.lt\/ru\/biopapa-organic-healthy-organic-products\/#breadcrumb","itemListElement":[{"@type":"ListItem","position":1,"name":"Home","item":"https:\/\/test.biopapa.lt\/ru\/"},{"@type":"ListItem","position":2,"name":"Biopapa"}]},{"@type":"WebSite","@id":"https:\/\/test.biopapa.lt\/#website","url":"https:\/\/test.biopapa.lt\/","name":"Biopapa","description":"\u0160var\u016bs ekologi\u0161ki produktai","publisher":{"@id":"https:\/\/test.biopapa.lt\/#organization"},"potentialAction":[{"@type":"SearchAction","target":{"@type":"EntryPoint","urlTemplate":"https:\/\/test.biopapa.lt\/?s={search_term_string}"},"query-input":{"@type":"PropertyValueSpecification","valueRequired":true,"valueName":"search_term_string"}}],"inLanguage":"ru-RU"},{"@type":"Organization","@id":"https:\/\/test.biopapa.lt\/#organization","name":"Biopapa","url":"https:\/\/test.biopapa.lt\/","logo":{"@type":"ImageObject","inLanguage":"ru-RU","@id":"https:\/\/test.biopapa.lt\/#\/schema\/logo\/image\/","url":"https:\/\/www.biopapa.lt\/wp-content\/uploads\/2022\/04\/facebook_biopapa.jpg","contentUrl":"https:\/\/www.biopapa.lt\/wp-content\/uploads\/2022\/04\/facebook_biopapa.jpg","width":1733,"height":907,"caption":"Biopapa"},"image":{"@id":"https:\/\/test.biopapa.lt\/#\/schema\/logo\/image\/"},"sameAs":["https:\/\/www.facebook.com\/biopapa.lt"]}]}},"_links":{"self":[{"href":"https:\/\/test.biopapa.lt\/ru\/wp-json\/wp\/v2\/pages\/35909","targetHints":{"allow":["GET"]}}],"collection":[{"href":"https:\/\/test.biopapa.lt\/ru\/wp-json\/wp\/v2\/pages"}],"about":[{"href":"https:\/\/test.biopapa.lt\/ru\/wp-json\/wp\/v2\/types\/page"}],"author":[{"embeddable":true,"href":"https:\/\/test.biopapa.lt\/ru\/wp-json\/wp\/v2\/users\/265"}],"replies":[{"embeddable":true,"href":"https:\/\/test.biopapa.lt\/ru\/wp-json\/wp\/v2\/comments?post=35909"}],"version-history":[{"count":0,"href":"https:\/\/test.biopapa.lt\/ru\/wp-json\/wp\/v2\/pages\/35909\/revisions"}],"wp:attachment":[{"href":"https:\/\/test.biopapa.lt\/ru\/wp-json\/wp\/v2\/media?parent=35909"}],"curies":[{"name":"wp","href":"https:\/\/api.w.org\/{rel}","templated":true}]}}