{"id":54428,"date":"2024-08-05T16:27:33","date_gmt":"2024-08-05T13:27:33","guid":{"rendered":"https:\/\/www.biopapa.lt\/?post_type=product&#038;p=54428"},"modified":"2024-11-15T14:22:19","modified_gmt":"2024-11-15T12:22:19","slug":"ritual-incense-dragon-blood-8-pcs","status":"publish","type":"product","link":"https:\/\/test.biopapa.lt\/en\/produktas\/ritual-incense-dragon-blood-8-pcs\/","title":{"rendered":"Ritual incense Dragon Blood, 8 pcs."},"content":{"rendered":"<p><strong>Dragon Blood Ritual Resin Incense, 8 pcs<br \/>\n<\/strong>Awaken your inner strength and courage with Dragon Blood Ritual Resin Incense. This mystical fragrance combines resins from various plants to create an enchanting and intoxicating scent. Ideal for enriching your meditation and spiritual practices. Burning time: 50 &#8211; 60 minutes per stick<br \/>\nDimensions: 6x2x23 (cm), stick length approx. 20 cm. Natural | Handmade | Ethically produced product | Sustainable packaging  <\/p>\n","protected":false},"excerpt":{"rendered":"<p>Dragon Blood Ritual Resin Incense, 8 pcs Awaken your inner strength and courage with Dragon Blood Ritual Resin Incense. This<\/p>\n","protected":false},"featured_media":54431,"template":"","meta":{"_acf_changed":false},"product_brand":[],"product_cat":[1988,1992,2500],"product_tag":[2064,2088],"class_list":{"0":"post-54428","1":"product","2":"type-product","3":"status-publish","4":"has-post-thumbnail","6":"product_cat-home","7":"product_cat-home-scent","8":"product_cat-natural-tibetan-incense-harmony-30-pcs","9":"product_tag-natural-incense","10":"product_tag-vegan","12":"first","13":"instock","14":"shipping-taxable","15":"purchasable","16":"product-type-simple"},"acf":[],"yoast_head":"<!-- This site is optimized with the Yoast SEO plugin v27.6 - https:\/\/yoast.com\/product\/yoast-seo-wordpress\/ -->\n<title>Ritual incense Dragon Blood, 8 pcs. - Biopapa<\/title>\n<meta name=\"description\" content=\"Awaken your inner strength and courage with Dragon Blood Ritual resin incense.\" \/>\n<meta name=\"robots\" content=\"index, follow, max-snippet:-1, max-image-preview:large, max-video-preview:-1\" \/>\n<link rel=\"canonical\" href=\"https:\/\/test.biopapa.lt\/en\/produktas\/ritual-incense-dragon-blood-8-pcs\/\" \/>\n<meta property=\"og:locale\" content=\"en_US\" \/>\n<meta property=\"og:type\" content=\"article\" \/>\n<meta property=\"og:title\" content=\"Ritual incense Dragon Blood, 8 pcs. - Biopapa\" \/>\n<meta property=\"og:description\" content=\"Awaken your inner strength and courage with Dragon Blood Ritual resin incense.\" \/>\n<meta property=\"og:url\" content=\"https:\/\/test.biopapa.lt\/en\/produktas\/ritual-incense-dragon-blood-8-pcs\/\" \/>\n<meta property=\"og:site_name\" content=\"Biopapa\" \/>\n<meta property=\"article:publisher\" content=\"https:\/\/www.facebook.com\/biopapa.lt\" \/>\n<meta property=\"article:modified_time\" content=\"2024-11-15T12:22:19+00:00\" \/>\n<meta property=\"og:image\" content=\"https:\/\/test.biopapa.lt\/wp-content\/uploads\/2024\/08\/dragon.jpg\" \/>\n\t<meta property=\"og:image:width\" content=\"800\" \/>\n\t<meta property=\"og:image:height\" content=\"640\" \/>\n\t<meta property=\"og:image:type\" content=\"image\/jpeg\" \/>\n<meta name=\"twitter:card\" content=\"summary_large_image\" \/>\n<script type=\"application\/ld+json\" class=\"yoast-schema-graph\">{\"@context\":\"https:\\\/\\\/schema.org\",\"@graph\":[{\"@type\":\"WebPage\",\"@id\":\"https:\\\/\\\/test.biopapa.lt\\\/en\\\/produktas\\\/ritual-incense-dragon-blood-8-pcs\\\/\",\"url\":\"https:\\\/\\\/test.biopapa.lt\\\/en\\\/produktas\\\/ritual-incense-dragon-blood-8-pcs\\\/\",\"name\":\"Ritual incense Dragon Blood, 8 pcs. - Biopapa\",\"isPartOf\":{\"@id\":\"https:\\\/\\\/test.biopapa.lt\\\/#website\"},\"primaryImageOfPage\":{\"@id\":\"https:\\\/\\\/test.biopapa.lt\\\/en\\\/produktas\\\/ritual-incense-dragon-blood-8-pcs\\\/#primaryimage\"},\"image\":{\"@id\":\"https:\\\/\\\/test.biopapa.lt\\\/en\\\/produktas\\\/ritual-incense-dragon-blood-8-pcs\\\/#primaryimage\"},\"thumbnailUrl\":\"https:\\\/\\\/test.biopapa.lt\\\/wp-content\\\/uploads\\\/2024\\\/08\\\/dragon.jpg\",\"datePublished\":\"2024-08-05T13:27:33+00:00\",\"dateModified\":\"2024-11-15T12:22:19+00:00\",\"description\":\"Awaken your inner strength and courage with Dragon Blood Ritual resin incense.\",\"breadcrumb\":{\"@id\":\"https:\\\/\\\/test.biopapa.lt\\\/en\\\/produktas\\\/ritual-incense-dragon-blood-8-pcs\\\/#breadcrumb\"},\"inLanguage\":\"en-US\",\"potentialAction\":[{\"@type\":\"ReadAction\",\"target\":[\"https:\\\/\\\/test.biopapa.lt\\\/en\\\/produktas\\\/ritual-incense-dragon-blood-8-pcs\\\/\"]}]},{\"@type\":\"ImageObject\",\"inLanguage\":\"en-US\",\"@id\":\"https:\\\/\\\/test.biopapa.lt\\\/en\\\/produktas\\\/ritual-incense-dragon-blood-8-pcs\\\/#primaryimage\",\"url\":\"https:\\\/\\\/test.biopapa.lt\\\/wp-content\\\/uploads\\\/2024\\\/08\\\/dragon.jpg\",\"contentUrl\":\"https:\\\/\\\/test.biopapa.lt\\\/wp-content\\\/uploads\\\/2024\\\/08\\\/dragon.jpg\",\"width\":800,\"height\":640},{\"@type\":\"BreadcrumbList\",\"@id\":\"https:\\\/\\\/test.biopapa.lt\\\/en\\\/produktas\\\/ritual-incense-dragon-blood-8-pcs\\\/#breadcrumb\",\"itemListElement\":[{\"@type\":\"ListItem\",\"position\":1,\"name\":\"Home\",\"item\":\"https:\\\/\\\/test.biopapa.lt\\\/en\\\/\"},{\"@type\":\"ListItem\",\"position\":2,\"name\":\"Shop\",\"item\":\"https:\\\/\\\/test.biopapa.lt\\\/en\\\/shop\\\/\"},{\"@type\":\"ListItem\",\"position\":3,\"name\":\"Ritual incense Dragon Blood, 8 pcs.\"}]},{\"@type\":\"WebSite\",\"@id\":\"https:\\\/\\\/test.biopapa.lt\\\/#website\",\"url\":\"https:\\\/\\\/test.biopapa.lt\\\/\",\"name\":\"Biopapa\",\"description\":\"\u0160var\u016bs ekologi\u0161ki produktai\",\"publisher\":{\"@id\":\"https:\\\/\\\/test.biopapa.lt\\\/#organization\"},\"potentialAction\":[{\"@type\":\"SearchAction\",\"target\":{\"@type\":\"EntryPoint\",\"urlTemplate\":\"https:\\\/\\\/test.biopapa.lt\\\/?s={search_term_string}\"},\"query-input\":{\"@type\":\"PropertyValueSpecification\",\"valueRequired\":true,\"valueName\":\"search_term_string\"}}],\"inLanguage\":\"en-US\"},{\"@type\":\"Organization\",\"@id\":\"https:\\\/\\\/test.biopapa.lt\\\/#organization\",\"name\":\"Biopapa\",\"url\":\"https:\\\/\\\/test.biopapa.lt\\\/\",\"logo\":{\"@type\":\"ImageObject\",\"inLanguage\":\"en-US\",\"@id\":\"https:\\\/\\\/test.biopapa.lt\\\/#\\\/schema\\\/logo\\\/image\\\/\",\"url\":\"https:\\\/\\\/www.biopapa.lt\\\/wp-content\\\/uploads\\\/2022\\\/04\\\/facebook_biopapa.jpg\",\"contentUrl\":\"https:\\\/\\\/www.biopapa.lt\\\/wp-content\\\/uploads\\\/2022\\\/04\\\/facebook_biopapa.jpg\",\"width\":1733,\"height\":907,\"caption\":\"Biopapa\"},\"image\":{\"@id\":\"https:\\\/\\\/test.biopapa.lt\\\/#\\\/schema\\\/logo\\\/image\\\/\"},\"sameAs\":[\"https:\\\/\\\/www.facebook.com\\\/biopapa.lt\"]}]}<\/script>\n<!-- \/ Yoast SEO plugin. -->","yoast_head_json":{"title":"Ritual incense Dragon Blood, 8 pcs. - Biopapa","description":"Awaken your inner strength and courage with Dragon Blood Ritual resin incense.","robots":{"index":"index","follow":"follow","max-snippet":"max-snippet:-1","max-image-preview":"max-image-preview:large","max-video-preview":"max-video-preview:-1"},"canonical":"https:\/\/test.biopapa.lt\/en\/produktas\/ritual-incense-dragon-blood-8-pcs\/","og_locale":"en_US","og_type":"article","og_title":"Ritual incense Dragon Blood, 8 pcs. - Biopapa","og_description":"Awaken your inner strength and courage with Dragon Blood Ritual resin incense.","og_url":"https:\/\/test.biopapa.lt\/en\/produktas\/ritual-incense-dragon-blood-8-pcs\/","og_site_name":"Biopapa","article_publisher":"https:\/\/www.facebook.com\/biopapa.lt","article_modified_time":"2024-11-15T12:22:19+00:00","og_image":[{"width":800,"height":640,"url":"https:\/\/test.biopapa.lt\/wp-content\/uploads\/2024\/08\/dragon.jpg","type":"image\/jpeg"}],"twitter_card":"summary_large_image","schema":{"@context":"https:\/\/schema.org","@graph":[{"@type":"WebPage","@id":"https:\/\/test.biopapa.lt\/en\/produktas\/ritual-incense-dragon-blood-8-pcs\/","url":"https:\/\/test.biopapa.lt\/en\/produktas\/ritual-incense-dragon-blood-8-pcs\/","name":"Ritual incense Dragon Blood, 8 pcs. - Biopapa","isPartOf":{"@id":"https:\/\/test.biopapa.lt\/#website"},"primaryImageOfPage":{"@id":"https:\/\/test.biopapa.lt\/en\/produktas\/ritual-incense-dragon-blood-8-pcs\/#primaryimage"},"image":{"@id":"https:\/\/test.biopapa.lt\/en\/produktas\/ritual-incense-dragon-blood-8-pcs\/#primaryimage"},"thumbnailUrl":"https:\/\/test.biopapa.lt\/wp-content\/uploads\/2024\/08\/dragon.jpg","datePublished":"2024-08-05T13:27:33+00:00","dateModified":"2024-11-15T12:22:19+00:00","description":"Awaken your inner strength and courage with Dragon Blood Ritual resin incense.","breadcrumb":{"@id":"https:\/\/test.biopapa.lt\/en\/produktas\/ritual-incense-dragon-blood-8-pcs\/#breadcrumb"},"inLanguage":"en-US","potentialAction":[{"@type":"ReadAction","target":["https:\/\/test.biopapa.lt\/en\/produktas\/ritual-incense-dragon-blood-8-pcs\/"]}]},{"@type":"ImageObject","inLanguage":"en-US","@id":"https:\/\/test.biopapa.lt\/en\/produktas\/ritual-incense-dragon-blood-8-pcs\/#primaryimage","url":"https:\/\/test.biopapa.lt\/wp-content\/uploads\/2024\/08\/dragon.jpg","contentUrl":"https:\/\/test.biopapa.lt\/wp-content\/uploads\/2024\/08\/dragon.jpg","width":800,"height":640},{"@type":"BreadcrumbList","@id":"https:\/\/test.biopapa.lt\/en\/produktas\/ritual-incense-dragon-blood-8-pcs\/#breadcrumb","itemListElement":[{"@type":"ListItem","position":1,"name":"Home","item":"https:\/\/test.biopapa.lt\/en\/"},{"@type":"ListItem","position":2,"name":"Shop","item":"https:\/\/test.biopapa.lt\/en\/shop\/"},{"@type":"ListItem","position":3,"name":"Ritual incense Dragon Blood, 8 pcs."}]},{"@type":"WebSite","@id":"https:\/\/test.biopapa.lt\/#website","url":"https:\/\/test.biopapa.lt\/","name":"Biopapa","description":"\u0160var\u016bs ekologi\u0161ki produktai","publisher":{"@id":"https:\/\/test.biopapa.lt\/#organization"},"potentialAction":[{"@type":"SearchAction","target":{"@type":"EntryPoint","urlTemplate":"https:\/\/test.biopapa.lt\/?s={search_term_string}"},"query-input":{"@type":"PropertyValueSpecification","valueRequired":true,"valueName":"search_term_string"}}],"inLanguage":"en-US"},{"@type":"Organization","@id":"https:\/\/test.biopapa.lt\/#organization","name":"Biopapa","url":"https:\/\/test.biopapa.lt\/","logo":{"@type":"ImageObject","inLanguage":"en-US","@id":"https:\/\/test.biopapa.lt\/#\/schema\/logo\/image\/","url":"https:\/\/www.biopapa.lt\/wp-content\/uploads\/2022\/04\/facebook_biopapa.jpg","contentUrl":"https:\/\/www.biopapa.lt\/wp-content\/uploads\/2022\/04\/facebook_biopapa.jpg","width":1733,"height":907,"caption":"Biopapa"},"image":{"@id":"https:\/\/test.biopapa.lt\/#\/schema\/logo\/image\/"},"sameAs":["https:\/\/www.facebook.com\/biopapa.lt"]}]}},"_links":{"self":[{"href":"https:\/\/test.biopapa.lt\/en\/wp-json\/wp\/v2\/product\/54428","targetHints":{"allow":["GET"]}}],"collection":[{"href":"https:\/\/test.biopapa.lt\/en\/wp-json\/wp\/v2\/product"}],"about":[{"href":"https:\/\/test.biopapa.lt\/en\/wp-json\/wp\/v2\/types\/product"}],"wp:featuredmedia":[{"embeddable":true,"href":"https:\/\/test.biopapa.lt\/en\/wp-json\/wp\/v2\/media\/54431"}],"wp:attachment":[{"href":"https:\/\/test.biopapa.lt\/en\/wp-json\/wp\/v2\/media?parent=54428"}],"wp:term":[{"taxonomy":"product_brand","embeddable":true,"href":"https:\/\/test.biopapa.lt\/en\/wp-json\/wp\/v2\/product_brand?post=54428"},{"taxonomy":"product_cat","embeddable":true,"href":"https:\/\/test.biopapa.lt\/en\/wp-json\/wp\/v2\/product_cat?post=54428"},{"taxonomy":"product_tag","embeddable":true,"href":"https:\/\/test.biopapa.lt\/en\/wp-json\/wp\/v2\/product_tag?post=54428"}],"curies":[{"name":"wp","href":"https:\/\/api.w.org\/{rel}","templated":true}]}}