{"id":38205,"date":"2023-10-13T16:14:59","date_gmt":"2023-10-13T13:14:59","guid":{"rendered":"https:\/\/www.biopapa.lt\/?post_type=product&#038;p=38205"},"modified":"2026-02-09T16:53:22","modified_gmt":"2026-02-09T14:53:22","slug":"organic-vanilla-pod","status":"publish","type":"product","link":"https:\/\/test.biopapa.lt\/en\/produktas\/organic-vanilla-pod\/","title":{"rendered":"Organic vanilla pod"},"content":{"rendered":"<p><strong>Organic vanilla pod<\/strong> ((one pod weighs about 3 g)<\/p>\n<p>Vanilla pods, also known as vanilla beans, have many benefits and uses that go beyond their wonderful taste and aroma.<br \/>\nOne of the main benefits of vanilla pods is their natural sweetening properties. Adding vanilla to a variety of dishes can reduce the need for added sugars, making it a healthier alternative for those who want to cut down on refined sugars.<br \/>\nIn addition, vanilla pods are rich in antioxidants that can help fight free radicals and reduce the risk of chronic diseases. These antioxidants may also have anti-inflammatory properties, which can support overall health.<br \/>\nVanilla pods are widely used in cooking. They are a key ingredient in many desserts, including ice creams, custards and cakes, as they provide a sweet and aromatic flavour. In addition to sweet dishes, vanilla can enhance the flavour of savoury dishes, such as sauces and marinades, by providing a unique balance and complementing different ingredients.<\/p>\n<p> <em> How to use<br \/>\n<\/em>In many recipes, you need to split the vanilla pod, scoop out the seeds and use both the seeds and the pod to get the flavour.<br \/>\nOne vanilla pod is usually enough for a normal recipe. Cut the pod lengthwise and scoop out the seeds, which contain a concentrated vanilla aroma.<br \/>\nIf you want a stronger vanilla aroma, you can use more pods.<\/p>\n<p>In addition to cooking, vanilla pods are often used in perfumery and aromatherapy for their potentially calming and soothing scent. In addition, vanilla extract from the pods is used in a variety of cosmetics and personal care products, as it can provide a pleasant scent and a relaxing effect.<br \/>\nIn general, vanilla pods are a versatile and multi-purpose ingredient, valued for their taste, smell and potential health benefits.<\/p>\n<p><em>NOTE. The information provided on this website shall not be construed as a recommendation for treatment or any other form of health advice. We encourage you to make personal decisions about your personal health, taking into account a wide range of sources of information.<\/em><\/p>\n","protected":false},"excerpt":{"rendered":"<p>Organic vanilla pod ((one pod weighs about 3 g) Vanilla pods, also known as vanilla beans, have many benefits and<\/p>\n","protected":false},"featured_media":38421,"template":"","meta":{"_acf_changed":false},"product_brand":[],"product_cat":[1853],"product_tag":[2519],"class_list":{"0":"post-38205","1":"product","2":"type-product","3":"status-publish","4":"has-post-thumbnail","6":"product_cat-spices","7":"product_tag-vegan-en","9":"first","10":"outofstock","11":"shipping-taxable","12":"purchasable","13":"product-type-simple"},"acf":[],"yoast_head":"<!-- This site is optimized with the Yoast SEO plugin v27.6 - https:\/\/yoast.com\/product\/yoast-seo-wordpress\/ -->\n<title>Organic vanilla pod - Biopapa<\/title>\n<meta name=\"description\" content=\"One of the main benefits of vanilla pods is their natural sweetening properties. Adding vanilla to a variety of dishes can reduce the need for added sugars, making it a healthier alternative for those who want to cut down on refined sugars.\" \/>\n<meta name=\"robots\" content=\"index, follow, max-snippet:-1, max-image-preview:large, max-video-preview:-1\" \/>\n<link rel=\"canonical\" href=\"https:\/\/test.biopapa.lt\/en\/produktas\/organic-vanilla-pod\/\" \/>\n<meta property=\"og:locale\" content=\"en_US\" \/>\n<meta property=\"og:type\" content=\"article\" \/>\n<meta property=\"og:title\" content=\"Organic vanilla pod - Biopapa\" \/>\n<meta property=\"og:description\" content=\"One of the main benefits of vanilla pods is their natural sweetening properties. Adding vanilla to a variety of dishes can reduce the need for added sugars, making it a healthier alternative for those who want to cut down on refined sugars.\" \/>\n<meta property=\"og:url\" content=\"https:\/\/test.biopapa.lt\/en\/produktas\/organic-vanilla-pod\/\" \/>\n<meta property=\"og:site_name\" content=\"Biopapa\" \/>\n<meta property=\"article:publisher\" content=\"https:\/\/www.facebook.com\/biopapa.lt\" \/>\n<meta property=\"article:modified_time\" content=\"2026-02-09T14:53:22+00:00\" \/>\n<meta property=\"og:image\" content=\"https:\/\/test.biopapa.lt\/wp-content\/uploads\/2023\/10\/Ekologiska-vanile-1024x819.png\" \/>\n\t<meta property=\"og:image:width\" content=\"1024\" \/>\n\t<meta property=\"og:image:height\" content=\"819\" \/>\n\t<meta property=\"og:image:type\" content=\"image\/png\" \/>\n<meta name=\"twitter:card\" content=\"summary_large_image\" \/>\n<script type=\"application\/ld+json\" class=\"yoast-schema-graph\">{\"@context\":\"https:\\\/\\\/schema.org\",\"@graph\":[{\"@type\":\"WebPage\",\"@id\":\"https:\\\/\\\/test.biopapa.lt\\\/en\\\/produktas\\\/organic-vanilla-pod\\\/\",\"url\":\"https:\\\/\\\/test.biopapa.lt\\\/en\\\/produktas\\\/organic-vanilla-pod\\\/\",\"name\":\"Organic vanilla pod - Biopapa\",\"isPartOf\":{\"@id\":\"https:\\\/\\\/test.biopapa.lt\\\/#website\"},\"primaryImageOfPage\":{\"@id\":\"https:\\\/\\\/test.biopapa.lt\\\/en\\\/produktas\\\/organic-vanilla-pod\\\/#primaryimage\"},\"image\":{\"@id\":\"https:\\\/\\\/test.biopapa.lt\\\/en\\\/produktas\\\/organic-vanilla-pod\\\/#primaryimage\"},\"thumbnailUrl\":\"https:\\\/\\\/test.biopapa.lt\\\/wp-content\\\/uploads\\\/2023\\\/10\\\/Ekologiska-vanile.png\",\"datePublished\":\"2023-10-13T13:14:59+00:00\",\"dateModified\":\"2026-02-09T14:53:22+00:00\",\"description\":\"One of the main benefits of vanilla pods is their natural sweetening properties. Adding vanilla to a variety of dishes can reduce the need for added sugars, making it a healthier alternative for those who want to cut down on refined sugars.\",\"breadcrumb\":{\"@id\":\"https:\\\/\\\/test.biopapa.lt\\\/en\\\/produktas\\\/organic-vanilla-pod\\\/#breadcrumb\"},\"inLanguage\":\"en-US\",\"potentialAction\":[{\"@type\":\"ReadAction\",\"target\":[\"https:\\\/\\\/test.biopapa.lt\\\/en\\\/produktas\\\/organic-vanilla-pod\\\/\"]}]},{\"@type\":\"ImageObject\",\"inLanguage\":\"en-US\",\"@id\":\"https:\\\/\\\/test.biopapa.lt\\\/en\\\/produktas\\\/organic-vanilla-pod\\\/#primaryimage\",\"url\":\"https:\\\/\\\/test.biopapa.lt\\\/wp-content\\\/uploads\\\/2023\\\/10\\\/Ekologiska-vanile.png\",\"contentUrl\":\"https:\\\/\\\/test.biopapa.lt\\\/wp-content\\\/uploads\\\/2023\\\/10\\\/Ekologiska-vanile.png\",\"width\":1600,\"height\":1280},{\"@type\":\"BreadcrumbList\",\"@id\":\"https:\\\/\\\/test.biopapa.lt\\\/en\\\/produktas\\\/organic-vanilla-pod\\\/#breadcrumb\",\"itemListElement\":[{\"@type\":\"ListItem\",\"position\":1,\"name\":\"Home\",\"item\":\"https:\\\/\\\/test.biopapa.lt\\\/en\\\/\"},{\"@type\":\"ListItem\",\"position\":2,\"name\":\"Shop\",\"item\":\"https:\\\/\\\/test.biopapa.lt\\\/en\\\/shop\\\/\"},{\"@type\":\"ListItem\",\"position\":3,\"name\":\"Organic vanilla pod\"}]},{\"@type\":\"WebSite\",\"@id\":\"https:\\\/\\\/test.biopapa.lt\\\/#website\",\"url\":\"https:\\\/\\\/test.biopapa.lt\\\/\",\"name\":\"Biopapa\",\"description\":\"\u0160var\u016bs ekologi\u0161ki produktai\",\"publisher\":{\"@id\":\"https:\\\/\\\/test.biopapa.lt\\\/#organization\"},\"potentialAction\":[{\"@type\":\"SearchAction\",\"target\":{\"@type\":\"EntryPoint\",\"urlTemplate\":\"https:\\\/\\\/test.biopapa.lt\\\/?s={search_term_string}\"},\"query-input\":{\"@type\":\"PropertyValueSpecification\",\"valueRequired\":true,\"valueName\":\"search_term_string\"}}],\"inLanguage\":\"en-US\"},{\"@type\":\"Organization\",\"@id\":\"https:\\\/\\\/test.biopapa.lt\\\/#organization\",\"name\":\"Biopapa\",\"url\":\"https:\\\/\\\/test.biopapa.lt\\\/\",\"logo\":{\"@type\":\"ImageObject\",\"inLanguage\":\"en-US\",\"@id\":\"https:\\\/\\\/test.biopapa.lt\\\/#\\\/schema\\\/logo\\\/image\\\/\",\"url\":\"https:\\\/\\\/www.biopapa.lt\\\/wp-content\\\/uploads\\\/2022\\\/04\\\/facebook_biopapa.jpg\",\"contentUrl\":\"https:\\\/\\\/www.biopapa.lt\\\/wp-content\\\/uploads\\\/2022\\\/04\\\/facebook_biopapa.jpg\",\"width\":1733,\"height\":907,\"caption\":\"Biopapa\"},\"image\":{\"@id\":\"https:\\\/\\\/test.biopapa.lt\\\/#\\\/schema\\\/logo\\\/image\\\/\"},\"sameAs\":[\"https:\\\/\\\/www.facebook.com\\\/biopapa.lt\"]}]}<\/script>\n<!-- \/ Yoast SEO plugin. -->","yoast_head_json":{"title":"Organic vanilla pod - Biopapa","description":"One of the main benefits of vanilla pods is their natural sweetening properties. Adding vanilla to a variety of dishes can reduce the need for added sugars, making it a healthier alternative for those who want to cut down on refined sugars.","robots":{"index":"index","follow":"follow","max-snippet":"max-snippet:-1","max-image-preview":"max-image-preview:large","max-video-preview":"max-video-preview:-1"},"canonical":"https:\/\/test.biopapa.lt\/en\/produktas\/organic-vanilla-pod\/","og_locale":"en_US","og_type":"article","og_title":"Organic vanilla pod - Biopapa","og_description":"One of the main benefits of vanilla pods is their natural sweetening properties. Adding vanilla to a variety of dishes can reduce the need for added sugars, making it a healthier alternative for those who want to cut down on refined sugars.","og_url":"https:\/\/test.biopapa.lt\/en\/produktas\/organic-vanilla-pod\/","og_site_name":"Biopapa","article_publisher":"https:\/\/www.facebook.com\/biopapa.lt","article_modified_time":"2026-02-09T14:53:22+00:00","og_image":[{"width":1024,"height":819,"url":"https:\/\/test.biopapa.lt\/wp-content\/uploads\/2023\/10\/Ekologiska-vanile-1024x819.png","type":"image\/png"}],"twitter_card":"summary_large_image","schema":{"@context":"https:\/\/schema.org","@graph":[{"@type":"WebPage","@id":"https:\/\/test.biopapa.lt\/en\/produktas\/organic-vanilla-pod\/","url":"https:\/\/test.biopapa.lt\/en\/produktas\/organic-vanilla-pod\/","name":"Organic vanilla pod - Biopapa","isPartOf":{"@id":"https:\/\/test.biopapa.lt\/#website"},"primaryImageOfPage":{"@id":"https:\/\/test.biopapa.lt\/en\/produktas\/organic-vanilla-pod\/#primaryimage"},"image":{"@id":"https:\/\/test.biopapa.lt\/en\/produktas\/organic-vanilla-pod\/#primaryimage"},"thumbnailUrl":"https:\/\/test.biopapa.lt\/wp-content\/uploads\/2023\/10\/Ekologiska-vanile.png","datePublished":"2023-10-13T13:14:59+00:00","dateModified":"2026-02-09T14:53:22+00:00","description":"One of the main benefits of vanilla pods is their natural sweetening properties. Adding vanilla to a variety of dishes can reduce the need for added sugars, making it a healthier alternative for those who want to cut down on refined sugars.","breadcrumb":{"@id":"https:\/\/test.biopapa.lt\/en\/produktas\/organic-vanilla-pod\/#breadcrumb"},"inLanguage":"en-US","potentialAction":[{"@type":"ReadAction","target":["https:\/\/test.biopapa.lt\/en\/produktas\/organic-vanilla-pod\/"]}]},{"@type":"ImageObject","inLanguage":"en-US","@id":"https:\/\/test.biopapa.lt\/en\/produktas\/organic-vanilla-pod\/#primaryimage","url":"https:\/\/test.biopapa.lt\/wp-content\/uploads\/2023\/10\/Ekologiska-vanile.png","contentUrl":"https:\/\/test.biopapa.lt\/wp-content\/uploads\/2023\/10\/Ekologiska-vanile.png","width":1600,"height":1280},{"@type":"BreadcrumbList","@id":"https:\/\/test.biopapa.lt\/en\/produktas\/organic-vanilla-pod\/#breadcrumb","itemListElement":[{"@type":"ListItem","position":1,"name":"Home","item":"https:\/\/test.biopapa.lt\/en\/"},{"@type":"ListItem","position":2,"name":"Shop","item":"https:\/\/test.biopapa.lt\/en\/shop\/"},{"@type":"ListItem","position":3,"name":"Organic vanilla pod"}]},{"@type":"WebSite","@id":"https:\/\/test.biopapa.lt\/#website","url":"https:\/\/test.biopapa.lt\/","name":"Biopapa","description":"\u0160var\u016bs ekologi\u0161ki produktai","publisher":{"@id":"https:\/\/test.biopapa.lt\/#organization"},"potentialAction":[{"@type":"SearchAction","target":{"@type":"EntryPoint","urlTemplate":"https:\/\/test.biopapa.lt\/?s={search_term_string}"},"query-input":{"@type":"PropertyValueSpecification","valueRequired":true,"valueName":"search_term_string"}}],"inLanguage":"en-US"},{"@type":"Organization","@id":"https:\/\/test.biopapa.lt\/#organization","name":"Biopapa","url":"https:\/\/test.biopapa.lt\/","logo":{"@type":"ImageObject","inLanguage":"en-US","@id":"https:\/\/test.biopapa.lt\/#\/schema\/logo\/image\/","url":"https:\/\/www.biopapa.lt\/wp-content\/uploads\/2022\/04\/facebook_biopapa.jpg","contentUrl":"https:\/\/www.biopapa.lt\/wp-content\/uploads\/2022\/04\/facebook_biopapa.jpg","width":1733,"height":907,"caption":"Biopapa"},"image":{"@id":"https:\/\/test.biopapa.lt\/#\/schema\/logo\/image\/"},"sameAs":["https:\/\/www.facebook.com\/biopapa.lt"]}]}},"_links":{"self":[{"href":"https:\/\/test.biopapa.lt\/en\/wp-json\/wp\/v2\/product\/38205","targetHints":{"allow":["GET"]}}],"collection":[{"href":"https:\/\/test.biopapa.lt\/en\/wp-json\/wp\/v2\/product"}],"about":[{"href":"https:\/\/test.biopapa.lt\/en\/wp-json\/wp\/v2\/types\/product"}],"wp:featuredmedia":[{"embeddable":true,"href":"https:\/\/test.biopapa.lt\/en\/wp-json\/wp\/v2\/media\/38421"}],"wp:attachment":[{"href":"https:\/\/test.biopapa.lt\/en\/wp-json\/wp\/v2\/media?parent=38205"}],"wp:term":[{"taxonomy":"product_brand","embeddable":true,"href":"https:\/\/test.biopapa.lt\/en\/wp-json\/wp\/v2\/product_brand?post=38205"},{"taxonomy":"product_cat","embeddable":true,"href":"https:\/\/test.biopapa.lt\/en\/wp-json\/wp\/v2\/product_cat?post=38205"},{"taxonomy":"product_tag","embeddable":true,"href":"https:\/\/test.biopapa.lt\/en\/wp-json\/wp\/v2\/product_tag?post=38205"}],"curies":[{"name":"wp","href":"https:\/\/api.w.org\/{rel}","templated":true}]}}