{"id":36480,"date":"2022-05-30T18:34:07","date_gmt":"2022-05-30T15:34:07","guid":{"rendered":"https:\/\/www.biopapa.lt\/produktas\/organic-black-cumin-oil-100-ml-unrefined-cold-pressed\/"},"modified":"2026-03-16T09:08:37","modified_gmt":"2026-03-16T07:08:37","slug":"organic-nigelia-black-cumin-oil-100-ml","status":"publish","type":"product","link":"https:\/\/test.biopapa.lt\/en\/produktas\/organic-nigelia-black-cumin-oil-100-ml\/","title":{"rendered":"Organic black cumin oil 100 ml, unrefined, cold pressed"},"content":{"rendered":"<p>Black cumin oil, derived from the seeds of the Nigella sativa plant, has earned an important place in the world of wellness.<br \/>\nBlack cumin, or Kalonji, is a flowering plant that grows in the South and South-West Asian regions. Although popularly known as black cumin, it should not be confused with &#8216;Kala Jeera&#8217;, which belongs to the Biniu bulbocastanum family.<\/p>\n<p><em>Caution<\/em><br \/>\nAlthough it is generally safe to consume, some people may be sensitive to the seeds or oil of blackstrap seeds. If you are a first time user, it is advisable to start with a small amount.<br \/>\nFor those with serious medical conditions, please be careful when using Edelweiss seeds or Edelweiss oil as a supplement or medicine.<br \/>\nIt is not recommended for use by women who are pregnant or breastfeeding. <\/p>\n<p><em>Usage and dosage<\/em><br \/>\nWhen taking blackcress oil orally, it is important to follow the recommended dosage to avoid possible side effects such as indigestion.<\/p>\n<p><strong>The recommended daily dose<\/strong> is one teaspoon. Always start with a lower dose.<\/p>\n<p><em>Culinary Adventures<\/em><br \/>\nSome culinary enthusiasts add blackcurrant oil to salad dressings or simply drizzle it on dishes for a unique taste.<\/p>\n<p><em>Care for cracked heels<\/em><br \/>\nThere are many reasons why heels can crack. Obesity, poor footwear, lack of moisture can all cause unpleasant and painful heel splints.<br \/>\nRub the affected area with black seed oil.  You can also mix blackcurrant oil with lemon juice and massage your heels or feet. This mixture not only cleanses bacteria but also softens the skin.<\/p>\n<p>Sources<br \/>\nhttps:\/\/www.healthline.com<br \/>\nhttps:\/\/www.netmeds.com<\/p>\n<p><em>NOTE. The information contained herein should not be construed as a recommendation for treatment or other health issues. We encourage you to make personal decisions about your personal health, taking into account a wide range of sources of information.<\/em><\/p>\n","protected":false},"excerpt":{"rendered":"<p>Black cumin oil, derived from the seeds of the Nigella sativa plant, has earned an important place in the world<\/p>\n","protected":false},"featured_media":51996,"template":"","meta":{"_acf_changed":false},"product_brand":[],"product_cat":[1952,1840,2686],"product_tag":[2056,2092,2088],"class_list":{"0":"post-36480","1":"product","2":"type-product","3":"status-publish","4":"has-post-thumbnail","6":"product_cat-oil","7":"product_cat-oil-vinegar-and-sauces","8":"product_cat-oriental-cuisine","9":"product_tag-keto-diet","10":"product_tag-raw-diet","11":"product_tag-vegan","13":"first","14":"instock","15":"shipping-taxable","16":"purchasable","17":"product-type-simple"},"acf":[],"yoast_head":"<!-- This site is optimized with the Yoast SEO plugin v27.6 - https:\/\/yoast.com\/product\/yoast-seo-wordpress\/ -->\n<title>Organic black cumin oil 100 ml, unrefined, cold pressed - Biopapa<\/title>\n<meta name=\"description\" content=\"The oil from the seeds of the Nigella sativa plant has earned a place of prominence in the world of wellness.\" \/>\n<meta name=\"robots\" content=\"index, follow, max-snippet:-1, max-image-preview:large, max-video-preview:-1\" \/>\n<link rel=\"canonical\" href=\"https:\/\/test.biopapa.lt\/produktas\/ekologiska-juodgrudziu-juoduju-kmynu-aliejus-100-ml\/\" \/>\n<meta property=\"og:locale\" content=\"en_US\" \/>\n<meta property=\"og:type\" content=\"article\" \/>\n<meta property=\"og:title\" content=\"Organic black cumin oil 100 ml, unrefined, cold pressed - Biopapa\" \/>\n<meta property=\"og:description\" content=\"The oil from the seeds of the Nigella sativa plant has earned a place of prominence in the world of wellness.\" \/>\n<meta property=\"og:url\" content=\"https:\/\/test.biopapa.lt\/produktas\/ekologiska-juodgrudziu-juoduju-kmynu-aliejus-100-ml\/\" \/>\n<meta property=\"og:site_name\" content=\"Biopapa\" \/>\n<meta property=\"article:publisher\" content=\"https:\/\/www.facebook.com\/biopapa.lt\" \/>\n<meta property=\"article:modified_time\" content=\"2026-03-16T07:08:37+00:00\" \/>\n<meta property=\"og:image\" content=\"https:\/\/test.biopapa.lt\/wp-content\/uploads\/2022\/05\/Juodgrudes-aliejus-1.jpg\" \/>\n\t<meta property=\"og:image:width\" content=\"800\" \/>\n\t<meta property=\"og:image:height\" content=\"640\" \/>\n\t<meta property=\"og:image:type\" content=\"image\/jpeg\" \/>\n<meta name=\"twitter:card\" content=\"summary_large_image\" \/>\n<script type=\"application\/ld+json\" class=\"yoast-schema-graph\">{\"@context\":\"https:\\\/\\\/schema.org\",\"@graph\":[{\"@type\":\"WebPage\",\"@id\":\"https:\\\/\\\/test.biopapa.lt\\\/produktas\\\/ekologiska-juodgrudziu-juoduju-kmynu-aliejus-100-ml\\\/\",\"url\":\"https:\\\/\\\/test.biopapa.lt\\\/produktas\\\/ekologiska-juodgrudziu-juoduju-kmynu-aliejus-100-ml\\\/\",\"name\":\"Organic black cumin oil 100 ml, unrefined, cold pressed - Biopapa\",\"isPartOf\":{\"@id\":\"https:\\\/\\\/test.biopapa.lt\\\/#website\"},\"primaryImageOfPage\":{\"@id\":\"https:\\\/\\\/test.biopapa.lt\\\/produktas\\\/ekologiska-juodgrudziu-juoduju-kmynu-aliejus-100-ml\\\/#primaryimage\"},\"image\":{\"@id\":\"https:\\\/\\\/test.biopapa.lt\\\/produktas\\\/ekologiska-juodgrudziu-juoduju-kmynu-aliejus-100-ml\\\/#primaryimage\"},\"thumbnailUrl\":\"https:\\\/\\\/test.biopapa.lt\\\/wp-content\\\/uploads\\\/2022\\\/05\\\/Juodgrudes-aliejus-1.jpg\",\"datePublished\":\"2022-05-30T15:34:07+00:00\",\"dateModified\":\"2026-03-16T07:08:37+00:00\",\"description\":\"The oil from the seeds of the Nigella sativa plant has earned a place of prominence in the world of wellness.\",\"breadcrumb\":{\"@id\":\"https:\\\/\\\/test.biopapa.lt\\\/produktas\\\/ekologiska-juodgrudziu-juoduju-kmynu-aliejus-100-ml\\\/#breadcrumb\"},\"inLanguage\":\"en-US\",\"potentialAction\":[{\"@type\":\"ReadAction\",\"target\":[\"https:\\\/\\\/test.biopapa.lt\\\/produktas\\\/ekologiska-juodgrudziu-juoduju-kmynu-aliejus-100-ml\\\/\"]}]},{\"@type\":\"ImageObject\",\"inLanguage\":\"en-US\",\"@id\":\"https:\\\/\\\/test.biopapa.lt\\\/produktas\\\/ekologiska-juodgrudziu-juoduju-kmynu-aliejus-100-ml\\\/#primaryimage\",\"url\":\"https:\\\/\\\/test.biopapa.lt\\\/wp-content\\\/uploads\\\/2022\\\/05\\\/Juodgrudes-aliejus-1.jpg\",\"contentUrl\":\"https:\\\/\\\/test.biopapa.lt\\\/wp-content\\\/uploads\\\/2022\\\/05\\\/Juodgrudes-aliejus-1.jpg\",\"width\":800,\"height\":640,\"caption\":\"Organic black cumin oil 100 ml, unrefined, cold pressed\"},{\"@type\":\"BreadcrumbList\",\"@id\":\"https:\\\/\\\/test.biopapa.lt\\\/produktas\\\/ekologiska-juodgrudziu-juoduju-kmynu-aliejus-100-ml\\\/#breadcrumb\",\"itemListElement\":[{\"@type\":\"ListItem\",\"position\":1,\"name\":\"Home\",\"item\":\"https:\\\/\\\/test.biopapa.lt\\\/en\\\/\"},{\"@type\":\"ListItem\",\"position\":2,\"name\":\"Shop\",\"item\":\"https:\\\/\\\/test.biopapa.lt\\\/en\\\/shop\\\/\"},{\"@type\":\"ListItem\",\"position\":3,\"name\":\"Organic black cumin oil 100 ml, unrefined, cold pressed\"}]},{\"@type\":\"WebSite\",\"@id\":\"https:\\\/\\\/test.biopapa.lt\\\/#website\",\"url\":\"https:\\\/\\\/test.biopapa.lt\\\/\",\"name\":\"Biopapa\",\"description\":\"\u0160var\u016bs ekologi\u0161ki produktai\",\"publisher\":{\"@id\":\"https:\\\/\\\/test.biopapa.lt\\\/#organization\"},\"potentialAction\":[{\"@type\":\"SearchAction\",\"target\":{\"@type\":\"EntryPoint\",\"urlTemplate\":\"https:\\\/\\\/test.biopapa.lt\\\/?s={search_term_string}\"},\"query-input\":{\"@type\":\"PropertyValueSpecification\",\"valueRequired\":true,\"valueName\":\"search_term_string\"}}],\"inLanguage\":\"en-US\"},{\"@type\":\"Organization\",\"@id\":\"https:\\\/\\\/test.biopapa.lt\\\/#organization\",\"name\":\"Biopapa\",\"url\":\"https:\\\/\\\/test.biopapa.lt\\\/\",\"logo\":{\"@type\":\"ImageObject\",\"inLanguage\":\"en-US\",\"@id\":\"https:\\\/\\\/test.biopapa.lt\\\/#\\\/schema\\\/logo\\\/image\\\/\",\"url\":\"https:\\\/\\\/www.biopapa.lt\\\/wp-content\\\/uploads\\\/2022\\\/04\\\/facebook_biopapa.jpg\",\"contentUrl\":\"https:\\\/\\\/www.biopapa.lt\\\/wp-content\\\/uploads\\\/2022\\\/04\\\/facebook_biopapa.jpg\",\"width\":1733,\"height\":907,\"caption\":\"Biopapa\"},\"image\":{\"@id\":\"https:\\\/\\\/test.biopapa.lt\\\/#\\\/schema\\\/logo\\\/image\\\/\"},\"sameAs\":[\"https:\\\/\\\/www.facebook.com\\\/biopapa.lt\"]}]}<\/script>\n<!-- \/ Yoast SEO plugin. -->","yoast_head_json":{"title":"Organic black cumin oil 100 ml, unrefined, cold pressed - Biopapa","description":"The oil from the seeds of the Nigella sativa plant has earned a place of prominence in the world of wellness.","robots":{"index":"index","follow":"follow","max-snippet":"max-snippet:-1","max-image-preview":"max-image-preview:large","max-video-preview":"max-video-preview:-1"},"canonical":"https:\/\/test.biopapa.lt\/produktas\/ekologiska-juodgrudziu-juoduju-kmynu-aliejus-100-ml\/","og_locale":"en_US","og_type":"article","og_title":"Organic black cumin oil 100 ml, unrefined, cold pressed - Biopapa","og_description":"The oil from the seeds of the Nigella sativa plant has earned a place of prominence in the world of wellness.","og_url":"https:\/\/test.biopapa.lt\/produktas\/ekologiska-juodgrudziu-juoduju-kmynu-aliejus-100-ml\/","og_site_name":"Biopapa","article_publisher":"https:\/\/www.facebook.com\/biopapa.lt","article_modified_time":"2026-03-16T07:08:37+00:00","og_image":[{"width":800,"height":640,"url":"https:\/\/test.biopapa.lt\/wp-content\/uploads\/2022\/05\/Juodgrudes-aliejus-1.jpg","type":"image\/jpeg"}],"twitter_card":"summary_large_image","schema":{"@context":"https:\/\/schema.org","@graph":[{"@type":"WebPage","@id":"https:\/\/test.biopapa.lt\/produktas\/ekologiska-juodgrudziu-juoduju-kmynu-aliejus-100-ml\/","url":"https:\/\/test.biopapa.lt\/produktas\/ekologiska-juodgrudziu-juoduju-kmynu-aliejus-100-ml\/","name":"Organic black cumin oil 100 ml, unrefined, cold pressed - Biopapa","isPartOf":{"@id":"https:\/\/test.biopapa.lt\/#website"},"primaryImageOfPage":{"@id":"https:\/\/test.biopapa.lt\/produktas\/ekologiska-juodgrudziu-juoduju-kmynu-aliejus-100-ml\/#primaryimage"},"image":{"@id":"https:\/\/test.biopapa.lt\/produktas\/ekologiska-juodgrudziu-juoduju-kmynu-aliejus-100-ml\/#primaryimage"},"thumbnailUrl":"https:\/\/test.biopapa.lt\/wp-content\/uploads\/2022\/05\/Juodgrudes-aliejus-1.jpg","datePublished":"2022-05-30T15:34:07+00:00","dateModified":"2026-03-16T07:08:37+00:00","description":"The oil from the seeds of the Nigella sativa plant has earned a place of prominence in the world of wellness.","breadcrumb":{"@id":"https:\/\/test.biopapa.lt\/produktas\/ekologiska-juodgrudziu-juoduju-kmynu-aliejus-100-ml\/#breadcrumb"},"inLanguage":"en-US","potentialAction":[{"@type":"ReadAction","target":["https:\/\/test.biopapa.lt\/produktas\/ekologiska-juodgrudziu-juoduju-kmynu-aliejus-100-ml\/"]}]},{"@type":"ImageObject","inLanguage":"en-US","@id":"https:\/\/test.biopapa.lt\/produktas\/ekologiska-juodgrudziu-juoduju-kmynu-aliejus-100-ml\/#primaryimage","url":"https:\/\/test.biopapa.lt\/wp-content\/uploads\/2022\/05\/Juodgrudes-aliejus-1.jpg","contentUrl":"https:\/\/test.biopapa.lt\/wp-content\/uploads\/2022\/05\/Juodgrudes-aliejus-1.jpg","width":800,"height":640,"caption":"Organic black cumin oil 100 ml, unrefined, cold pressed"},{"@type":"BreadcrumbList","@id":"https:\/\/test.biopapa.lt\/produktas\/ekologiska-juodgrudziu-juoduju-kmynu-aliejus-100-ml\/#breadcrumb","itemListElement":[{"@type":"ListItem","position":1,"name":"Home","item":"https:\/\/test.biopapa.lt\/en\/"},{"@type":"ListItem","position":2,"name":"Shop","item":"https:\/\/test.biopapa.lt\/en\/shop\/"},{"@type":"ListItem","position":3,"name":"Organic black cumin oil 100 ml, unrefined, cold pressed"}]},{"@type":"WebSite","@id":"https:\/\/test.biopapa.lt\/#website","url":"https:\/\/test.biopapa.lt\/","name":"Biopapa","description":"\u0160var\u016bs ekologi\u0161ki produktai","publisher":{"@id":"https:\/\/test.biopapa.lt\/#organization"},"potentialAction":[{"@type":"SearchAction","target":{"@type":"EntryPoint","urlTemplate":"https:\/\/test.biopapa.lt\/?s={search_term_string}"},"query-input":{"@type":"PropertyValueSpecification","valueRequired":true,"valueName":"search_term_string"}}],"inLanguage":"en-US"},{"@type":"Organization","@id":"https:\/\/test.biopapa.lt\/#organization","name":"Biopapa","url":"https:\/\/test.biopapa.lt\/","logo":{"@type":"ImageObject","inLanguage":"en-US","@id":"https:\/\/test.biopapa.lt\/#\/schema\/logo\/image\/","url":"https:\/\/www.biopapa.lt\/wp-content\/uploads\/2022\/04\/facebook_biopapa.jpg","contentUrl":"https:\/\/www.biopapa.lt\/wp-content\/uploads\/2022\/04\/facebook_biopapa.jpg","width":1733,"height":907,"caption":"Biopapa"},"image":{"@id":"https:\/\/test.biopapa.lt\/#\/schema\/logo\/image\/"},"sameAs":["https:\/\/www.facebook.com\/biopapa.lt"]}]}},"_links":{"self":[{"href":"https:\/\/test.biopapa.lt\/en\/wp-json\/wp\/v2\/product\/36480","targetHints":{"allow":["GET"]}}],"collection":[{"href":"https:\/\/test.biopapa.lt\/en\/wp-json\/wp\/v2\/product"}],"about":[{"href":"https:\/\/test.biopapa.lt\/en\/wp-json\/wp\/v2\/types\/product"}],"wp:featuredmedia":[{"embeddable":true,"href":"https:\/\/test.biopapa.lt\/en\/wp-json\/wp\/v2\/media\/51996"}],"wp:attachment":[{"href":"https:\/\/test.biopapa.lt\/en\/wp-json\/wp\/v2\/media?parent=36480"}],"wp:term":[{"taxonomy":"product_brand","embeddable":true,"href":"https:\/\/test.biopapa.lt\/en\/wp-json\/wp\/v2\/product_brand?post=36480"},{"taxonomy":"product_cat","embeddable":true,"href":"https:\/\/test.biopapa.lt\/en\/wp-json\/wp\/v2\/product_cat?post=36480"},{"taxonomy":"product_tag","embeddable":true,"href":"https:\/\/test.biopapa.lt\/en\/wp-json\/wp\/v2\/product_tag?post=36480"}],"curies":[{"name":"wp","href":"https:\/\/api.w.org\/{rel}","templated":true}]}}