{"id":36465,"date":"2022-08-25T14:32:13","date_gmt":"2022-08-25T11:32:13","guid":{"rendered":"https:\/\/www.biopapa.lt\/produktas\/benanna-white-natural-whitening-toothpaste-without-fluoride-with-mint-oil-and-sage-extract-100-ml\/"},"modified":"2026-03-08T01:05:38","modified_gmt":"2026-03-07T23:05:38","slug":"natural-whitening-toothpaste-without-fluoride-with-mint-oil-and-sage-extract-white-ben-and-anna-100ml","status":"publish","type":"product","link":"https:\/\/test.biopapa.lt\/en\/produktas\/natural-whitening-toothpaste-without-fluoride-with-mint-oil-and-sage-extract-white-ben-and-anna-100ml\/","title":{"rendered":"Natural whitening toothpaste without fluoride with mint oil and sage extract, White BEN&amp;ANNA, 100 ml"},"content":{"rendered":"<div class=\"ZyvIDe\">\n<div class=\"a8FIud X0rvP L6rCcb\" data-apply-responsive-style=\"true\" data-classes=\"\" data-initial-translation-length=\"1354\" data-saved-translation-limit-reached=\"false\">\n<div data-show-delay-ms=\"250\" data-append-to-body=\"false\" data-propagate-tooltip-mouseover-events=\"true\" data-anchor-corner=\"bottom-end\" data-enable-skip-handler=\"false\" data-popup-corner=\"top-end\">\n<div>A natural fluoride-free whitening toothpaste with sea buckthorn, mint oil and sage extract. The paste gently cleans and whitens and protects sensitive tooth enamel from damage. The biologically active ingredients in the toothpaste reduce enamel sensitivity, soothe and strengthen the gums, and maintain the natural whiteness of your teeth. The paste has a long-lasting antibacterial effect and a fresh smell.<\/div>\n<div>Bromelain-containing pineapple extract cleans plaque enamel and inhibits plaque build-up, providing a dose of vitamin A and antioxidants that protect against tooth decay and free radicals. Aloe vera and sea buckthorn protect and maintain the health of your teeth. Peppermint oil provides exceptional freshness.<\/div>\n<div><\/div>\n<div>To use: apply a small amount (pea-sized) with a wooden spatula to a toothbrush and brush as usual. Do not swallow toothpaste.<\/div>\n<\/div>\n<div>\n<p>&#8211; Suitable for vegans.<br \/>\n&#8211; Free of formaldehyde, peroxide and microplastics.<br \/>\n&#8211; Eco-friendly, recyclable glass packaging.<\/p>\n<p>Toothpaste in plastic packaging, like plastic toothbrushes, cannot be recycled, so they end their lives in landfills, forests or the sea. The average person uses 300 toothbrushes and a similar number of toothpaste tubes in a lifetime. In Lithuania alone, 11 million tonnes of waste is dumped in landfills every year. plastic toothbrushes that will never break. Can you change that? Yes, choose toothpaste in recyclable packaging and a wooden toothbrush!<\/p>\n<p>The glass jar with metal lid can be recycled. The recycled paper box can be composted or recycled with the paper. The bamboo toothpaste spatula in the box is compostable.<\/p>\n<\/div>\n<\/div>\n<\/div>\n","protected":false},"excerpt":{"rendered":"<p>A natural fluoride-free whitening toothpaste with sea buckthorn, mint oil and sage extract. The paste gently cleans and whitens and<\/p>\n","protected":false},"featured_media":101800,"template":"","meta":{"_acf_changed":false},"product_brand":[],"product_cat":[1962,1964],"product_tag":[2040,2088],"class_list":{"0":"post-36465","1":"product","2":"type-product","3":"status-publish","4":"has-post-thumbnail","6":"product_cat-beauty-and-hygiene","7":"product_cat-oral-hygiene","8":"product_tag-oral-hygiene","9":"product_tag-vegan","11":"first","12":"instock","13":"shipping-taxable","14":"purchasable","15":"product-type-simple"},"acf":[],"yoast_head":"<!-- This site is optimized with the Yoast SEO plugin v27.6 - https:\/\/yoast.com\/product\/yoast-seo-wordpress\/ -->\n<title>Natural whitening toothpaste without fluoride with mint oil and sage extract, White BEN&amp;ANNA, 100 ml - Biopapa<\/title>\n<meta name=\"description\" content=\"A natural fluoride-free whitening toothpaste with sea buckthorn, mint oil and sage extract. The paste gently cleans and whitens and protects sensitive tooth enamel from damage.\" \/>\n<meta name=\"robots\" content=\"index, follow, max-snippet:-1, max-image-preview:large, max-video-preview:-1\" \/>\n<link rel=\"canonical\" href=\"https:\/\/test.biopapa.lt\/en\/produktas\/natural-whitening-toothpaste-without-fluoride-with-mint-oil-and-sage-extract-white-ben-and-anna-100ml\/\" \/>\n<meta property=\"og:locale\" content=\"en_US\" \/>\n<meta property=\"og:type\" content=\"article\" \/>\n<meta property=\"og:title\" content=\"Natural whitening toothpaste without fluoride with mint oil and sage extract, White BEN&amp;ANNA, 100 ml - Biopapa\" \/>\n<meta property=\"og:description\" content=\"A natural fluoride-free whitening toothpaste with sea buckthorn, mint oil and sage extract. The paste gently cleans and whitens and protects sensitive tooth enamel from damage.\" \/>\n<meta property=\"og:url\" content=\"https:\/\/test.biopapa.lt\/en\/produktas\/natural-whitening-toothpaste-without-fluoride-with-mint-oil-and-sage-extract-white-ben-and-anna-100ml\/\" \/>\n<meta property=\"og:site_name\" content=\"Biopapa\" \/>\n<meta property=\"article:publisher\" content=\"https:\/\/www.facebook.com\/biopapa.lt\" \/>\n<meta property=\"article:modified_time\" content=\"2026-03-07T23:05:38+00:00\" \/>\n<meta property=\"og:image\" content=\"https:\/\/test.biopapa.lt\/wp-content\/uploads\/2022\/08\/Naturali-balinanti-dantu-pasta-be-fluoro-su-metu-aliejumi-ir-salaviju-ekstraktu-White-BENANNA.png\" \/>\n\t<meta property=\"og:image:width\" content=\"800\" \/>\n\t<meta property=\"og:image:height\" content=\"640\" \/>\n\t<meta property=\"og:image:type\" content=\"image\/png\" \/>\n<meta name=\"twitter:card\" content=\"summary_large_image\" \/>\n<script type=\"application\/ld+json\" class=\"yoast-schema-graph\">{\"@context\":\"https:\\\/\\\/schema.org\",\"@graph\":[{\"@type\":\"WebPage\",\"@id\":\"https:\\\/\\\/test.biopapa.lt\\\/en\\\/produktas\\\/natural-whitening-toothpaste-without-fluoride-with-mint-oil-and-sage-extract-white-ben-and-anna-100ml\\\/\",\"url\":\"https:\\\/\\\/test.biopapa.lt\\\/en\\\/produktas\\\/natural-whitening-toothpaste-without-fluoride-with-mint-oil-and-sage-extract-white-ben-and-anna-100ml\\\/\",\"name\":\"Natural whitening toothpaste without fluoride with mint oil and sage extract, White BEN&amp;ANNA, 100 ml - Biopapa\",\"isPartOf\":{\"@id\":\"https:\\\/\\\/test.biopapa.lt\\\/#website\"},\"primaryImageOfPage\":{\"@id\":\"https:\\\/\\\/test.biopapa.lt\\\/en\\\/produktas\\\/natural-whitening-toothpaste-without-fluoride-with-mint-oil-and-sage-extract-white-ben-and-anna-100ml\\\/#primaryimage\"},\"image\":{\"@id\":\"https:\\\/\\\/test.biopapa.lt\\\/en\\\/produktas\\\/natural-whitening-toothpaste-without-fluoride-with-mint-oil-and-sage-extract-white-ben-and-anna-100ml\\\/#primaryimage\"},\"thumbnailUrl\":\"https:\\\/\\\/test.biopapa.lt\\\/wp-content\\\/uploads\\\/2022\\\/08\\\/Naturali-balinanti-dantu-pasta-be-fluoro-su-metu-aliejumi-ir-salaviju-ekstraktu-White-BENANNA.png\",\"datePublished\":\"2022-08-25T11:32:13+00:00\",\"dateModified\":\"2026-03-07T23:05:38+00:00\",\"description\":\"A natural fluoride-free whitening toothpaste with sea buckthorn, mint oil and sage extract. The paste gently cleans and whitens and protects sensitive tooth enamel from damage.\",\"breadcrumb\":{\"@id\":\"https:\\\/\\\/test.biopapa.lt\\\/en\\\/produktas\\\/natural-whitening-toothpaste-without-fluoride-with-mint-oil-and-sage-extract-white-ben-and-anna-100ml\\\/#breadcrumb\"},\"inLanguage\":\"en-US\",\"potentialAction\":[{\"@type\":\"ReadAction\",\"target\":[\"https:\\\/\\\/test.biopapa.lt\\\/en\\\/produktas\\\/natural-whitening-toothpaste-without-fluoride-with-mint-oil-and-sage-extract-white-ben-and-anna-100ml\\\/\"]}]},{\"@type\":\"ImageObject\",\"inLanguage\":\"en-US\",\"@id\":\"https:\\\/\\\/test.biopapa.lt\\\/en\\\/produktas\\\/natural-whitening-toothpaste-without-fluoride-with-mint-oil-and-sage-extract-white-ben-and-anna-100ml\\\/#primaryimage\",\"url\":\"https:\\\/\\\/test.biopapa.lt\\\/wp-content\\\/uploads\\\/2022\\\/08\\\/Naturali-balinanti-dantu-pasta-be-fluoro-su-metu-aliejumi-ir-salaviju-ekstraktu-White-BENANNA.png\",\"contentUrl\":\"https:\\\/\\\/test.biopapa.lt\\\/wp-content\\\/uploads\\\/2022\\\/08\\\/Naturali-balinanti-dantu-pasta-be-fluoro-su-metu-aliejumi-ir-salaviju-ekstraktu-White-BENANNA.png\",\"width\":800,\"height\":640},{\"@type\":\"BreadcrumbList\",\"@id\":\"https:\\\/\\\/test.biopapa.lt\\\/en\\\/produktas\\\/natural-whitening-toothpaste-without-fluoride-with-mint-oil-and-sage-extract-white-ben-and-anna-100ml\\\/#breadcrumb\",\"itemListElement\":[{\"@type\":\"ListItem\",\"position\":1,\"name\":\"Home\",\"item\":\"https:\\\/\\\/test.biopapa.lt\\\/en\\\/\"},{\"@type\":\"ListItem\",\"position\":2,\"name\":\"Shop\",\"item\":\"https:\\\/\\\/test.biopapa.lt\\\/en\\\/shop\\\/\"},{\"@type\":\"ListItem\",\"position\":3,\"name\":\"Natural whitening toothpaste without fluoride with mint oil and sage extract, White BEN&amp;ANNA, 100 ml\"}]},{\"@type\":\"WebSite\",\"@id\":\"https:\\\/\\\/test.biopapa.lt\\\/#website\",\"url\":\"https:\\\/\\\/test.biopapa.lt\\\/\",\"name\":\"Biopapa\",\"description\":\"\u0160var\u016bs ekologi\u0161ki produktai\",\"publisher\":{\"@id\":\"https:\\\/\\\/test.biopapa.lt\\\/#organization\"},\"potentialAction\":[{\"@type\":\"SearchAction\",\"target\":{\"@type\":\"EntryPoint\",\"urlTemplate\":\"https:\\\/\\\/test.biopapa.lt\\\/?s={search_term_string}\"},\"query-input\":{\"@type\":\"PropertyValueSpecification\",\"valueRequired\":true,\"valueName\":\"search_term_string\"}}],\"inLanguage\":\"en-US\"},{\"@type\":\"Organization\",\"@id\":\"https:\\\/\\\/test.biopapa.lt\\\/#organization\",\"name\":\"Biopapa\",\"url\":\"https:\\\/\\\/test.biopapa.lt\\\/\",\"logo\":{\"@type\":\"ImageObject\",\"inLanguage\":\"en-US\",\"@id\":\"https:\\\/\\\/test.biopapa.lt\\\/#\\\/schema\\\/logo\\\/image\\\/\",\"url\":\"https:\\\/\\\/www.biopapa.lt\\\/wp-content\\\/uploads\\\/2022\\\/04\\\/facebook_biopapa.jpg\",\"contentUrl\":\"https:\\\/\\\/www.biopapa.lt\\\/wp-content\\\/uploads\\\/2022\\\/04\\\/facebook_biopapa.jpg\",\"width\":1733,\"height\":907,\"caption\":\"Biopapa\"},\"image\":{\"@id\":\"https:\\\/\\\/test.biopapa.lt\\\/#\\\/schema\\\/logo\\\/image\\\/\"},\"sameAs\":[\"https:\\\/\\\/www.facebook.com\\\/biopapa.lt\"]}]}<\/script>\n<!-- \/ Yoast SEO plugin. -->","yoast_head_json":{"title":"Natural whitening toothpaste without fluoride with mint oil and sage extract, White BEN&amp;ANNA, 100 ml - Biopapa","description":"A natural fluoride-free whitening toothpaste with sea buckthorn, mint oil and sage extract. The paste gently cleans and whitens and protects sensitive tooth enamel from damage.","robots":{"index":"index","follow":"follow","max-snippet":"max-snippet:-1","max-image-preview":"max-image-preview:large","max-video-preview":"max-video-preview:-1"},"canonical":"https:\/\/test.biopapa.lt\/en\/produktas\/natural-whitening-toothpaste-without-fluoride-with-mint-oil-and-sage-extract-white-ben-and-anna-100ml\/","og_locale":"en_US","og_type":"article","og_title":"Natural whitening toothpaste without fluoride with mint oil and sage extract, White BEN&amp;ANNA, 100 ml - Biopapa","og_description":"A natural fluoride-free whitening toothpaste with sea buckthorn, mint oil and sage extract. The paste gently cleans and whitens and protects sensitive tooth enamel from damage.","og_url":"https:\/\/test.biopapa.lt\/en\/produktas\/natural-whitening-toothpaste-without-fluoride-with-mint-oil-and-sage-extract-white-ben-and-anna-100ml\/","og_site_name":"Biopapa","article_publisher":"https:\/\/www.facebook.com\/biopapa.lt","article_modified_time":"2026-03-07T23:05:38+00:00","og_image":[{"width":800,"height":640,"url":"https:\/\/test.biopapa.lt\/wp-content\/uploads\/2022\/08\/Naturali-balinanti-dantu-pasta-be-fluoro-su-metu-aliejumi-ir-salaviju-ekstraktu-White-BENANNA.png","type":"image\/png"}],"twitter_card":"summary_large_image","schema":{"@context":"https:\/\/schema.org","@graph":[{"@type":"WebPage","@id":"https:\/\/test.biopapa.lt\/en\/produktas\/natural-whitening-toothpaste-without-fluoride-with-mint-oil-and-sage-extract-white-ben-and-anna-100ml\/","url":"https:\/\/test.biopapa.lt\/en\/produktas\/natural-whitening-toothpaste-without-fluoride-with-mint-oil-and-sage-extract-white-ben-and-anna-100ml\/","name":"Natural whitening toothpaste without fluoride with mint oil and sage extract, White BEN&amp;ANNA, 100 ml - Biopapa","isPartOf":{"@id":"https:\/\/test.biopapa.lt\/#website"},"primaryImageOfPage":{"@id":"https:\/\/test.biopapa.lt\/en\/produktas\/natural-whitening-toothpaste-without-fluoride-with-mint-oil-and-sage-extract-white-ben-and-anna-100ml\/#primaryimage"},"image":{"@id":"https:\/\/test.biopapa.lt\/en\/produktas\/natural-whitening-toothpaste-without-fluoride-with-mint-oil-and-sage-extract-white-ben-and-anna-100ml\/#primaryimage"},"thumbnailUrl":"https:\/\/test.biopapa.lt\/wp-content\/uploads\/2022\/08\/Naturali-balinanti-dantu-pasta-be-fluoro-su-metu-aliejumi-ir-salaviju-ekstraktu-White-BENANNA.png","datePublished":"2022-08-25T11:32:13+00:00","dateModified":"2026-03-07T23:05:38+00:00","description":"A natural fluoride-free whitening toothpaste with sea buckthorn, mint oil and sage extract. The paste gently cleans and whitens and protects sensitive tooth enamel from damage.","breadcrumb":{"@id":"https:\/\/test.biopapa.lt\/en\/produktas\/natural-whitening-toothpaste-without-fluoride-with-mint-oil-and-sage-extract-white-ben-and-anna-100ml\/#breadcrumb"},"inLanguage":"en-US","potentialAction":[{"@type":"ReadAction","target":["https:\/\/test.biopapa.lt\/en\/produktas\/natural-whitening-toothpaste-without-fluoride-with-mint-oil-and-sage-extract-white-ben-and-anna-100ml\/"]}]},{"@type":"ImageObject","inLanguage":"en-US","@id":"https:\/\/test.biopapa.lt\/en\/produktas\/natural-whitening-toothpaste-without-fluoride-with-mint-oil-and-sage-extract-white-ben-and-anna-100ml\/#primaryimage","url":"https:\/\/test.biopapa.lt\/wp-content\/uploads\/2022\/08\/Naturali-balinanti-dantu-pasta-be-fluoro-su-metu-aliejumi-ir-salaviju-ekstraktu-White-BENANNA.png","contentUrl":"https:\/\/test.biopapa.lt\/wp-content\/uploads\/2022\/08\/Naturali-balinanti-dantu-pasta-be-fluoro-su-metu-aliejumi-ir-salaviju-ekstraktu-White-BENANNA.png","width":800,"height":640},{"@type":"BreadcrumbList","@id":"https:\/\/test.biopapa.lt\/en\/produktas\/natural-whitening-toothpaste-without-fluoride-with-mint-oil-and-sage-extract-white-ben-and-anna-100ml\/#breadcrumb","itemListElement":[{"@type":"ListItem","position":1,"name":"Home","item":"https:\/\/test.biopapa.lt\/en\/"},{"@type":"ListItem","position":2,"name":"Shop","item":"https:\/\/test.biopapa.lt\/en\/shop\/"},{"@type":"ListItem","position":3,"name":"Natural whitening toothpaste without fluoride with mint oil and sage extract, White BEN&amp;ANNA, 100 ml"}]},{"@type":"WebSite","@id":"https:\/\/test.biopapa.lt\/#website","url":"https:\/\/test.biopapa.lt\/","name":"Biopapa","description":"\u0160var\u016bs ekologi\u0161ki produktai","publisher":{"@id":"https:\/\/test.biopapa.lt\/#organization"},"potentialAction":[{"@type":"SearchAction","target":{"@type":"EntryPoint","urlTemplate":"https:\/\/test.biopapa.lt\/?s={search_term_string}"},"query-input":{"@type":"PropertyValueSpecification","valueRequired":true,"valueName":"search_term_string"}}],"inLanguage":"en-US"},{"@type":"Organization","@id":"https:\/\/test.biopapa.lt\/#organization","name":"Biopapa","url":"https:\/\/test.biopapa.lt\/","logo":{"@type":"ImageObject","inLanguage":"en-US","@id":"https:\/\/test.biopapa.lt\/#\/schema\/logo\/image\/","url":"https:\/\/www.biopapa.lt\/wp-content\/uploads\/2022\/04\/facebook_biopapa.jpg","contentUrl":"https:\/\/www.biopapa.lt\/wp-content\/uploads\/2022\/04\/facebook_biopapa.jpg","width":1733,"height":907,"caption":"Biopapa"},"image":{"@id":"https:\/\/test.biopapa.lt\/#\/schema\/logo\/image\/"},"sameAs":["https:\/\/www.facebook.com\/biopapa.lt"]}]}},"_links":{"self":[{"href":"https:\/\/test.biopapa.lt\/en\/wp-json\/wp\/v2\/product\/36465","targetHints":{"allow":["GET"]}}],"collection":[{"href":"https:\/\/test.biopapa.lt\/en\/wp-json\/wp\/v2\/product"}],"about":[{"href":"https:\/\/test.biopapa.lt\/en\/wp-json\/wp\/v2\/types\/product"}],"wp:featuredmedia":[{"embeddable":true,"href":"https:\/\/test.biopapa.lt\/en\/wp-json\/wp\/v2\/media\/101800"}],"wp:attachment":[{"href":"https:\/\/test.biopapa.lt\/en\/wp-json\/wp\/v2\/media?parent=36465"}],"wp:term":[{"taxonomy":"product_brand","embeddable":true,"href":"https:\/\/test.biopapa.lt\/en\/wp-json\/wp\/v2\/product_brand?post=36465"},{"taxonomy":"product_cat","embeddable":true,"href":"https:\/\/test.biopapa.lt\/en\/wp-json\/wp\/v2\/product_cat?post=36465"},{"taxonomy":"product_tag","embeddable":true,"href":"https:\/\/test.biopapa.lt\/en\/wp-json\/wp\/v2\/product_tag?post=36465"}],"curies":[{"name":"wp","href":"https:\/\/api.w.org\/{rel}","templated":true}]}}