{"id":36101,"date":"2021-07-28T19:07:07","date_gmt":"2021-07-28T16:07:07","guid":{"rendered":"https:\/\/www.biopapa.lt\/produktas\/organic-cold-pressed-hemp-seed-oil-250-ml-raw\/"},"modified":"2026-02-12T16:52:30","modified_gmt":"2026-02-12T14:52:30","slug":"organic-cold-pressed-hemp-seed-oil-250ml","status":"publish","type":"product","link":"https:\/\/test.biopapa.lt\/en\/produktas\/organic-cold-pressed-hemp-seed-oil-250ml\/","title":{"rendered":"Organic cold-pressed hemp seed oil, 250 ml"},"content":{"rendered":"<p><strong>Organic hemp seed oil<\/strong> &#8211; velvety taste, always freshly pressed. You&#8217;ll be amazed by the range of flavors even in everyday dishes. Buy &#8220;Hempus&#8221; oil to flavour pureed soups, salads, fruit juices or porridge. A particularly useful source of good fats (omega-3, omega-6) to enrich your daily diet! It recommends taking 2-3 teaspoons daily. A varied and balanced diet and a healthy lifestyle are important.<\/p>\n<p>It is a cold-pressed hemp seed oil certified by the Culinary Heritage Foundation. The oil is filtered through a modern cartridge filter system, ensuring maximum oil clarity and purity. In 2014, the oil won the Agrobalt Gold Medal.<\/p>\n<p>The oil <strong>is not heated<\/strong>. It retains its good properties at temperatures below 70\u00b0C.<\/p>\n<p>&#8220;Hempus&#8221; hemp oil retains its good properties only at temperatures below 70 \u00b0C and is therefore not suitable for frying. It is worth sprinkling on a variety of baked goods, soups, salads and even in fruit juices. This oil tastes like nuts or velvet cake. We recommend 2-3 teaspoons per day.<\/p>\n","protected":false},"excerpt":{"rendered":"<p>Organic hemp seed oil &#8211; velvety taste, always freshly pressed. You&#8217;ll be amazed by the range of flavors even in<\/p>\n","protected":false},"featured_media":37388,"template":"","meta":{"_acf_changed":false},"product_brand":[],"product_cat":[1952,1840],"product_tag":[2056,2092,2088],"class_list":{"0":"post-36101","1":"product","2":"type-product","3":"status-publish","4":"has-post-thumbnail","6":"product_cat-oil","7":"product_cat-oil-vinegar-and-sauces","8":"product_tag-keto-diet","9":"product_tag-raw-diet","10":"product_tag-vegan","12":"first","13":"outofstock","14":"shipping-taxable","15":"purchasable","16":"product-type-simple"},"acf":[],"yoast_head":"<!-- This site is optimized with the Yoast SEO plugin v27.6 - https:\/\/yoast.com\/product\/yoast-seo-wordpress\/ -->\n<title>Organic cold-pressed hemp seed oil, 250 ml - Biopapa<\/title>\n<meta name=\"description\" content=\"Ekologi\u0161kas \u0161alto spaudimo kanapi\u0173 s\u0117kl\u0173 aliejus, kuriam suteiktas Kulinarinio paveldo fondo sertifikatas.\" \/>\n<meta name=\"robots\" content=\"index, follow, max-snippet:-1, max-image-preview:large, max-video-preview:-1\" \/>\n<link rel=\"canonical\" href=\"https:\/\/test.biopapa.lt\/en\/produktas\/organic-cold-pressed-hemp-seed-oil-250ml\/\" \/>\n<meta property=\"og:locale\" content=\"en_US\" \/>\n<meta property=\"og:type\" content=\"article\" \/>\n<meta property=\"og:title\" content=\"Organic cold-pressed hemp seed oil, 250 ml - Biopapa\" \/>\n<meta property=\"og:description\" content=\"Ekologi\u0161kas \u0161alto spaudimo kanapi\u0173 s\u0117kl\u0173 aliejus, kuriam suteiktas Kulinarinio paveldo fondo sertifikatas.\" \/>\n<meta property=\"og:url\" content=\"https:\/\/test.biopapa.lt\/en\/produktas\/organic-cold-pressed-hemp-seed-oil-250ml\/\" \/>\n<meta property=\"og:site_name\" content=\"Biopapa\" \/>\n<meta property=\"article:publisher\" content=\"https:\/\/www.facebook.com\/biopapa.lt\" \/>\n<meta property=\"article:modified_time\" content=\"2026-02-12T14:52:30+00:00\" \/>\n<meta property=\"og:image\" content=\"https:\/\/test.biopapa.lt\/wp-content\/uploads\/2021\/07\/kanapiu-seklu-aliejus.png\" \/>\n\t<meta property=\"og:image:width\" content=\"800\" \/>\n\t<meta property=\"og:image:height\" content=\"640\" \/>\n\t<meta property=\"og:image:type\" content=\"image\/png\" \/>\n<meta name=\"twitter:card\" content=\"summary_large_image\" \/>\n<script type=\"application\/ld+json\" class=\"yoast-schema-graph\">{\"@context\":\"https:\\\/\\\/schema.org\",\"@graph\":[{\"@type\":\"WebPage\",\"@id\":\"https:\\\/\\\/test.biopapa.lt\\\/en\\\/produktas\\\/organic-cold-pressed-hemp-seed-oil-250ml\\\/\",\"url\":\"https:\\\/\\\/test.biopapa.lt\\\/en\\\/produktas\\\/organic-cold-pressed-hemp-seed-oil-250ml\\\/\",\"name\":\"Organic cold-pressed hemp seed oil, 250 ml - Biopapa\",\"isPartOf\":{\"@id\":\"https:\\\/\\\/test.biopapa.lt\\\/#website\"},\"primaryImageOfPage\":{\"@id\":\"https:\\\/\\\/test.biopapa.lt\\\/en\\\/produktas\\\/organic-cold-pressed-hemp-seed-oil-250ml\\\/#primaryimage\"},\"image\":{\"@id\":\"https:\\\/\\\/test.biopapa.lt\\\/en\\\/produktas\\\/organic-cold-pressed-hemp-seed-oil-250ml\\\/#primaryimage\"},\"thumbnailUrl\":\"https:\\\/\\\/test.biopapa.lt\\\/wp-content\\\/uploads\\\/2021\\\/07\\\/kanapiu-seklu-aliejus.png\",\"datePublished\":\"2021-07-28T16:07:07+00:00\",\"dateModified\":\"2026-02-12T14:52:30+00:00\",\"description\":\"Ekologi\u0161kas \u0161alto spaudimo kanapi\u0173 s\u0117kl\u0173 aliejus, kuriam suteiktas Kulinarinio paveldo fondo sertifikatas.\",\"breadcrumb\":{\"@id\":\"https:\\\/\\\/test.biopapa.lt\\\/en\\\/produktas\\\/organic-cold-pressed-hemp-seed-oil-250ml\\\/#breadcrumb\"},\"inLanguage\":\"en-US\",\"potentialAction\":[{\"@type\":\"ReadAction\",\"target\":[\"https:\\\/\\\/test.biopapa.lt\\\/en\\\/produktas\\\/organic-cold-pressed-hemp-seed-oil-250ml\\\/\"]}]},{\"@type\":\"ImageObject\",\"inLanguage\":\"en-US\",\"@id\":\"https:\\\/\\\/test.biopapa.lt\\\/en\\\/produktas\\\/organic-cold-pressed-hemp-seed-oil-250ml\\\/#primaryimage\",\"url\":\"https:\\\/\\\/test.biopapa.lt\\\/wp-content\\\/uploads\\\/2021\\\/07\\\/kanapiu-seklu-aliejus.png\",\"contentUrl\":\"https:\\\/\\\/test.biopapa.lt\\\/wp-content\\\/uploads\\\/2021\\\/07\\\/kanapiu-seklu-aliejus.png\",\"width\":800,\"height\":640},{\"@type\":\"BreadcrumbList\",\"@id\":\"https:\\\/\\\/test.biopapa.lt\\\/en\\\/produktas\\\/organic-cold-pressed-hemp-seed-oil-250ml\\\/#breadcrumb\",\"itemListElement\":[{\"@type\":\"ListItem\",\"position\":1,\"name\":\"Home\",\"item\":\"https:\\\/\\\/test.biopapa.lt\\\/en\\\/\"},{\"@type\":\"ListItem\",\"position\":2,\"name\":\"Shop\",\"item\":\"https:\\\/\\\/test.biopapa.lt\\\/en\\\/shop\\\/\"},{\"@type\":\"ListItem\",\"position\":3,\"name\":\"Organic cold-pressed hemp seed oil, 250 ml\"}]},{\"@type\":\"WebSite\",\"@id\":\"https:\\\/\\\/test.biopapa.lt\\\/#website\",\"url\":\"https:\\\/\\\/test.biopapa.lt\\\/\",\"name\":\"Biopapa\",\"description\":\"\u0160var\u016bs ekologi\u0161ki produktai\",\"publisher\":{\"@id\":\"https:\\\/\\\/test.biopapa.lt\\\/#organization\"},\"potentialAction\":[{\"@type\":\"SearchAction\",\"target\":{\"@type\":\"EntryPoint\",\"urlTemplate\":\"https:\\\/\\\/test.biopapa.lt\\\/?s={search_term_string}\"},\"query-input\":{\"@type\":\"PropertyValueSpecification\",\"valueRequired\":true,\"valueName\":\"search_term_string\"}}],\"inLanguage\":\"en-US\"},{\"@type\":\"Organization\",\"@id\":\"https:\\\/\\\/test.biopapa.lt\\\/#organization\",\"name\":\"Biopapa\",\"url\":\"https:\\\/\\\/test.biopapa.lt\\\/\",\"logo\":{\"@type\":\"ImageObject\",\"inLanguage\":\"en-US\",\"@id\":\"https:\\\/\\\/test.biopapa.lt\\\/#\\\/schema\\\/logo\\\/image\\\/\",\"url\":\"https:\\\/\\\/www.biopapa.lt\\\/wp-content\\\/uploads\\\/2022\\\/04\\\/facebook_biopapa.jpg\",\"contentUrl\":\"https:\\\/\\\/www.biopapa.lt\\\/wp-content\\\/uploads\\\/2022\\\/04\\\/facebook_biopapa.jpg\",\"width\":1733,\"height\":907,\"caption\":\"Biopapa\"},\"image\":{\"@id\":\"https:\\\/\\\/test.biopapa.lt\\\/#\\\/schema\\\/logo\\\/image\\\/\"},\"sameAs\":[\"https:\\\/\\\/www.facebook.com\\\/biopapa.lt\"]}]}<\/script>\n<!-- \/ Yoast SEO plugin. -->","yoast_head_json":{"title":"Organic cold-pressed hemp seed oil, 250 ml - Biopapa","description":"Ekologi\u0161kas \u0161alto spaudimo kanapi\u0173 s\u0117kl\u0173 aliejus, kuriam suteiktas Kulinarinio paveldo fondo sertifikatas.","robots":{"index":"index","follow":"follow","max-snippet":"max-snippet:-1","max-image-preview":"max-image-preview:large","max-video-preview":"max-video-preview:-1"},"canonical":"https:\/\/test.biopapa.lt\/en\/produktas\/organic-cold-pressed-hemp-seed-oil-250ml\/","og_locale":"en_US","og_type":"article","og_title":"Organic cold-pressed hemp seed oil, 250 ml - Biopapa","og_description":"Ekologi\u0161kas \u0161alto spaudimo kanapi\u0173 s\u0117kl\u0173 aliejus, kuriam suteiktas Kulinarinio paveldo fondo sertifikatas.","og_url":"https:\/\/test.biopapa.lt\/en\/produktas\/organic-cold-pressed-hemp-seed-oil-250ml\/","og_site_name":"Biopapa","article_publisher":"https:\/\/www.facebook.com\/biopapa.lt","article_modified_time":"2026-02-12T14:52:30+00:00","og_image":[{"width":800,"height":640,"url":"https:\/\/test.biopapa.lt\/wp-content\/uploads\/2021\/07\/kanapiu-seklu-aliejus.png","type":"image\/png"}],"twitter_card":"summary_large_image","schema":{"@context":"https:\/\/schema.org","@graph":[{"@type":"WebPage","@id":"https:\/\/test.biopapa.lt\/en\/produktas\/organic-cold-pressed-hemp-seed-oil-250ml\/","url":"https:\/\/test.biopapa.lt\/en\/produktas\/organic-cold-pressed-hemp-seed-oil-250ml\/","name":"Organic cold-pressed hemp seed oil, 250 ml - Biopapa","isPartOf":{"@id":"https:\/\/test.biopapa.lt\/#website"},"primaryImageOfPage":{"@id":"https:\/\/test.biopapa.lt\/en\/produktas\/organic-cold-pressed-hemp-seed-oil-250ml\/#primaryimage"},"image":{"@id":"https:\/\/test.biopapa.lt\/en\/produktas\/organic-cold-pressed-hemp-seed-oil-250ml\/#primaryimage"},"thumbnailUrl":"https:\/\/test.biopapa.lt\/wp-content\/uploads\/2021\/07\/kanapiu-seklu-aliejus.png","datePublished":"2021-07-28T16:07:07+00:00","dateModified":"2026-02-12T14:52:30+00:00","description":"Ekologi\u0161kas \u0161alto spaudimo kanapi\u0173 s\u0117kl\u0173 aliejus, kuriam suteiktas Kulinarinio paveldo fondo sertifikatas.","breadcrumb":{"@id":"https:\/\/test.biopapa.lt\/en\/produktas\/organic-cold-pressed-hemp-seed-oil-250ml\/#breadcrumb"},"inLanguage":"en-US","potentialAction":[{"@type":"ReadAction","target":["https:\/\/test.biopapa.lt\/en\/produktas\/organic-cold-pressed-hemp-seed-oil-250ml\/"]}]},{"@type":"ImageObject","inLanguage":"en-US","@id":"https:\/\/test.biopapa.lt\/en\/produktas\/organic-cold-pressed-hemp-seed-oil-250ml\/#primaryimage","url":"https:\/\/test.biopapa.lt\/wp-content\/uploads\/2021\/07\/kanapiu-seklu-aliejus.png","contentUrl":"https:\/\/test.biopapa.lt\/wp-content\/uploads\/2021\/07\/kanapiu-seklu-aliejus.png","width":800,"height":640},{"@type":"BreadcrumbList","@id":"https:\/\/test.biopapa.lt\/en\/produktas\/organic-cold-pressed-hemp-seed-oil-250ml\/#breadcrumb","itemListElement":[{"@type":"ListItem","position":1,"name":"Home","item":"https:\/\/test.biopapa.lt\/en\/"},{"@type":"ListItem","position":2,"name":"Shop","item":"https:\/\/test.biopapa.lt\/en\/shop\/"},{"@type":"ListItem","position":3,"name":"Organic cold-pressed hemp seed oil, 250 ml"}]},{"@type":"WebSite","@id":"https:\/\/test.biopapa.lt\/#website","url":"https:\/\/test.biopapa.lt\/","name":"Biopapa","description":"\u0160var\u016bs ekologi\u0161ki produktai","publisher":{"@id":"https:\/\/test.biopapa.lt\/#organization"},"potentialAction":[{"@type":"SearchAction","target":{"@type":"EntryPoint","urlTemplate":"https:\/\/test.biopapa.lt\/?s={search_term_string}"},"query-input":{"@type":"PropertyValueSpecification","valueRequired":true,"valueName":"search_term_string"}}],"inLanguage":"en-US"},{"@type":"Organization","@id":"https:\/\/test.biopapa.lt\/#organization","name":"Biopapa","url":"https:\/\/test.biopapa.lt\/","logo":{"@type":"ImageObject","inLanguage":"en-US","@id":"https:\/\/test.biopapa.lt\/#\/schema\/logo\/image\/","url":"https:\/\/www.biopapa.lt\/wp-content\/uploads\/2022\/04\/facebook_biopapa.jpg","contentUrl":"https:\/\/www.biopapa.lt\/wp-content\/uploads\/2022\/04\/facebook_biopapa.jpg","width":1733,"height":907,"caption":"Biopapa"},"image":{"@id":"https:\/\/test.biopapa.lt\/#\/schema\/logo\/image\/"},"sameAs":["https:\/\/www.facebook.com\/biopapa.lt"]}]}},"_links":{"self":[{"href":"https:\/\/test.biopapa.lt\/en\/wp-json\/wp\/v2\/product\/36101","targetHints":{"allow":["GET"]}}],"collection":[{"href":"https:\/\/test.biopapa.lt\/en\/wp-json\/wp\/v2\/product"}],"about":[{"href":"https:\/\/test.biopapa.lt\/en\/wp-json\/wp\/v2\/types\/product"}],"wp:featuredmedia":[{"embeddable":true,"href":"https:\/\/test.biopapa.lt\/en\/wp-json\/wp\/v2\/media\/37388"}],"wp:attachment":[{"href":"https:\/\/test.biopapa.lt\/en\/wp-json\/wp\/v2\/media?parent=36101"}],"wp:term":[{"taxonomy":"product_brand","embeddable":true,"href":"https:\/\/test.biopapa.lt\/en\/wp-json\/wp\/v2\/product_brand?post=36101"},{"taxonomy":"product_cat","embeddable":true,"href":"https:\/\/test.biopapa.lt\/en\/wp-json\/wp\/v2\/product_cat?post=36101"},{"taxonomy":"product_tag","embeddable":true,"href":"https:\/\/test.biopapa.lt\/en\/wp-json\/wp\/v2\/product_tag?post=36101"}],"curies":[{"name":"wp","href":"https:\/\/api.w.org\/{rel}","templated":true}]}}