{"id":36079,"date":"2022-09-24T07:07:36","date_gmt":"2022-09-24T04:07:36","guid":{"rendered":"https:\/\/www.biopapa.lt\/produktas\/organic-extra-virgin-olive-oil-levante-3-l\/"},"modified":"2026-02-12T17:10:55","modified_gmt":"2026-02-12T15:10:55","slug":"organic-extra-virgin-olive-oil-3-l","status":"publish","type":"product","link":"https:\/\/test.biopapa.lt\/en\/produktas\/organic-extra-virgin-olive-oil-3-l\/","title":{"rendered":"Organic extra virgin olive oil LEVANTE, 3 L"},"content":{"rendered":"<p>Extra virgin olive oil, extracted directly from the olives and only by mechanical means. The oil was produced exclusively from olives grown on organic plantations, without the use of artificial fertilizers. Cold-pressed, not suitable for frying. Recommended for soups, ready meals, salads, cold sauces.<br \/>\nThe recommended daily intake for an adult is 1-2 tbsp olive oil. Can be used externally on sensitive, irritated skin after consultation with a dermatologist.<\/p>\n<p><em>NOTE. The information provided on this website shall not be construed as a recommendation for treatment or any other form of health advice. We encourage you to make personal decisions about your personal health, taking into account a wide range of sources of information.<\/em><\/p>\n","protected":false},"excerpt":{"rendered":"<p>Extra virgin olive oil, extracted directly from the olives and only by mechanical means. The oil was produced exclusively from<\/p>\n","protected":false},"featured_media":29877,"template":"","meta":{"_acf_changed":false},"product_brand":[],"product_cat":[2678,1952,1840],"product_tag":[2056,2092,2088],"class_list":{"0":"post-36079","1":"product","2":"type-product","3":"status-publish","4":"has-post-thumbnail","6":"product_cat-italian-cuisine","7":"product_cat-oil","8":"product_cat-oil-vinegar-and-sauces","9":"product_tag-keto-diet","10":"product_tag-raw-diet","11":"product_tag-vegan","13":"first","14":"outofstock","15":"shipping-taxable","16":"purchasable","17":"product-type-simple"},"acf":[],"yoast_head":"<!-- This site is optimized with the Yoast SEO plugin v27.6 - https:\/\/yoast.com\/product\/yoast-seo-wordpress\/ -->\n<title>Organic extra virgin olive oil LEVANTE, 3 L - Biopapa<\/title>\n<meta name=\"robots\" content=\"index, follow, max-snippet:-1, max-image-preview:large, max-video-preview:-1\" \/>\n<link rel=\"canonical\" href=\"https:\/\/test.biopapa.lt\/en\/produktas\/organic-extra-virgin-olive-oil-3-l\/\" \/>\n<meta property=\"og:locale\" content=\"en_US\" \/>\n<meta property=\"og:type\" content=\"article\" \/>\n<meta property=\"og:title\" content=\"Organic extra virgin olive oil LEVANTE, 3 L - Biopapa\" \/>\n<meta property=\"og:description\" content=\"Extra virgin olive oil, extracted directly from the olives and only by mechanical means. The oil was produced exclusively from\" \/>\n<meta property=\"og:url\" content=\"https:\/\/test.biopapa.lt\/en\/produktas\/organic-extra-virgin-olive-oil-3-l\/\" \/>\n<meta property=\"og:site_name\" content=\"Biopapa\" \/>\n<meta property=\"article:publisher\" content=\"https:\/\/www.facebook.com\/biopapa.lt\" \/>\n<meta property=\"article:modified_time\" content=\"2026-02-12T15:10:55+00:00\" \/>\n<meta property=\"og:image\" content=\"https:\/\/test.biopapa.lt\/wp-content\/uploads\/2022\/09\/Ekologiskas-pirmojo-spaudimo-alyvuogiu-aliejus-LEVANTE-3-L-.png\" \/>\n\t<meta property=\"og:image:width\" content=\"800\" \/>\n\t<meta property=\"og:image:height\" content=\"640\" \/>\n\t<meta property=\"og:image:type\" content=\"image\/png\" \/>\n<meta name=\"twitter:card\" content=\"summary_large_image\" \/>\n<script type=\"application\/ld+json\" class=\"yoast-schema-graph\">{\"@context\":\"https:\\\/\\\/schema.org\",\"@graph\":[{\"@type\":\"WebPage\",\"@id\":\"https:\\\/\\\/test.biopapa.lt\\\/en\\\/produktas\\\/organic-extra-virgin-olive-oil-3-l\\\/\",\"url\":\"https:\\\/\\\/test.biopapa.lt\\\/en\\\/produktas\\\/organic-extra-virgin-olive-oil-3-l\\\/\",\"name\":\"Organic extra virgin olive oil LEVANTE, 3 L - Biopapa\",\"isPartOf\":{\"@id\":\"https:\\\/\\\/test.biopapa.lt\\\/#website\"},\"primaryImageOfPage\":{\"@id\":\"https:\\\/\\\/test.biopapa.lt\\\/en\\\/produktas\\\/organic-extra-virgin-olive-oil-3-l\\\/#primaryimage\"},\"image\":{\"@id\":\"https:\\\/\\\/test.biopapa.lt\\\/en\\\/produktas\\\/organic-extra-virgin-olive-oil-3-l\\\/#primaryimage\"},\"thumbnailUrl\":\"https:\\\/\\\/test.biopapa.lt\\\/wp-content\\\/uploads\\\/2022\\\/09\\\/Ekologiskas-pirmojo-spaudimo-alyvuogiu-aliejus-LEVANTE-3-L-.png\",\"datePublished\":\"2022-09-24T04:07:36+00:00\",\"dateModified\":\"2026-02-12T15:10:55+00:00\",\"breadcrumb\":{\"@id\":\"https:\\\/\\\/test.biopapa.lt\\\/en\\\/produktas\\\/organic-extra-virgin-olive-oil-3-l\\\/#breadcrumb\"},\"inLanguage\":\"en-US\",\"potentialAction\":[{\"@type\":\"ReadAction\",\"target\":[\"https:\\\/\\\/test.biopapa.lt\\\/en\\\/produktas\\\/organic-extra-virgin-olive-oil-3-l\\\/\"]}]},{\"@type\":\"ImageObject\",\"inLanguage\":\"en-US\",\"@id\":\"https:\\\/\\\/test.biopapa.lt\\\/en\\\/produktas\\\/organic-extra-virgin-olive-oil-3-l\\\/#primaryimage\",\"url\":\"https:\\\/\\\/test.biopapa.lt\\\/wp-content\\\/uploads\\\/2022\\\/09\\\/Ekologiskas-pirmojo-spaudimo-alyvuogiu-aliejus-LEVANTE-3-L-.png\",\"contentUrl\":\"https:\\\/\\\/test.biopapa.lt\\\/wp-content\\\/uploads\\\/2022\\\/09\\\/Ekologiskas-pirmojo-spaudimo-alyvuogiu-aliejus-LEVANTE-3-L-.png\",\"width\":800,\"height\":640,\"caption\":\"Organic extra virgin olive oil LEVANTE, 3 L\"},{\"@type\":\"BreadcrumbList\",\"@id\":\"https:\\\/\\\/test.biopapa.lt\\\/en\\\/produktas\\\/organic-extra-virgin-olive-oil-3-l\\\/#breadcrumb\",\"itemListElement\":[{\"@type\":\"ListItem\",\"position\":1,\"name\":\"Home\",\"item\":\"https:\\\/\\\/test.biopapa.lt\\\/en\\\/\"},{\"@type\":\"ListItem\",\"position\":2,\"name\":\"Shop\",\"item\":\"https:\\\/\\\/test.biopapa.lt\\\/en\\\/shop\\\/\"},{\"@type\":\"ListItem\",\"position\":3,\"name\":\"Organic extra virgin olive oil LEVANTE, 3 L\"}]},{\"@type\":\"WebSite\",\"@id\":\"https:\\\/\\\/test.biopapa.lt\\\/#website\",\"url\":\"https:\\\/\\\/test.biopapa.lt\\\/\",\"name\":\"Biopapa\",\"description\":\"\u0160var\u016bs ekologi\u0161ki produktai\",\"publisher\":{\"@id\":\"https:\\\/\\\/test.biopapa.lt\\\/#organization\"},\"potentialAction\":[{\"@type\":\"SearchAction\",\"target\":{\"@type\":\"EntryPoint\",\"urlTemplate\":\"https:\\\/\\\/test.biopapa.lt\\\/?s={search_term_string}\"},\"query-input\":{\"@type\":\"PropertyValueSpecification\",\"valueRequired\":true,\"valueName\":\"search_term_string\"}}],\"inLanguage\":\"en-US\"},{\"@type\":\"Organization\",\"@id\":\"https:\\\/\\\/test.biopapa.lt\\\/#organization\",\"name\":\"Biopapa\",\"url\":\"https:\\\/\\\/test.biopapa.lt\\\/\",\"logo\":{\"@type\":\"ImageObject\",\"inLanguage\":\"en-US\",\"@id\":\"https:\\\/\\\/test.biopapa.lt\\\/#\\\/schema\\\/logo\\\/image\\\/\",\"url\":\"https:\\\/\\\/www.biopapa.lt\\\/wp-content\\\/uploads\\\/2022\\\/04\\\/facebook_biopapa.jpg\",\"contentUrl\":\"https:\\\/\\\/www.biopapa.lt\\\/wp-content\\\/uploads\\\/2022\\\/04\\\/facebook_biopapa.jpg\",\"width\":1733,\"height\":907,\"caption\":\"Biopapa\"},\"image\":{\"@id\":\"https:\\\/\\\/test.biopapa.lt\\\/#\\\/schema\\\/logo\\\/image\\\/\"},\"sameAs\":[\"https:\\\/\\\/www.facebook.com\\\/biopapa.lt\"]}]}<\/script>\n<!-- \/ Yoast SEO plugin. -->","yoast_head_json":{"title":"Organic extra virgin olive oil LEVANTE, 3 L - Biopapa","robots":{"index":"index","follow":"follow","max-snippet":"max-snippet:-1","max-image-preview":"max-image-preview:large","max-video-preview":"max-video-preview:-1"},"canonical":"https:\/\/test.biopapa.lt\/en\/produktas\/organic-extra-virgin-olive-oil-3-l\/","og_locale":"en_US","og_type":"article","og_title":"Organic extra virgin olive oil LEVANTE, 3 L - Biopapa","og_description":"Extra virgin olive oil, extracted directly from the olives and only by mechanical means. The oil was produced exclusively from","og_url":"https:\/\/test.biopapa.lt\/en\/produktas\/organic-extra-virgin-olive-oil-3-l\/","og_site_name":"Biopapa","article_publisher":"https:\/\/www.facebook.com\/biopapa.lt","article_modified_time":"2026-02-12T15:10:55+00:00","og_image":[{"width":800,"height":640,"url":"https:\/\/test.biopapa.lt\/wp-content\/uploads\/2022\/09\/Ekologiskas-pirmojo-spaudimo-alyvuogiu-aliejus-LEVANTE-3-L-.png","type":"image\/png"}],"twitter_card":"summary_large_image","schema":{"@context":"https:\/\/schema.org","@graph":[{"@type":"WebPage","@id":"https:\/\/test.biopapa.lt\/en\/produktas\/organic-extra-virgin-olive-oil-3-l\/","url":"https:\/\/test.biopapa.lt\/en\/produktas\/organic-extra-virgin-olive-oil-3-l\/","name":"Organic extra virgin olive oil LEVANTE, 3 L - Biopapa","isPartOf":{"@id":"https:\/\/test.biopapa.lt\/#website"},"primaryImageOfPage":{"@id":"https:\/\/test.biopapa.lt\/en\/produktas\/organic-extra-virgin-olive-oil-3-l\/#primaryimage"},"image":{"@id":"https:\/\/test.biopapa.lt\/en\/produktas\/organic-extra-virgin-olive-oil-3-l\/#primaryimage"},"thumbnailUrl":"https:\/\/test.biopapa.lt\/wp-content\/uploads\/2022\/09\/Ekologiskas-pirmojo-spaudimo-alyvuogiu-aliejus-LEVANTE-3-L-.png","datePublished":"2022-09-24T04:07:36+00:00","dateModified":"2026-02-12T15:10:55+00:00","breadcrumb":{"@id":"https:\/\/test.biopapa.lt\/en\/produktas\/organic-extra-virgin-olive-oil-3-l\/#breadcrumb"},"inLanguage":"en-US","potentialAction":[{"@type":"ReadAction","target":["https:\/\/test.biopapa.lt\/en\/produktas\/organic-extra-virgin-olive-oil-3-l\/"]}]},{"@type":"ImageObject","inLanguage":"en-US","@id":"https:\/\/test.biopapa.lt\/en\/produktas\/organic-extra-virgin-olive-oil-3-l\/#primaryimage","url":"https:\/\/test.biopapa.lt\/wp-content\/uploads\/2022\/09\/Ekologiskas-pirmojo-spaudimo-alyvuogiu-aliejus-LEVANTE-3-L-.png","contentUrl":"https:\/\/test.biopapa.lt\/wp-content\/uploads\/2022\/09\/Ekologiskas-pirmojo-spaudimo-alyvuogiu-aliejus-LEVANTE-3-L-.png","width":800,"height":640,"caption":"Organic extra virgin olive oil LEVANTE, 3 L"},{"@type":"BreadcrumbList","@id":"https:\/\/test.biopapa.lt\/en\/produktas\/organic-extra-virgin-olive-oil-3-l\/#breadcrumb","itemListElement":[{"@type":"ListItem","position":1,"name":"Home","item":"https:\/\/test.biopapa.lt\/en\/"},{"@type":"ListItem","position":2,"name":"Shop","item":"https:\/\/test.biopapa.lt\/en\/shop\/"},{"@type":"ListItem","position":3,"name":"Organic extra virgin olive oil LEVANTE, 3 L"}]},{"@type":"WebSite","@id":"https:\/\/test.biopapa.lt\/#website","url":"https:\/\/test.biopapa.lt\/","name":"Biopapa","description":"\u0160var\u016bs ekologi\u0161ki produktai","publisher":{"@id":"https:\/\/test.biopapa.lt\/#organization"},"potentialAction":[{"@type":"SearchAction","target":{"@type":"EntryPoint","urlTemplate":"https:\/\/test.biopapa.lt\/?s={search_term_string}"},"query-input":{"@type":"PropertyValueSpecification","valueRequired":true,"valueName":"search_term_string"}}],"inLanguage":"en-US"},{"@type":"Organization","@id":"https:\/\/test.biopapa.lt\/#organization","name":"Biopapa","url":"https:\/\/test.biopapa.lt\/","logo":{"@type":"ImageObject","inLanguage":"en-US","@id":"https:\/\/test.biopapa.lt\/#\/schema\/logo\/image\/","url":"https:\/\/www.biopapa.lt\/wp-content\/uploads\/2022\/04\/facebook_biopapa.jpg","contentUrl":"https:\/\/www.biopapa.lt\/wp-content\/uploads\/2022\/04\/facebook_biopapa.jpg","width":1733,"height":907,"caption":"Biopapa"},"image":{"@id":"https:\/\/test.biopapa.lt\/#\/schema\/logo\/image\/"},"sameAs":["https:\/\/www.facebook.com\/biopapa.lt"]}]}},"_links":{"self":[{"href":"https:\/\/test.biopapa.lt\/en\/wp-json\/wp\/v2\/product\/36079","targetHints":{"allow":["GET"]}}],"collection":[{"href":"https:\/\/test.biopapa.lt\/en\/wp-json\/wp\/v2\/product"}],"about":[{"href":"https:\/\/test.biopapa.lt\/en\/wp-json\/wp\/v2\/types\/product"}],"wp:featuredmedia":[{"embeddable":true,"href":"https:\/\/test.biopapa.lt\/en\/wp-json\/wp\/v2\/media\/29877"}],"wp:attachment":[{"href":"https:\/\/test.biopapa.lt\/en\/wp-json\/wp\/v2\/media?parent=36079"}],"wp:term":[{"taxonomy":"product_brand","embeddable":true,"href":"https:\/\/test.biopapa.lt\/en\/wp-json\/wp\/v2\/product_brand?post=36079"},{"taxonomy":"product_cat","embeddable":true,"href":"https:\/\/test.biopapa.lt\/en\/wp-json\/wp\/v2\/product_cat?post=36079"},{"taxonomy":"product_tag","embeddable":true,"href":"https:\/\/test.biopapa.lt\/en\/wp-json\/wp\/v2\/product_tag?post=36079"}],"curies":[{"name":"wp","href":"https:\/\/api.w.org\/{rel}","templated":true}]}}