{"id":34109,"date":"2023-01-10T18:17:24","date_gmt":"2023-01-10T16:17:24","guid":{"rendered":"https:\/\/www.biopapa.lt\/produktas\/organic-ceremonial-cocoa-mass-paste-criollo-raw\/"},"modified":"2025-11-30T23:08:28","modified_gmt":"2025-11-30T21:08:28","slug":"organic-ceremonial-cocoa-paste-criollo-raw","status":"publish","type":"product","link":"https:\/\/test.biopapa.lt\/en\/produktas\/organic-ceremonial-cocoa-paste-criollo-raw\/","title":{"rendered":"Organic ceremonial cocoa mass Criollo, RAW"},"content":{"rendered":"<p><strong>Organic Ceremonial Cocoa Mass Criollo, RAW<br \/>\n<\/strong>Criollo cocoa<em>(Theobroma cacao L, criollo<\/em>) was cultivated by the Mayans more than 1500 years ago. Criollo cocoa was thought to have originated in Central America and to have developed independently of the cocoa populations in the Amazon basin. We should also be aware that the Mayans and Aztecs did not eat chocolate. The sugar needed to make chocolate did not exist in the Americas before the Spanish. The Maya, Aztecs and other peoples consumed beverages similar to <em>tejate<\/em> or <em>pozole<\/em>, which are still produced in Mexico and Central America.<br \/>\nThese ancient civilisations not only consumed cocoa as a beverage, but also considered it sacred, using it in rituals and ceremonies. The cocoa bean was so highly valued that it was used as currency and took a central place in cultural and spiritual practices. Today, the tradition of ceremonial cacao continues to flourish as people around the world rediscover its potential for emotional healing and spiritual connection.<\/p>\n<p><em>Properties<\/em><br \/>\nCeremonial cocoa is often associated with emotional and spiritual heart-opening experiences.<br \/>\nCocoa beans contain compounds often referred to as the &#8220;love molecule&#8221;, which can influence feelings of happiness, pleasure and even mild euphoria. This can contribute to a better mood and well-being.<\/p>\n<p><em>Attention<\/em><br \/>\nCeremonial cocoa naturally contains caffeine and theobromine. Although the amounts are lower than in coffee, those who are sensitive to caffeine may experience anxiety, nervousness or insomnia.<br \/>\nExcessive consumption of cocoa can cause digestive problems including nausea or diarrhoea, headaches.<br \/>\nCeremonial cocoa may interact with certain medications, especially antidepressants, so be careful. <\/p>\n<p><em>Usage<\/em><br \/>\n30 g of cocoa daily is more than enough.<br \/>\nFor meditation, the average recommended dose is 22-30 g.<br \/>\nFor Ceremonial Cocoa, 40-50 g is recommended. Take the ceremonial doses no more than 3 times a week.<br \/>\nMore than 50 g per serving may be too much, especially for those who are just starting their cocoa journey. It is very important to start with a smaller amount and gradually increase to find the optimal dose, as individual reactions can vary greatly.<br \/>\nCeremonial cocoa is generally safe to consume during pregnancy, but we do not recommend large portions. It is important to monitor your cocoa intake.<\/p>\n<p><em>Hot chocolate<\/em><br \/>\nMelt the cocoa pieces in a hot bath or blend them in a blender after finely chopping them and adding warm (not boiling) water.<br \/>\nGarnish with coconut milk powder or vegetable milk &#8211; oat, almond, coconut milk.<br \/>\nSweeten with your favourite sweetener and experiment with spices such as vanilla, cinnamon, cardamom, cayenne pepper.<\/p>\n<p><em>Make chocolate at home<\/em><br \/>\nMelt the cocoa mass in a hot bath with coconut milk powder or, say, nut butter (not water or vegetable milk) and pour into moulds. Once cooled in the fridge, you can enjoy high quality chocolate.<br \/>\nOnce mixed, you will get an addition to your breakfast porridge, smoothie or salad. <\/p>\n<p><em>Sources<\/em><br \/>\nhttps:\/\/cacaolaboratory.com<br \/>\nhttps:\/\/www.sciencedirect.com<br \/>\nhttps:\/\/www.thechocolatejournalist.com<\/p>\n<p><em>NOTE. The information contained herein should not be construed as a recommendation for treatment or other health issues. We encourage you to make personal decisions about your personal health, taking into account a wide range of sources of information.<\/em><\/p>\n","protected":false},"excerpt":{"rendered":"<p>Organic Ceremonial Cocoa Mass Criollo, RAW Criollo cocoa(Theobroma cacao L, criollo) was cultivated by the Mayans more than 1500 years<\/p>\n","protected":false},"featured_media":28271,"template":"","meta":{"_acf_changed":false},"product_brand":[],"product_cat":[1947,1847,2624],"product_tag":[2056,2038,2092,2088],"class_list":{"0":"post-34109","1":"product","2":"type-product","3":"status-publish","4":"has-post-thumbnail","6":"product_cat-cocoa","7":"product_cat-tea-coffee-cocoa-en","8":"product_cat-top-products","9":"product_tag-keto-diet","10":"product_tag-no-added-sugar","11":"product_tag-raw-diet","12":"product_tag-vegan","13":"pa_svoris-1-kg-en-2","14":"pa_svoris-100-g-en-2","15":"pa_svoris-200-g-en","16":"pa_svoris-25-kg-en","17":"pa_svoris-300-g-en","18":"pa_svoris-400-g-en","19":"pa_svoris-500-g-en-2","21":"first","22":"instock","23":"shipping-taxable","24":"purchasable","25":"product-type-variable"},"acf":[],"yoast_head":"<!-- This site is optimized with the Yoast SEO plugin v27.6 - https:\/\/yoast.com\/product\/yoast-seo-wordpress\/ -->\n<title>Organic ceremonial cocoa mass Criollo, RAW - Biopapa<\/title>\n<meta name=\"description\" content=\"Ceremonial cacao is often associated with emotional and spiritual heart-opening experiences. In ancient times, the cocoa bean was so highly valued that it was used as currency and was central to cultural and spiritual practices.\" \/>\n<meta name=\"robots\" content=\"index, follow, max-snippet:-1, max-image-preview:large, max-video-preview:-1\" \/>\n<link rel=\"canonical\" href=\"https:\/\/test.biopapa.lt\/en\/produktas\/organic-ceremonial-cocoa-paste-criollo-raw\/\" \/>\n<meta property=\"og:locale\" content=\"en_US\" \/>\n<meta property=\"og:type\" content=\"article\" \/>\n<meta property=\"og:title\" content=\"Organic ceremonial cocoa mass Criollo, RAW - Biopapa\" \/>\n<meta property=\"og:description\" content=\"Ceremonial cacao is often associated with emotional and spiritual heart-opening experiences. In ancient times, the cocoa bean was so highly valued that it was used as currency and was central to cultural and spiritual practices.\" \/>\n<meta property=\"og:url\" content=\"https:\/\/test.biopapa.lt\/en\/produktas\/organic-ceremonial-cocoa-paste-criollo-raw\/\" \/>\n<meta property=\"og:site_name\" content=\"Biopapa\" \/>\n<meta property=\"article:publisher\" content=\"https:\/\/www.facebook.com\/biopapa.lt\" \/>\n<meta property=\"article:modified_time\" content=\"2025-11-30T21:08:28+00:00\" \/>\n<meta property=\"og:image\" content=\"https:\/\/test.biopapa.lt\/wp-content\/uploads\/2021\/08\/Ekologiski-kakavos-mases-gabaliukai-RAW-100_-sokoladas.jpg\" \/>\n\t<meta property=\"og:image:width\" content=\"800\" \/>\n\t<meta property=\"og:image:height\" content=\"640\" \/>\n\t<meta property=\"og:image:type\" content=\"image\/jpeg\" \/>\n<meta name=\"twitter:card\" content=\"summary_large_image\" \/>\n<script type=\"application\/ld+json\" class=\"yoast-schema-graph\">{\"@context\":\"https:\\\/\\\/schema.org\",\"@graph\":[{\"@type\":\"WebPage\",\"@id\":\"https:\\\/\\\/test.biopapa.lt\\\/en\\\/produktas\\\/organic-ceremonial-cocoa-paste-criollo-raw\\\/\",\"url\":\"https:\\\/\\\/test.biopapa.lt\\\/en\\\/produktas\\\/organic-ceremonial-cocoa-paste-criollo-raw\\\/\",\"name\":\"Organic ceremonial cocoa mass Criollo, RAW - Biopapa\",\"isPartOf\":{\"@id\":\"https:\\\/\\\/test.biopapa.lt\\\/#website\"},\"primaryImageOfPage\":{\"@id\":\"https:\\\/\\\/test.biopapa.lt\\\/en\\\/produktas\\\/organic-ceremonial-cocoa-paste-criollo-raw\\\/#primaryimage\"},\"image\":{\"@id\":\"https:\\\/\\\/test.biopapa.lt\\\/en\\\/produktas\\\/organic-ceremonial-cocoa-paste-criollo-raw\\\/#primaryimage\"},\"thumbnailUrl\":\"https:\\\/\\\/test.biopapa.lt\\\/wp-content\\\/uploads\\\/2021\\\/08\\\/Ekologiski-kakavos-mases-gabaliukai-RAW-100_-sokoladas.jpg\",\"datePublished\":\"2023-01-10T16:17:24+00:00\",\"dateModified\":\"2025-11-30T21:08:28+00:00\",\"description\":\"Ceremonial cacao is often associated with emotional and spiritual heart-opening experiences. In ancient times, the cocoa bean was so highly valued that it was used as currency and was central to cultural and spiritual practices.\",\"breadcrumb\":{\"@id\":\"https:\\\/\\\/test.biopapa.lt\\\/en\\\/produktas\\\/organic-ceremonial-cocoa-paste-criollo-raw\\\/#breadcrumb\"},\"inLanguage\":\"en-US\",\"potentialAction\":[{\"@type\":\"ReadAction\",\"target\":[\"https:\\\/\\\/test.biopapa.lt\\\/en\\\/produktas\\\/organic-ceremonial-cocoa-paste-criollo-raw\\\/\"]}]},{\"@type\":\"ImageObject\",\"inLanguage\":\"en-US\",\"@id\":\"https:\\\/\\\/test.biopapa.lt\\\/en\\\/produktas\\\/organic-ceremonial-cocoa-paste-criollo-raw\\\/#primaryimage\",\"url\":\"https:\\\/\\\/test.biopapa.lt\\\/wp-content\\\/uploads\\\/2021\\\/08\\\/Ekologiski-kakavos-mases-gabaliukai-RAW-100_-sokoladas.jpg\",\"contentUrl\":\"https:\\\/\\\/test.biopapa.lt\\\/wp-content\\\/uploads\\\/2021\\\/08\\\/Ekologiski-kakavos-mases-gabaliukai-RAW-100_-sokoladas.jpg\",\"width\":800,\"height\":640,\"caption\":\"Organic cocoa paste pieces (RAW), 100_ chocolate\"},{\"@type\":\"BreadcrumbList\",\"@id\":\"https:\\\/\\\/test.biopapa.lt\\\/en\\\/produktas\\\/organic-ceremonial-cocoa-paste-criollo-raw\\\/#breadcrumb\",\"itemListElement\":[{\"@type\":\"ListItem\",\"position\":1,\"name\":\"Home\",\"item\":\"https:\\\/\\\/test.biopapa.lt\\\/en\\\/\"},{\"@type\":\"ListItem\",\"position\":2,\"name\":\"Shop\",\"item\":\"https:\\\/\\\/test.biopapa.lt\\\/en\\\/shop\\\/\"},{\"@type\":\"ListItem\",\"position\":3,\"name\":\"Organic ceremonial cocoa mass Criollo, RAW\"}]},{\"@type\":\"WebSite\",\"@id\":\"https:\\\/\\\/test.biopapa.lt\\\/#website\",\"url\":\"https:\\\/\\\/test.biopapa.lt\\\/\",\"name\":\"Biopapa\",\"description\":\"\u0160var\u016bs ekologi\u0161ki produktai\",\"publisher\":{\"@id\":\"https:\\\/\\\/test.biopapa.lt\\\/#organization\"},\"potentialAction\":[{\"@type\":\"SearchAction\",\"target\":{\"@type\":\"EntryPoint\",\"urlTemplate\":\"https:\\\/\\\/test.biopapa.lt\\\/?s={search_term_string}\"},\"query-input\":{\"@type\":\"PropertyValueSpecification\",\"valueRequired\":true,\"valueName\":\"search_term_string\"}}],\"inLanguage\":\"en-US\"},{\"@type\":\"Organization\",\"@id\":\"https:\\\/\\\/test.biopapa.lt\\\/#organization\",\"name\":\"Biopapa\",\"url\":\"https:\\\/\\\/test.biopapa.lt\\\/\",\"logo\":{\"@type\":\"ImageObject\",\"inLanguage\":\"en-US\",\"@id\":\"https:\\\/\\\/test.biopapa.lt\\\/#\\\/schema\\\/logo\\\/image\\\/\",\"url\":\"https:\\\/\\\/www.biopapa.lt\\\/wp-content\\\/uploads\\\/2022\\\/04\\\/facebook_biopapa.jpg\",\"contentUrl\":\"https:\\\/\\\/www.biopapa.lt\\\/wp-content\\\/uploads\\\/2022\\\/04\\\/facebook_biopapa.jpg\",\"width\":1733,\"height\":907,\"caption\":\"Biopapa\"},\"image\":{\"@id\":\"https:\\\/\\\/test.biopapa.lt\\\/#\\\/schema\\\/logo\\\/image\\\/\"},\"sameAs\":[\"https:\\\/\\\/www.facebook.com\\\/biopapa.lt\"]}]}<\/script>\n<!-- \/ Yoast SEO plugin. -->","yoast_head_json":{"title":"Organic ceremonial cocoa mass Criollo, RAW - Biopapa","description":"Ceremonial cacao is often associated with emotional and spiritual heart-opening experiences. In ancient times, the cocoa bean was so highly valued that it was used as currency and was central to cultural and spiritual practices.","robots":{"index":"index","follow":"follow","max-snippet":"max-snippet:-1","max-image-preview":"max-image-preview:large","max-video-preview":"max-video-preview:-1"},"canonical":"https:\/\/test.biopapa.lt\/en\/produktas\/organic-ceremonial-cocoa-paste-criollo-raw\/","og_locale":"en_US","og_type":"article","og_title":"Organic ceremonial cocoa mass Criollo, RAW - Biopapa","og_description":"Ceremonial cacao is often associated with emotional and spiritual heart-opening experiences. In ancient times, the cocoa bean was so highly valued that it was used as currency and was central to cultural and spiritual practices.","og_url":"https:\/\/test.biopapa.lt\/en\/produktas\/organic-ceremonial-cocoa-paste-criollo-raw\/","og_site_name":"Biopapa","article_publisher":"https:\/\/www.facebook.com\/biopapa.lt","article_modified_time":"2025-11-30T21:08:28+00:00","og_image":[{"width":800,"height":640,"url":"https:\/\/test.biopapa.lt\/wp-content\/uploads\/2021\/08\/Ekologiski-kakavos-mases-gabaliukai-RAW-100_-sokoladas.jpg","type":"image\/jpeg"}],"twitter_card":"summary_large_image","schema":{"@context":"https:\/\/schema.org","@graph":[{"@type":"WebPage","@id":"https:\/\/test.biopapa.lt\/en\/produktas\/organic-ceremonial-cocoa-paste-criollo-raw\/","url":"https:\/\/test.biopapa.lt\/en\/produktas\/organic-ceremonial-cocoa-paste-criollo-raw\/","name":"Organic ceremonial cocoa mass Criollo, RAW - Biopapa","isPartOf":{"@id":"https:\/\/test.biopapa.lt\/#website"},"primaryImageOfPage":{"@id":"https:\/\/test.biopapa.lt\/en\/produktas\/organic-ceremonial-cocoa-paste-criollo-raw\/#primaryimage"},"image":{"@id":"https:\/\/test.biopapa.lt\/en\/produktas\/organic-ceremonial-cocoa-paste-criollo-raw\/#primaryimage"},"thumbnailUrl":"https:\/\/test.biopapa.lt\/wp-content\/uploads\/2021\/08\/Ekologiski-kakavos-mases-gabaliukai-RAW-100_-sokoladas.jpg","datePublished":"2023-01-10T16:17:24+00:00","dateModified":"2025-11-30T21:08:28+00:00","description":"Ceremonial cacao is often associated with emotional and spiritual heart-opening experiences. In ancient times, the cocoa bean was so highly valued that it was used as currency and was central to cultural and spiritual practices.","breadcrumb":{"@id":"https:\/\/test.biopapa.lt\/en\/produktas\/organic-ceremonial-cocoa-paste-criollo-raw\/#breadcrumb"},"inLanguage":"en-US","potentialAction":[{"@type":"ReadAction","target":["https:\/\/test.biopapa.lt\/en\/produktas\/organic-ceremonial-cocoa-paste-criollo-raw\/"]}]},{"@type":"ImageObject","inLanguage":"en-US","@id":"https:\/\/test.biopapa.lt\/en\/produktas\/organic-ceremonial-cocoa-paste-criollo-raw\/#primaryimage","url":"https:\/\/test.biopapa.lt\/wp-content\/uploads\/2021\/08\/Ekologiski-kakavos-mases-gabaliukai-RAW-100_-sokoladas.jpg","contentUrl":"https:\/\/test.biopapa.lt\/wp-content\/uploads\/2021\/08\/Ekologiski-kakavos-mases-gabaliukai-RAW-100_-sokoladas.jpg","width":800,"height":640,"caption":"Organic cocoa paste pieces (RAW), 100_ chocolate"},{"@type":"BreadcrumbList","@id":"https:\/\/test.biopapa.lt\/en\/produktas\/organic-ceremonial-cocoa-paste-criollo-raw\/#breadcrumb","itemListElement":[{"@type":"ListItem","position":1,"name":"Home","item":"https:\/\/test.biopapa.lt\/en\/"},{"@type":"ListItem","position":2,"name":"Shop","item":"https:\/\/test.biopapa.lt\/en\/shop\/"},{"@type":"ListItem","position":3,"name":"Organic ceremonial cocoa mass Criollo, RAW"}]},{"@type":"WebSite","@id":"https:\/\/test.biopapa.lt\/#website","url":"https:\/\/test.biopapa.lt\/","name":"Biopapa","description":"\u0160var\u016bs ekologi\u0161ki produktai","publisher":{"@id":"https:\/\/test.biopapa.lt\/#organization"},"potentialAction":[{"@type":"SearchAction","target":{"@type":"EntryPoint","urlTemplate":"https:\/\/test.biopapa.lt\/?s={search_term_string}"},"query-input":{"@type":"PropertyValueSpecification","valueRequired":true,"valueName":"search_term_string"}}],"inLanguage":"en-US"},{"@type":"Organization","@id":"https:\/\/test.biopapa.lt\/#organization","name":"Biopapa","url":"https:\/\/test.biopapa.lt\/","logo":{"@type":"ImageObject","inLanguage":"en-US","@id":"https:\/\/test.biopapa.lt\/#\/schema\/logo\/image\/","url":"https:\/\/www.biopapa.lt\/wp-content\/uploads\/2022\/04\/facebook_biopapa.jpg","contentUrl":"https:\/\/www.biopapa.lt\/wp-content\/uploads\/2022\/04\/facebook_biopapa.jpg","width":1733,"height":907,"caption":"Biopapa"},"image":{"@id":"https:\/\/test.biopapa.lt\/#\/schema\/logo\/image\/"},"sameAs":["https:\/\/www.facebook.com\/biopapa.lt"]}]}},"_links":{"self":[{"href":"https:\/\/test.biopapa.lt\/en\/wp-json\/wp\/v2\/product\/34109","targetHints":{"allow":["GET"]}}],"collection":[{"href":"https:\/\/test.biopapa.lt\/en\/wp-json\/wp\/v2\/product"}],"about":[{"href":"https:\/\/test.biopapa.lt\/en\/wp-json\/wp\/v2\/types\/product"}],"wp:featuredmedia":[{"embeddable":true,"href":"https:\/\/test.biopapa.lt\/en\/wp-json\/wp\/v2\/media\/28271"}],"wp:attachment":[{"href":"https:\/\/test.biopapa.lt\/en\/wp-json\/wp\/v2\/media?parent=34109"}],"wp:term":[{"taxonomy":"product_brand","embeddable":true,"href":"https:\/\/test.biopapa.lt\/en\/wp-json\/wp\/v2\/product_brand?post=34109"},{"taxonomy":"product_cat","embeddable":true,"href":"https:\/\/test.biopapa.lt\/en\/wp-json\/wp\/v2\/product_cat?post=34109"},{"taxonomy":"product_tag","embeddable":true,"href":"https:\/\/test.biopapa.lt\/en\/wp-json\/wp\/v2\/product_tag?post=34109"}],"curies":[{"name":"wp","href":"https:\/\/api.w.org\/{rel}","templated":true}]}}