{"id":32644,"date":"2021-09-17T21:44:28","date_gmt":"2021-09-17T18:44:28","guid":{"rendered":"https:\/\/www.biopapa.lt\/produktas\/organic-goji-berries-dried\/"},"modified":"2025-05-26T13:23:59","modified_gmt":"2025-05-26T10:23:59","slug":"organic-goji-berries","status":"publish","type":"product","link":"https:\/\/test.biopapa.lt\/en\/produktas\/organic-goji-berries\/","title":{"rendered":"Organic Goji berries"},"content":{"rendered":"<p><strong>Organic Goji berries, dried<\/strong><br \/>\n<strong>Goji<\/strong> berries, <em>Lycium barbarum<\/em>, are small, bright red fruits native to the Himalayan region of Asia, particularly China and Tibet. With a history dating back more than 2,000 years, the goji berry has long been revered in Traditional Chinese Medicine (TCM) for its health-enhancing properties. In Chinese culture, these berries are often referred to as &#8220;gou qi zi&#8221; and have traditionally been used to increase vitality, support the immune system and promote longevity. According to this ancient tradition, they are a symbol of health and prosperity.<\/p>\n<p><em>Caution<\/em><br \/>\nWhen consumed in large quantities, Goji berries may interact with blood-thinning drugs that affect blood pressure. Be careful.<br \/>\nExcessive consumption of goji berries may cause digestive problems including diarrhoea or stomach cramps. <\/p>\n<p><em>Uses<\/em><br \/>\n&#8211; Enjoy goji berries as a nutritious snack, you can mix them with nuts and seeds.<br \/>\n&#8211; Soak dried goji berries in hot water for a soothing and nutritious tea.<br \/>\n&#8211; Add goji berries to muffin, cookie or energy bar recipes for extra nutrients with your favourite treats.<br \/>\n&#8211; Sprinkle goji berries on your salads.<\/p>\n<p>The recommended daily dose is 15-30 g.<br \/>\nStart with a small amount and gradually increase your intake.<\/p>\n<p><em>NOTE. The information contained herein should not be construed as a recommendation for treatment or other health issues. We encourage you to make personal decisions about your personal health, taking into account a wide range of sources of information.<\/em><\/p>\n","protected":false},"excerpt":{"rendered":"<p>Organic Goji berries, dried Goji berries, Lycium barbarum, are small, bright red fruits native to the Himalayan region of Asia,<\/p>\n","protected":false},"featured_media":28699,"template":"","meta":{"_acf_changed":false},"product_brand":[],"product_cat":[1960,1849],"product_tag":[2038,2384,2088],"class_list":{"0":"post-32644","1":"product","2":"type-product","3":"status-publish","4":"has-post-thumbnail","6":"product_cat-dried-berries","7":"product_cat-dried-fruit-berries-and-vegetables","8":"product_tag-no-added-sugar","9":"product_tag-organic","10":"product_tag-vegan","11":"pa_svoris-1-kg-en-2","12":"pa_svoris-100-g-en-2","13":"pa_svoris-20-kg-en","14":"pa_svoris-200-g-en","15":"pa_svoris-300-g-en","16":"pa_svoris-400-g-en","17":"pa_svoris-5-kg-en-2","18":"pa_svoris-500-g-en-2","20":"first","21":"instock","22":"shipping-taxable","23":"purchasable","24":"product-type-variable"},"acf":[],"yoast_head":"<!-- This site is optimized with the Yoast SEO plugin v27.6 - https:\/\/yoast.com\/product\/yoast-seo-wordpress\/ -->\n<title>Organic Goji berries - Biopapa<\/title>\n<meta name=\"description\" content=\"Goji berries have long been revered for their health-promoting properties. In Chinese culture, these berries are often referred to as &quot;gou qi zi&quot; and have traditionally been used to increase vitality, support the immune system and promote longevity. According to this ancient tradition, they are a symbol of health and prosperity.\" \/>\n<meta name=\"robots\" content=\"index, follow, max-snippet:-1, max-image-preview:large, max-video-preview:-1\" \/>\n<link rel=\"canonical\" href=\"https:\/\/test.biopapa.lt\/en\/produktas\/organic-goji-berries\/\" \/>\n<meta property=\"og:locale\" content=\"en_US\" \/>\n<meta property=\"og:type\" content=\"article\" \/>\n<meta property=\"og:title\" content=\"Organic Goji berries - Biopapa\" \/>\n<meta property=\"og:description\" content=\"Goji berries have long been revered for their health-promoting properties. In Chinese culture, these berries are often referred to as &quot;gou qi zi&quot; and have traditionally been used to increase vitality, support the immune system and promote longevity. According to this ancient tradition, they are a symbol of health and prosperity.\" \/>\n<meta property=\"og:url\" content=\"https:\/\/test.biopapa.lt\/en\/produktas\/organic-goji-berries\/\" \/>\n<meta property=\"og:site_name\" content=\"Biopapa\" \/>\n<meta property=\"article:publisher\" content=\"https:\/\/www.facebook.com\/biopapa.lt\" \/>\n<meta property=\"article:modified_time\" content=\"2025-05-26T10:23:59+00:00\" \/>\n<meta property=\"og:image\" content=\"https:\/\/test.biopapa.lt\/wp-content\/uploads\/2021\/09\/Ekologiskos-dygliuotojo-ozerskio-Goji-Godzi-uogos-dziovintos.jpg\" \/>\n\t<meta property=\"og:image:width\" content=\"800\" \/>\n\t<meta property=\"og:image:height\" content=\"640\" \/>\n\t<meta property=\"og:image:type\" content=\"image\/jpeg\" \/>\n<meta name=\"twitter:card\" content=\"summary_large_image\" \/>\n<script type=\"application\/ld+json\" class=\"yoast-schema-graph\">{\"@context\":\"https:\\\/\\\/schema.org\",\"@graph\":[{\"@type\":\"WebPage\",\"@id\":\"https:\\\/\\\/test.biopapa.lt\\\/en\\\/produktas\\\/organic-goji-berries\\\/\",\"url\":\"https:\\\/\\\/test.biopapa.lt\\\/en\\\/produktas\\\/organic-goji-berries\\\/\",\"name\":\"Organic Goji berries - Biopapa\",\"isPartOf\":{\"@id\":\"https:\\\/\\\/test.biopapa.lt\\\/#website\"},\"primaryImageOfPage\":{\"@id\":\"https:\\\/\\\/test.biopapa.lt\\\/en\\\/produktas\\\/organic-goji-berries\\\/#primaryimage\"},\"image\":{\"@id\":\"https:\\\/\\\/test.biopapa.lt\\\/en\\\/produktas\\\/organic-goji-berries\\\/#primaryimage\"},\"thumbnailUrl\":\"https:\\\/\\\/test.biopapa.lt\\\/wp-content\\\/uploads\\\/2021\\\/09\\\/Ekologiskos-dygliuotojo-ozerskio-Goji-Godzi-uogos-dziovintos.jpg\",\"datePublished\":\"2021-09-17T18:44:28+00:00\",\"dateModified\":\"2025-05-26T10:23:59+00:00\",\"description\":\"Goji berries have long been revered for their health-promoting properties. In Chinese culture, these berries are often referred to as \\\"gou qi zi\\\" and have traditionally been used to increase vitality, support the immune system and promote longevity. According to this ancient tradition, they are a symbol of health and prosperity.\",\"breadcrumb\":{\"@id\":\"https:\\\/\\\/test.biopapa.lt\\\/en\\\/produktas\\\/organic-goji-berries\\\/#breadcrumb\"},\"inLanguage\":\"en-US\",\"potentialAction\":[{\"@type\":\"ReadAction\",\"target\":[\"https:\\\/\\\/test.biopapa.lt\\\/en\\\/produktas\\\/organic-goji-berries\\\/\"]}]},{\"@type\":\"ImageObject\",\"inLanguage\":\"en-US\",\"@id\":\"https:\\\/\\\/test.biopapa.lt\\\/en\\\/produktas\\\/organic-goji-berries\\\/#primaryimage\",\"url\":\"https:\\\/\\\/test.biopapa.lt\\\/wp-content\\\/uploads\\\/2021\\\/09\\\/Ekologiskos-dygliuotojo-ozerskio-Goji-Godzi-uogos-dziovintos.jpg\",\"contentUrl\":\"https:\\\/\\\/test.biopapa.lt\\\/wp-content\\\/uploads\\\/2021\\\/09\\\/Ekologiskos-dygliuotojo-ozerskio-Goji-Godzi-uogos-dziovintos.jpg\",\"width\":800,\"height\":640,\"caption\":\"Organic Goji berries, dried\"},{\"@type\":\"BreadcrumbList\",\"@id\":\"https:\\\/\\\/test.biopapa.lt\\\/en\\\/produktas\\\/organic-goji-berries\\\/#breadcrumb\",\"itemListElement\":[{\"@type\":\"ListItem\",\"position\":1,\"name\":\"Home\",\"item\":\"https:\\\/\\\/test.biopapa.lt\\\/en\\\/\"},{\"@type\":\"ListItem\",\"position\":2,\"name\":\"Shop\",\"item\":\"https:\\\/\\\/test.biopapa.lt\\\/en\\\/shop\\\/\"},{\"@type\":\"ListItem\",\"position\":3,\"name\":\"Organic Goji berries\"}]},{\"@type\":\"WebSite\",\"@id\":\"https:\\\/\\\/test.biopapa.lt\\\/#website\",\"url\":\"https:\\\/\\\/test.biopapa.lt\\\/\",\"name\":\"Biopapa\",\"description\":\"\u0160var\u016bs ekologi\u0161ki produktai\",\"publisher\":{\"@id\":\"https:\\\/\\\/test.biopapa.lt\\\/#organization\"},\"potentialAction\":[{\"@type\":\"SearchAction\",\"target\":{\"@type\":\"EntryPoint\",\"urlTemplate\":\"https:\\\/\\\/test.biopapa.lt\\\/?s={search_term_string}\"},\"query-input\":{\"@type\":\"PropertyValueSpecification\",\"valueRequired\":true,\"valueName\":\"search_term_string\"}}],\"inLanguage\":\"en-US\"},{\"@type\":\"Organization\",\"@id\":\"https:\\\/\\\/test.biopapa.lt\\\/#organization\",\"name\":\"Biopapa\",\"url\":\"https:\\\/\\\/test.biopapa.lt\\\/\",\"logo\":{\"@type\":\"ImageObject\",\"inLanguage\":\"en-US\",\"@id\":\"https:\\\/\\\/test.biopapa.lt\\\/#\\\/schema\\\/logo\\\/image\\\/\",\"url\":\"https:\\\/\\\/www.biopapa.lt\\\/wp-content\\\/uploads\\\/2022\\\/04\\\/facebook_biopapa.jpg\",\"contentUrl\":\"https:\\\/\\\/www.biopapa.lt\\\/wp-content\\\/uploads\\\/2022\\\/04\\\/facebook_biopapa.jpg\",\"width\":1733,\"height\":907,\"caption\":\"Biopapa\"},\"image\":{\"@id\":\"https:\\\/\\\/test.biopapa.lt\\\/#\\\/schema\\\/logo\\\/image\\\/\"},\"sameAs\":[\"https:\\\/\\\/www.facebook.com\\\/biopapa.lt\"]}]}<\/script>\n<!-- \/ Yoast SEO plugin. -->","yoast_head_json":{"title":"Organic Goji berries - Biopapa","description":"Goji berries have long been revered for their health-promoting properties. In Chinese culture, these berries are often referred to as \"gou qi zi\" and have traditionally been used to increase vitality, support the immune system and promote longevity. According to this ancient tradition, they are a symbol of health and prosperity.","robots":{"index":"index","follow":"follow","max-snippet":"max-snippet:-1","max-image-preview":"max-image-preview:large","max-video-preview":"max-video-preview:-1"},"canonical":"https:\/\/test.biopapa.lt\/en\/produktas\/organic-goji-berries\/","og_locale":"en_US","og_type":"article","og_title":"Organic Goji berries - Biopapa","og_description":"Goji berries have long been revered for their health-promoting properties. In Chinese culture, these berries are often referred to as \"gou qi zi\" and have traditionally been used to increase vitality, support the immune system and promote longevity. According to this ancient tradition, they are a symbol of health and prosperity.","og_url":"https:\/\/test.biopapa.lt\/en\/produktas\/organic-goji-berries\/","og_site_name":"Biopapa","article_publisher":"https:\/\/www.facebook.com\/biopapa.lt","article_modified_time":"2025-05-26T10:23:59+00:00","og_image":[{"width":800,"height":640,"url":"https:\/\/test.biopapa.lt\/wp-content\/uploads\/2021\/09\/Ekologiskos-dygliuotojo-ozerskio-Goji-Godzi-uogos-dziovintos.jpg","type":"image\/jpeg"}],"twitter_card":"summary_large_image","schema":{"@context":"https:\/\/schema.org","@graph":[{"@type":"WebPage","@id":"https:\/\/test.biopapa.lt\/en\/produktas\/organic-goji-berries\/","url":"https:\/\/test.biopapa.lt\/en\/produktas\/organic-goji-berries\/","name":"Organic Goji berries - Biopapa","isPartOf":{"@id":"https:\/\/test.biopapa.lt\/#website"},"primaryImageOfPage":{"@id":"https:\/\/test.biopapa.lt\/en\/produktas\/organic-goji-berries\/#primaryimage"},"image":{"@id":"https:\/\/test.biopapa.lt\/en\/produktas\/organic-goji-berries\/#primaryimage"},"thumbnailUrl":"https:\/\/test.biopapa.lt\/wp-content\/uploads\/2021\/09\/Ekologiskos-dygliuotojo-ozerskio-Goji-Godzi-uogos-dziovintos.jpg","datePublished":"2021-09-17T18:44:28+00:00","dateModified":"2025-05-26T10:23:59+00:00","description":"Goji berries have long been revered for their health-promoting properties. In Chinese culture, these berries are often referred to as \"gou qi zi\" and have traditionally been used to increase vitality, support the immune system and promote longevity. According to this ancient tradition, they are a symbol of health and prosperity.","breadcrumb":{"@id":"https:\/\/test.biopapa.lt\/en\/produktas\/organic-goji-berries\/#breadcrumb"},"inLanguage":"en-US","potentialAction":[{"@type":"ReadAction","target":["https:\/\/test.biopapa.lt\/en\/produktas\/organic-goji-berries\/"]}]},{"@type":"ImageObject","inLanguage":"en-US","@id":"https:\/\/test.biopapa.lt\/en\/produktas\/organic-goji-berries\/#primaryimage","url":"https:\/\/test.biopapa.lt\/wp-content\/uploads\/2021\/09\/Ekologiskos-dygliuotojo-ozerskio-Goji-Godzi-uogos-dziovintos.jpg","contentUrl":"https:\/\/test.biopapa.lt\/wp-content\/uploads\/2021\/09\/Ekologiskos-dygliuotojo-ozerskio-Goji-Godzi-uogos-dziovintos.jpg","width":800,"height":640,"caption":"Organic Goji berries, dried"},{"@type":"BreadcrumbList","@id":"https:\/\/test.biopapa.lt\/en\/produktas\/organic-goji-berries\/#breadcrumb","itemListElement":[{"@type":"ListItem","position":1,"name":"Home","item":"https:\/\/test.biopapa.lt\/en\/"},{"@type":"ListItem","position":2,"name":"Shop","item":"https:\/\/test.biopapa.lt\/en\/shop\/"},{"@type":"ListItem","position":3,"name":"Organic Goji berries"}]},{"@type":"WebSite","@id":"https:\/\/test.biopapa.lt\/#website","url":"https:\/\/test.biopapa.lt\/","name":"Biopapa","description":"\u0160var\u016bs ekologi\u0161ki produktai","publisher":{"@id":"https:\/\/test.biopapa.lt\/#organization"},"potentialAction":[{"@type":"SearchAction","target":{"@type":"EntryPoint","urlTemplate":"https:\/\/test.biopapa.lt\/?s={search_term_string}"},"query-input":{"@type":"PropertyValueSpecification","valueRequired":true,"valueName":"search_term_string"}}],"inLanguage":"en-US"},{"@type":"Organization","@id":"https:\/\/test.biopapa.lt\/#organization","name":"Biopapa","url":"https:\/\/test.biopapa.lt\/","logo":{"@type":"ImageObject","inLanguage":"en-US","@id":"https:\/\/test.biopapa.lt\/#\/schema\/logo\/image\/","url":"https:\/\/www.biopapa.lt\/wp-content\/uploads\/2022\/04\/facebook_biopapa.jpg","contentUrl":"https:\/\/www.biopapa.lt\/wp-content\/uploads\/2022\/04\/facebook_biopapa.jpg","width":1733,"height":907,"caption":"Biopapa"},"image":{"@id":"https:\/\/test.biopapa.lt\/#\/schema\/logo\/image\/"},"sameAs":["https:\/\/www.facebook.com\/biopapa.lt"]}]}},"_links":{"self":[{"href":"https:\/\/test.biopapa.lt\/en\/wp-json\/wp\/v2\/product\/32644","targetHints":{"allow":["GET"]}}],"collection":[{"href":"https:\/\/test.biopapa.lt\/en\/wp-json\/wp\/v2\/product"}],"about":[{"href":"https:\/\/test.biopapa.lt\/en\/wp-json\/wp\/v2\/types\/product"}],"wp:featuredmedia":[{"embeddable":true,"href":"https:\/\/test.biopapa.lt\/en\/wp-json\/wp\/v2\/media\/28699"}],"wp:attachment":[{"href":"https:\/\/test.biopapa.lt\/en\/wp-json\/wp\/v2\/media?parent=32644"}],"wp:term":[{"taxonomy":"product_brand","embeddable":true,"href":"https:\/\/test.biopapa.lt\/en\/wp-json\/wp\/v2\/product_brand?post=32644"},{"taxonomy":"product_cat","embeddable":true,"href":"https:\/\/test.biopapa.lt\/en\/wp-json\/wp\/v2\/product_cat?post=32644"},{"taxonomy":"product_tag","embeddable":true,"href":"https:\/\/test.biopapa.lt\/en\/wp-json\/wp\/v2\/product_tag?post=32644"}],"curies":[{"name":"wp","href":"https:\/\/api.w.org\/{rel}","templated":true}]}}