{"id":32067,"date":"2024-09-20T11:00:49","date_gmt":"2024-09-20T08:00:49","guid":{"rendered":"https:\/\/www.biopapa.lt\/produktas\/organic-alfalfa-powder\/"},"modified":"2025-03-21T19:29:54","modified_gmt":"2025-03-21T17:29:54","slug":"organic-blueflower-alfalfa-powder","status":"publish","type":"product","link":"https:\/\/test.biopapa.lt\/en\/produktas\/organic-blueflower-alfalfa-powder\/","title":{"rendered":"Organic Alfalfa powder"},"content":{"rendered":"<p>Blue-flowered alfalfa is a perennial (up to 10 years) plant with many stems in the Fabaceae family. Alfalfa improves the soil, and is an herbaceous, woody and medicinal plant. Blooms from June to September. It grows in the hills and can withstand drought. It prefers non-acidic soils.<br \/>\nBlue-flowered alfalfa draws its valuable mycoelements and minerals from deep in the ground. Its roots penetrate deeper and feed on trace elements that are not available at the surface.<br \/>\nAlfalfa is believed to be one of the first edible plants known to mankind. Its Arabic name means &#8220;father of all food0&#8221;.   It is clear that alfalfa was vital to people in ancient times. It has been used in traditional medicine, such as Chinese or Ayurveda, for over 1500 years.<\/p>\n<p><em>Usage<br \/>\n<\/em>Organic blue alfalfa powder will enrich your food with biologically valuable substances.<br \/>\nAlfalfa has a mild flavour and is ideal for use in porridges, smoothies, sauces, soups, garnishes and stews. It is a good addition to salads and can be used to make alfalfa tea. <\/p>\n<p>The recommended daily intake is 1-2 teaspoons.<\/p>\n<p><em>NOTE. The information contained herein should not be construed as a recommendation for treatment or other health issues. We encourage you to make personal decisions about your personal health, taking into account a wide range of sources of information.   <\/em><\/p>\n","protected":false},"excerpt":{"rendered":"<p>Blue-flowered alfalfa is a perennial (up to 10 years) plant with many stems in the Fabaceae family. Alfalfa improves the<\/p>\n","protected":false},"featured_media":60732,"template":"","meta":{"_acf_changed":false},"product_brand":[],"product_cat":[1848,2353],"product_tag":[2078,2030,2384,2088],"class_list":{"0":"post-32067","1":"product","2":"type-product","3":"status-publish","4":"has-post-thumbnail","6":"product_cat-plant-based-superfood","7":"product_cat-powder","8":"product_tag-a-source-of-fiber","9":"product_tag-a-source-of-protein","10":"product_tag-organic","11":"product_tag-vegan","12":"pa_svoris-1-kg-en-2","13":"pa_svoris-100-g-en-2","14":"pa_svoris-20-kg-en","15":"pa_svoris-200-g-en","16":"pa_svoris-300-g-en","17":"pa_svoris-400-g-en","18":"pa_svoris-50-g-en","19":"pa_svoris-500-g-en-2","21":"first","22":"instock","23":"shipping-taxable","24":"purchasable","25":"product-type-variable"},"acf":[],"yoast_head":"<!-- This site is optimized with the Yoast SEO plugin v27.6 - https:\/\/yoast.com\/product\/yoast-seo-wordpress\/ -->\n<title>Organic Alfalfa powder - Biopapa<\/title>\n<meta name=\"description\" content=\"Alfalfa is believed to be one of the first edible plants known to mankind. In Arabic, its name means &quot;father of all food&quot;\" \/>\n<meta name=\"robots\" content=\"index, follow, max-snippet:-1, max-image-preview:large, max-video-preview:-1\" \/>\n<link rel=\"canonical\" href=\"https:\/\/test.biopapa.lt\/en\/produktas\/organic-blueflower-alfalfa-powder\/\" \/>\n<meta property=\"og:locale\" content=\"en_US\" \/>\n<meta property=\"og:type\" content=\"article\" \/>\n<meta property=\"og:title\" content=\"Organic Alfalfa powder - Biopapa\" \/>\n<meta property=\"og:description\" content=\"Alfalfa is believed to be one of the first edible plants known to mankind. In Arabic, its name means &quot;father of all food&quot;\" \/>\n<meta property=\"og:url\" content=\"https:\/\/test.biopapa.lt\/en\/produktas\/organic-blueflower-alfalfa-powder\/\" \/>\n<meta property=\"og:site_name\" content=\"Biopapa\" \/>\n<meta property=\"article:publisher\" content=\"https:\/\/www.facebook.com\/biopapa.lt\" \/>\n<meta property=\"article:modified_time\" content=\"2025-03-21T17:29:54+00:00\" \/>\n<meta property=\"og:image\" content=\"https:\/\/test.biopapa.lt\/wp-content\/uploads\/2024\/09\/Ekologiski-melynziedes-liucernos-Alfalfa-milteliai.png\" \/>\n\t<meta property=\"og:image:width\" content=\"800\" \/>\n\t<meta property=\"og:image:height\" content=\"640\" \/>\n\t<meta property=\"og:image:type\" content=\"image\/png\" \/>\n<meta name=\"twitter:card\" content=\"summary_large_image\" \/>\n<script type=\"application\/ld+json\" class=\"yoast-schema-graph\">{\"@context\":\"https:\\\/\\\/schema.org\",\"@graph\":[{\"@type\":\"WebPage\",\"@id\":\"https:\\\/\\\/test.biopapa.lt\\\/en\\\/produktas\\\/organic-blueflower-alfalfa-powder\\\/\",\"url\":\"https:\\\/\\\/test.biopapa.lt\\\/en\\\/produktas\\\/organic-blueflower-alfalfa-powder\\\/\",\"name\":\"Organic Alfalfa powder - Biopapa\",\"isPartOf\":{\"@id\":\"https:\\\/\\\/test.biopapa.lt\\\/#website\"},\"primaryImageOfPage\":{\"@id\":\"https:\\\/\\\/test.biopapa.lt\\\/en\\\/produktas\\\/organic-blueflower-alfalfa-powder\\\/#primaryimage\"},\"image\":{\"@id\":\"https:\\\/\\\/test.biopapa.lt\\\/en\\\/produktas\\\/organic-blueflower-alfalfa-powder\\\/#primaryimage\"},\"thumbnailUrl\":\"https:\\\/\\\/test.biopapa.lt\\\/wp-content\\\/uploads\\\/2024\\\/09\\\/Ekologiski-melynziedes-liucernos-Alfalfa-milteliai.png\",\"datePublished\":\"2024-09-20T08:00:49+00:00\",\"dateModified\":\"2025-03-21T17:29:54+00:00\",\"description\":\"Alfalfa is believed to be one of the first edible plants known to mankind. In Arabic, its name means \\\"father of all food\\\"\",\"breadcrumb\":{\"@id\":\"https:\\\/\\\/test.biopapa.lt\\\/en\\\/produktas\\\/organic-blueflower-alfalfa-powder\\\/#breadcrumb\"},\"inLanguage\":\"en-US\",\"potentialAction\":[{\"@type\":\"ReadAction\",\"target\":[\"https:\\\/\\\/test.biopapa.lt\\\/en\\\/produktas\\\/organic-blueflower-alfalfa-powder\\\/\"]}]},{\"@type\":\"ImageObject\",\"inLanguage\":\"en-US\",\"@id\":\"https:\\\/\\\/test.biopapa.lt\\\/en\\\/produktas\\\/organic-blueflower-alfalfa-powder\\\/#primaryimage\",\"url\":\"https:\\\/\\\/test.biopapa.lt\\\/wp-content\\\/uploads\\\/2024\\\/09\\\/Ekologiski-melynziedes-liucernos-Alfalfa-milteliai.png\",\"contentUrl\":\"https:\\\/\\\/test.biopapa.lt\\\/wp-content\\\/uploads\\\/2024\\\/09\\\/Ekologiski-melynziedes-liucernos-Alfalfa-milteliai.png\",\"width\":800,\"height\":640},{\"@type\":\"BreadcrumbList\",\"@id\":\"https:\\\/\\\/test.biopapa.lt\\\/en\\\/produktas\\\/organic-blueflower-alfalfa-powder\\\/#breadcrumb\",\"itemListElement\":[{\"@type\":\"ListItem\",\"position\":1,\"name\":\"Home\",\"item\":\"https:\\\/\\\/test.biopapa.lt\\\/en\\\/\"},{\"@type\":\"ListItem\",\"position\":2,\"name\":\"Shop\",\"item\":\"https:\\\/\\\/test.biopapa.lt\\\/en\\\/shop\\\/\"},{\"@type\":\"ListItem\",\"position\":3,\"name\":\"Organic Alfalfa powder\"}]},{\"@type\":\"WebSite\",\"@id\":\"https:\\\/\\\/test.biopapa.lt\\\/#website\",\"url\":\"https:\\\/\\\/test.biopapa.lt\\\/\",\"name\":\"Biopapa\",\"description\":\"\u0160var\u016bs ekologi\u0161ki produktai\",\"publisher\":{\"@id\":\"https:\\\/\\\/test.biopapa.lt\\\/#organization\"},\"potentialAction\":[{\"@type\":\"SearchAction\",\"target\":{\"@type\":\"EntryPoint\",\"urlTemplate\":\"https:\\\/\\\/test.biopapa.lt\\\/?s={search_term_string}\"},\"query-input\":{\"@type\":\"PropertyValueSpecification\",\"valueRequired\":true,\"valueName\":\"search_term_string\"}}],\"inLanguage\":\"en-US\"},{\"@type\":\"Organization\",\"@id\":\"https:\\\/\\\/test.biopapa.lt\\\/#organization\",\"name\":\"Biopapa\",\"url\":\"https:\\\/\\\/test.biopapa.lt\\\/\",\"logo\":{\"@type\":\"ImageObject\",\"inLanguage\":\"en-US\",\"@id\":\"https:\\\/\\\/test.biopapa.lt\\\/#\\\/schema\\\/logo\\\/image\\\/\",\"url\":\"https:\\\/\\\/www.biopapa.lt\\\/wp-content\\\/uploads\\\/2022\\\/04\\\/facebook_biopapa.jpg\",\"contentUrl\":\"https:\\\/\\\/www.biopapa.lt\\\/wp-content\\\/uploads\\\/2022\\\/04\\\/facebook_biopapa.jpg\",\"width\":1733,\"height\":907,\"caption\":\"Biopapa\"},\"image\":{\"@id\":\"https:\\\/\\\/test.biopapa.lt\\\/#\\\/schema\\\/logo\\\/image\\\/\"},\"sameAs\":[\"https:\\\/\\\/www.facebook.com\\\/biopapa.lt\"]}]}<\/script>\n<!-- \/ Yoast SEO plugin. -->","yoast_head_json":{"title":"Organic Alfalfa powder - Biopapa","description":"Alfalfa is believed to be one of the first edible plants known to mankind. In Arabic, its name means \"father of all food\"","robots":{"index":"index","follow":"follow","max-snippet":"max-snippet:-1","max-image-preview":"max-image-preview:large","max-video-preview":"max-video-preview:-1"},"canonical":"https:\/\/test.biopapa.lt\/en\/produktas\/organic-blueflower-alfalfa-powder\/","og_locale":"en_US","og_type":"article","og_title":"Organic Alfalfa powder - Biopapa","og_description":"Alfalfa is believed to be one of the first edible plants known to mankind. In Arabic, its name means \"father of all food\"","og_url":"https:\/\/test.biopapa.lt\/en\/produktas\/organic-blueflower-alfalfa-powder\/","og_site_name":"Biopapa","article_publisher":"https:\/\/www.facebook.com\/biopapa.lt","article_modified_time":"2025-03-21T17:29:54+00:00","og_image":[{"width":800,"height":640,"url":"https:\/\/test.biopapa.lt\/wp-content\/uploads\/2024\/09\/Ekologiski-melynziedes-liucernos-Alfalfa-milteliai.png","type":"image\/png"}],"twitter_card":"summary_large_image","schema":{"@context":"https:\/\/schema.org","@graph":[{"@type":"WebPage","@id":"https:\/\/test.biopapa.lt\/en\/produktas\/organic-blueflower-alfalfa-powder\/","url":"https:\/\/test.biopapa.lt\/en\/produktas\/organic-blueflower-alfalfa-powder\/","name":"Organic Alfalfa powder - Biopapa","isPartOf":{"@id":"https:\/\/test.biopapa.lt\/#website"},"primaryImageOfPage":{"@id":"https:\/\/test.biopapa.lt\/en\/produktas\/organic-blueflower-alfalfa-powder\/#primaryimage"},"image":{"@id":"https:\/\/test.biopapa.lt\/en\/produktas\/organic-blueflower-alfalfa-powder\/#primaryimage"},"thumbnailUrl":"https:\/\/test.biopapa.lt\/wp-content\/uploads\/2024\/09\/Ekologiski-melynziedes-liucernos-Alfalfa-milteliai.png","datePublished":"2024-09-20T08:00:49+00:00","dateModified":"2025-03-21T17:29:54+00:00","description":"Alfalfa is believed to be one of the first edible plants known to mankind. In Arabic, its name means \"father of all food\"","breadcrumb":{"@id":"https:\/\/test.biopapa.lt\/en\/produktas\/organic-blueflower-alfalfa-powder\/#breadcrumb"},"inLanguage":"en-US","potentialAction":[{"@type":"ReadAction","target":["https:\/\/test.biopapa.lt\/en\/produktas\/organic-blueflower-alfalfa-powder\/"]}]},{"@type":"ImageObject","inLanguage":"en-US","@id":"https:\/\/test.biopapa.lt\/en\/produktas\/organic-blueflower-alfalfa-powder\/#primaryimage","url":"https:\/\/test.biopapa.lt\/wp-content\/uploads\/2024\/09\/Ekologiski-melynziedes-liucernos-Alfalfa-milteliai.png","contentUrl":"https:\/\/test.biopapa.lt\/wp-content\/uploads\/2024\/09\/Ekologiski-melynziedes-liucernos-Alfalfa-milteliai.png","width":800,"height":640},{"@type":"BreadcrumbList","@id":"https:\/\/test.biopapa.lt\/en\/produktas\/organic-blueflower-alfalfa-powder\/#breadcrumb","itemListElement":[{"@type":"ListItem","position":1,"name":"Home","item":"https:\/\/test.biopapa.lt\/en\/"},{"@type":"ListItem","position":2,"name":"Shop","item":"https:\/\/test.biopapa.lt\/en\/shop\/"},{"@type":"ListItem","position":3,"name":"Organic Alfalfa powder"}]},{"@type":"WebSite","@id":"https:\/\/test.biopapa.lt\/#website","url":"https:\/\/test.biopapa.lt\/","name":"Biopapa","description":"\u0160var\u016bs ekologi\u0161ki produktai","publisher":{"@id":"https:\/\/test.biopapa.lt\/#organization"},"potentialAction":[{"@type":"SearchAction","target":{"@type":"EntryPoint","urlTemplate":"https:\/\/test.biopapa.lt\/?s={search_term_string}"},"query-input":{"@type":"PropertyValueSpecification","valueRequired":true,"valueName":"search_term_string"}}],"inLanguage":"en-US"},{"@type":"Organization","@id":"https:\/\/test.biopapa.lt\/#organization","name":"Biopapa","url":"https:\/\/test.biopapa.lt\/","logo":{"@type":"ImageObject","inLanguage":"en-US","@id":"https:\/\/test.biopapa.lt\/#\/schema\/logo\/image\/","url":"https:\/\/www.biopapa.lt\/wp-content\/uploads\/2022\/04\/facebook_biopapa.jpg","contentUrl":"https:\/\/www.biopapa.lt\/wp-content\/uploads\/2022\/04\/facebook_biopapa.jpg","width":1733,"height":907,"caption":"Biopapa"},"image":{"@id":"https:\/\/test.biopapa.lt\/#\/schema\/logo\/image\/"},"sameAs":["https:\/\/www.facebook.com\/biopapa.lt"]}]}},"_links":{"self":[{"href":"https:\/\/test.biopapa.lt\/en\/wp-json\/wp\/v2\/product\/32067","targetHints":{"allow":["GET"]}}],"collection":[{"href":"https:\/\/test.biopapa.lt\/en\/wp-json\/wp\/v2\/product"}],"about":[{"href":"https:\/\/test.biopapa.lt\/en\/wp-json\/wp\/v2\/types\/product"}],"wp:featuredmedia":[{"embeddable":true,"href":"https:\/\/test.biopapa.lt\/en\/wp-json\/wp\/v2\/media\/60732"}],"wp:attachment":[{"href":"https:\/\/test.biopapa.lt\/en\/wp-json\/wp\/v2\/media?parent=32067"}],"wp:term":[{"taxonomy":"product_brand","embeddable":true,"href":"https:\/\/test.biopapa.lt\/en\/wp-json\/wp\/v2\/product_brand?post=32067"},{"taxonomy":"product_cat","embeddable":true,"href":"https:\/\/test.biopapa.lt\/en\/wp-json\/wp\/v2\/product_cat?post=32067"},{"taxonomy":"product_tag","embeddable":true,"href":"https:\/\/test.biopapa.lt\/en\/wp-json\/wp\/v2\/product_tag?post=32067"}],"curies":[{"name":"wp","href":"https:\/\/api.w.org\/{rel}","templated":true}]}}