{"id":31629,"date":"2022-12-22T13:19:58","date_gmt":"2022-12-22T11:19:58","guid":{"rendered":"https:\/\/www.biopapa.lt\/produktas\/organic-indian-amla-fruit-powder\/"},"modified":"2025-11-25T12:52:38","modified_gmt":"2025-11-25T10:52:38","slug":"ekologiski-indiskojo-lapainio-vaisiaus-amla-milteliai","status":"publish","type":"product","link":"https:\/\/test.biopapa.lt\/en\/produktas\/ekologiski-indiskojo-lapainio-vaisiaus-amla-milteliai\/","title":{"rendered":"Organic Indian gooseberry fruit powder"},"content":{"rendered":"<p><strong>Organic Indian Leaf Fruit Powder The Amla Story<br \/>\n<\/strong>Thousands of years before Nobel Prize-winning scientist Linus Pauling presented evidence of the healing powers of vitamin C, Ayurvedic physicians used Amla (often called Indian gooseberry) as a healing agent. Amla is one of the most antioxidant-rich fruits found in nature. Amla&#8217;s many benefits and uses have been investigated, including boosting immunity; protecting against oxygen-damaging free radical damage to cells; and can slow the ageing process.<br \/>\nAmla (Phyllanthus emblica) belongs to the Euphorbiaceae family and ripens in autumn in the moist forests and hills of the Indian subcontinent. The tree that bears this beautiful fruit is considered sacred in India, where Amla is often eaten with salt and chilli powder, or used to make pickled snacks or candied sweets. Although Amla is sour, when eaten raw it leaves a sweet aftertaste. Paradoxically, this sour fruit is a potential stomach acidifier and is often used in Ayurvedic medicine to treat stomach problems, ulcers, heartburn and acid reflux.<br \/>\nHerbalist Vidhi Bhatia wrote that the use of Amla &#8220;comes from the 5000-year-old traditional Indian system of medicine, Ayurveda, a discipline focused on promoting good health, supporting the immune system, rejuvenating and revitalising the body and the body.<\/p>\n<p>Various studies suggest that a hundred grams of raw amla contains many times more vitamin C than a lemon.<br \/>\nThe fruit is also considered to be an exfoliating and astringent agent. Regular use is said to result in younger-looking and firmer skin. It is often used to make hair shinier and healthier.<\/p>\n<p>The recommended daily intake is \u00bc to \u00bd teaspoon with warm water once or twice a day.<\/p>\n<p>Attention<br \/>\nAmla is an adaptogenic herb that is generally considered safe to take. <x id=\"gid_1\"><\/x> There is some evidence to suggest that iron deficient individuals should be cautious as amla can form chelates with iron and thus reduce the amount of beneficial iron in the blood.<x id=\"gid_2\"><\/x>For those who are pregnant, lactating or taking medication, we recommend that you consult your doctor or an Ayurvedic practitioner before taking amla. Keep out of the reach of young children!  <\/p>\n<p>Sources:<br \/>\nNational Library of Medicine<br \/>\nEasyAyurveda<br \/>\nBanyanBotanicals<br \/>\nResearchgate<\/p>\n<p><em>NOTE. The information contained herein should not be construed as a recommendation for treatment or other health issues. We encourage you to make personal decisions about your personal health, taking into account a wide range of sources of information.   <\/em><\/p>\n","protected":false},"excerpt":{"rendered":"<p>Organic Indian Leaf Fruit Powder The Amla Story Thousands of years before Nobel Prize-winning scientist Linus Pauling presented evidence of<\/p>\n","protected":false},"featured_media":89329,"template":"","meta":{"_acf_changed":false},"product_brand":[],"product_cat":[1848,2353],"product_tag":[2384,2092,2088],"class_list":{"0":"post-31629","1":"product","2":"type-product","3":"status-publish","4":"has-post-thumbnail","6":"product_cat-plant-based-superfood","7":"product_cat-powder","8":"product_tag-organic","9":"product_tag-raw-diet","10":"product_tag-vegan","11":"pa_svoris-1-kg-en-2","12":"pa_svoris-100-g-en-2","13":"pa_svoris-200-g-en","14":"pa_svoris-25-kg-en","15":"pa_svoris-300-g-en","16":"pa_svoris-400-g-en","17":"pa_svoris-50-g-en","18":"pa_svoris-500-g-en-2","20":"first","21":"instock","22":"shipping-taxable","23":"purchasable","24":"product-type-variable"},"acf":[],"yoast_head":"<!-- This site is optimized with the Yoast SEO plugin v27.6 - https:\/\/yoast.com\/product\/yoast-seo-wordpress\/ -->\n<title>Organic Indian gooseberry fruit powder - Biopapa<\/title>\n<meta name=\"description\" content=\"Organic Indian gooseberry fruit powder (Amla) is one of the most antioxidant-rich fruits found in nature. Amla&#039;s many benefits and uses have been investigated, including boosting immunity; protecting against oxygen-damaging free radical damage to cells; and can slow the ageing process.\" \/>\n<meta name=\"robots\" content=\"index, follow, max-snippet:-1, max-image-preview:large, max-video-preview:-1\" \/>\n<link rel=\"canonical\" href=\"https:\/\/test.biopapa.lt\/en\/produktas\/ekologiski-indiskojo-lapainio-vaisiaus-amla-milteliai\/\" \/>\n<meta property=\"og:locale\" content=\"en_US\" \/>\n<meta property=\"og:type\" content=\"article\" \/>\n<meta property=\"og:title\" content=\"Organic Indian gooseberry fruit powder - Biopapa\" \/>\n<meta property=\"og:description\" content=\"Organic Indian gooseberry fruit powder (Amla) is one of the most antioxidant-rich fruits found in nature. Amla&#039;s many benefits and uses have been investigated, including boosting immunity; protecting against oxygen-damaging free radical damage to cells; and can slow the ageing process.\" \/>\n<meta property=\"og:url\" content=\"https:\/\/test.biopapa.lt\/en\/produktas\/ekologiski-indiskojo-lapainio-vaisiaus-amla-milteliai\/\" \/>\n<meta property=\"og:site_name\" content=\"Biopapa\" \/>\n<meta property=\"article:publisher\" content=\"https:\/\/www.facebook.com\/biopapa.lt\" \/>\n<meta property=\"article:modified_time\" content=\"2025-11-25T10:52:38+00:00\" \/>\n<meta property=\"og:image\" content=\"https:\/\/test.biopapa.lt\/wp-content\/uploads\/2022\/12\/Ekologi6ki-amlos-milteliai.png\" \/>\n\t<meta property=\"og:image:width\" content=\"800\" \/>\n\t<meta property=\"og:image:height\" content=\"640\" \/>\n\t<meta property=\"og:image:type\" content=\"image\/png\" \/>\n<meta name=\"twitter:card\" content=\"summary_large_image\" \/>\n<script type=\"application\/ld+json\" class=\"yoast-schema-graph\">{\"@context\":\"https:\\\/\\\/schema.org\",\"@graph\":[{\"@type\":\"WebPage\",\"@id\":\"https:\\\/\\\/test.biopapa.lt\\\/en\\\/produktas\\\/ekologiski-indiskojo-lapainio-vaisiaus-amla-milteliai\\\/\",\"url\":\"https:\\\/\\\/test.biopapa.lt\\\/en\\\/produktas\\\/ekologiski-indiskojo-lapainio-vaisiaus-amla-milteliai\\\/\",\"name\":\"Organic Indian gooseberry fruit powder - Biopapa\",\"isPartOf\":{\"@id\":\"https:\\\/\\\/test.biopapa.lt\\\/#website\"},\"primaryImageOfPage\":{\"@id\":\"https:\\\/\\\/test.biopapa.lt\\\/en\\\/produktas\\\/ekologiski-indiskojo-lapainio-vaisiaus-amla-milteliai\\\/#primaryimage\"},\"image\":{\"@id\":\"https:\\\/\\\/test.biopapa.lt\\\/en\\\/produktas\\\/ekologiski-indiskojo-lapainio-vaisiaus-amla-milteliai\\\/#primaryimage\"},\"thumbnailUrl\":\"https:\\\/\\\/test.biopapa.lt\\\/wp-content\\\/uploads\\\/2022\\\/12\\\/Ekologi6ki-amlos-milteliai.png\",\"datePublished\":\"2022-12-22T11:19:58+00:00\",\"dateModified\":\"2025-11-25T10:52:38+00:00\",\"description\":\"Organic Indian gooseberry fruit powder (Amla) is one of the most antioxidant-rich fruits found in nature. Amla's many benefits and uses have been investigated, including boosting immunity; protecting against oxygen-damaging free radical damage to cells; and can slow the ageing process.\",\"breadcrumb\":{\"@id\":\"https:\\\/\\\/test.biopapa.lt\\\/en\\\/produktas\\\/ekologiski-indiskojo-lapainio-vaisiaus-amla-milteliai\\\/#breadcrumb\"},\"inLanguage\":\"en-US\",\"potentialAction\":[{\"@type\":\"ReadAction\",\"target\":[\"https:\\\/\\\/test.biopapa.lt\\\/en\\\/produktas\\\/ekologiski-indiskojo-lapainio-vaisiaus-amla-milteliai\\\/\"]}]},{\"@type\":\"ImageObject\",\"inLanguage\":\"en-US\",\"@id\":\"https:\\\/\\\/test.biopapa.lt\\\/en\\\/produktas\\\/ekologiski-indiskojo-lapainio-vaisiaus-amla-milteliai\\\/#primaryimage\",\"url\":\"https:\\\/\\\/test.biopapa.lt\\\/wp-content\\\/uploads\\\/2022\\\/12\\\/Ekologi6ki-amlos-milteliai.png\",\"contentUrl\":\"https:\\\/\\\/test.biopapa.lt\\\/wp-content\\\/uploads\\\/2022\\\/12\\\/Ekologi6ki-amlos-milteliai.png\",\"width\":800,\"height\":640},{\"@type\":\"BreadcrumbList\",\"@id\":\"https:\\\/\\\/test.biopapa.lt\\\/en\\\/produktas\\\/ekologiski-indiskojo-lapainio-vaisiaus-amla-milteliai\\\/#breadcrumb\",\"itemListElement\":[{\"@type\":\"ListItem\",\"position\":1,\"name\":\"Home\",\"item\":\"https:\\\/\\\/test.biopapa.lt\\\/en\\\/\"},{\"@type\":\"ListItem\",\"position\":2,\"name\":\"Shop\",\"item\":\"https:\\\/\\\/test.biopapa.lt\\\/en\\\/shop\\\/\"},{\"@type\":\"ListItem\",\"position\":3,\"name\":\"Organic Indian gooseberry fruit powder\"}]},{\"@type\":\"WebSite\",\"@id\":\"https:\\\/\\\/test.biopapa.lt\\\/#website\",\"url\":\"https:\\\/\\\/test.biopapa.lt\\\/\",\"name\":\"Biopapa\",\"description\":\"\u0160var\u016bs ekologi\u0161ki produktai\",\"publisher\":{\"@id\":\"https:\\\/\\\/test.biopapa.lt\\\/#organization\"},\"potentialAction\":[{\"@type\":\"SearchAction\",\"target\":{\"@type\":\"EntryPoint\",\"urlTemplate\":\"https:\\\/\\\/test.biopapa.lt\\\/?s={search_term_string}\"},\"query-input\":{\"@type\":\"PropertyValueSpecification\",\"valueRequired\":true,\"valueName\":\"search_term_string\"}}],\"inLanguage\":\"en-US\"},{\"@type\":\"Organization\",\"@id\":\"https:\\\/\\\/test.biopapa.lt\\\/#organization\",\"name\":\"Biopapa\",\"url\":\"https:\\\/\\\/test.biopapa.lt\\\/\",\"logo\":{\"@type\":\"ImageObject\",\"inLanguage\":\"en-US\",\"@id\":\"https:\\\/\\\/test.biopapa.lt\\\/#\\\/schema\\\/logo\\\/image\\\/\",\"url\":\"https:\\\/\\\/www.biopapa.lt\\\/wp-content\\\/uploads\\\/2022\\\/04\\\/facebook_biopapa.jpg\",\"contentUrl\":\"https:\\\/\\\/www.biopapa.lt\\\/wp-content\\\/uploads\\\/2022\\\/04\\\/facebook_biopapa.jpg\",\"width\":1733,\"height\":907,\"caption\":\"Biopapa\"},\"image\":{\"@id\":\"https:\\\/\\\/test.biopapa.lt\\\/#\\\/schema\\\/logo\\\/image\\\/\"},\"sameAs\":[\"https:\\\/\\\/www.facebook.com\\\/biopapa.lt\"]}]}<\/script>\n<!-- \/ Yoast SEO plugin. -->","yoast_head_json":{"title":"Organic Indian gooseberry fruit powder - Biopapa","description":"Organic Indian gooseberry fruit powder (Amla) is one of the most antioxidant-rich fruits found in nature. Amla's many benefits and uses have been investigated, including boosting immunity; protecting against oxygen-damaging free radical damage to cells; and can slow the ageing process.","robots":{"index":"index","follow":"follow","max-snippet":"max-snippet:-1","max-image-preview":"max-image-preview:large","max-video-preview":"max-video-preview:-1"},"canonical":"https:\/\/test.biopapa.lt\/en\/produktas\/ekologiski-indiskojo-lapainio-vaisiaus-amla-milteliai\/","og_locale":"en_US","og_type":"article","og_title":"Organic Indian gooseberry fruit powder - Biopapa","og_description":"Organic Indian gooseberry fruit powder (Amla) is one of the most antioxidant-rich fruits found in nature. Amla's many benefits and uses have been investigated, including boosting immunity; protecting against oxygen-damaging free radical damage to cells; and can slow the ageing process.","og_url":"https:\/\/test.biopapa.lt\/en\/produktas\/ekologiski-indiskojo-lapainio-vaisiaus-amla-milteliai\/","og_site_name":"Biopapa","article_publisher":"https:\/\/www.facebook.com\/biopapa.lt","article_modified_time":"2025-11-25T10:52:38+00:00","og_image":[{"width":800,"height":640,"url":"https:\/\/test.biopapa.lt\/wp-content\/uploads\/2022\/12\/Ekologi6ki-amlos-milteliai.png","type":"image\/png"}],"twitter_card":"summary_large_image","schema":{"@context":"https:\/\/schema.org","@graph":[{"@type":"WebPage","@id":"https:\/\/test.biopapa.lt\/en\/produktas\/ekologiski-indiskojo-lapainio-vaisiaus-amla-milteliai\/","url":"https:\/\/test.biopapa.lt\/en\/produktas\/ekologiski-indiskojo-lapainio-vaisiaus-amla-milteliai\/","name":"Organic Indian gooseberry fruit powder - Biopapa","isPartOf":{"@id":"https:\/\/test.biopapa.lt\/#website"},"primaryImageOfPage":{"@id":"https:\/\/test.biopapa.lt\/en\/produktas\/ekologiski-indiskojo-lapainio-vaisiaus-amla-milteliai\/#primaryimage"},"image":{"@id":"https:\/\/test.biopapa.lt\/en\/produktas\/ekologiski-indiskojo-lapainio-vaisiaus-amla-milteliai\/#primaryimage"},"thumbnailUrl":"https:\/\/test.biopapa.lt\/wp-content\/uploads\/2022\/12\/Ekologi6ki-amlos-milteliai.png","datePublished":"2022-12-22T11:19:58+00:00","dateModified":"2025-11-25T10:52:38+00:00","description":"Organic Indian gooseberry fruit powder (Amla) is one of the most antioxidant-rich fruits found in nature. Amla's many benefits and uses have been investigated, including boosting immunity; protecting against oxygen-damaging free radical damage to cells; and can slow the ageing process.","breadcrumb":{"@id":"https:\/\/test.biopapa.lt\/en\/produktas\/ekologiski-indiskojo-lapainio-vaisiaus-amla-milteliai\/#breadcrumb"},"inLanguage":"en-US","potentialAction":[{"@type":"ReadAction","target":["https:\/\/test.biopapa.lt\/en\/produktas\/ekologiski-indiskojo-lapainio-vaisiaus-amla-milteliai\/"]}]},{"@type":"ImageObject","inLanguage":"en-US","@id":"https:\/\/test.biopapa.lt\/en\/produktas\/ekologiski-indiskojo-lapainio-vaisiaus-amla-milteliai\/#primaryimage","url":"https:\/\/test.biopapa.lt\/wp-content\/uploads\/2022\/12\/Ekologi6ki-amlos-milteliai.png","contentUrl":"https:\/\/test.biopapa.lt\/wp-content\/uploads\/2022\/12\/Ekologi6ki-amlos-milteliai.png","width":800,"height":640},{"@type":"BreadcrumbList","@id":"https:\/\/test.biopapa.lt\/en\/produktas\/ekologiski-indiskojo-lapainio-vaisiaus-amla-milteliai\/#breadcrumb","itemListElement":[{"@type":"ListItem","position":1,"name":"Home","item":"https:\/\/test.biopapa.lt\/en\/"},{"@type":"ListItem","position":2,"name":"Shop","item":"https:\/\/test.biopapa.lt\/en\/shop\/"},{"@type":"ListItem","position":3,"name":"Organic Indian gooseberry fruit powder"}]},{"@type":"WebSite","@id":"https:\/\/test.biopapa.lt\/#website","url":"https:\/\/test.biopapa.lt\/","name":"Biopapa","description":"\u0160var\u016bs ekologi\u0161ki produktai","publisher":{"@id":"https:\/\/test.biopapa.lt\/#organization"},"potentialAction":[{"@type":"SearchAction","target":{"@type":"EntryPoint","urlTemplate":"https:\/\/test.biopapa.lt\/?s={search_term_string}"},"query-input":{"@type":"PropertyValueSpecification","valueRequired":true,"valueName":"search_term_string"}}],"inLanguage":"en-US"},{"@type":"Organization","@id":"https:\/\/test.biopapa.lt\/#organization","name":"Biopapa","url":"https:\/\/test.biopapa.lt\/","logo":{"@type":"ImageObject","inLanguage":"en-US","@id":"https:\/\/test.biopapa.lt\/#\/schema\/logo\/image\/","url":"https:\/\/www.biopapa.lt\/wp-content\/uploads\/2022\/04\/facebook_biopapa.jpg","contentUrl":"https:\/\/www.biopapa.lt\/wp-content\/uploads\/2022\/04\/facebook_biopapa.jpg","width":1733,"height":907,"caption":"Biopapa"},"image":{"@id":"https:\/\/test.biopapa.lt\/#\/schema\/logo\/image\/"},"sameAs":["https:\/\/www.facebook.com\/biopapa.lt"]}]}},"_links":{"self":[{"href":"https:\/\/test.biopapa.lt\/en\/wp-json\/wp\/v2\/product\/31629","targetHints":{"allow":["GET"]}}],"collection":[{"href":"https:\/\/test.biopapa.lt\/en\/wp-json\/wp\/v2\/product"}],"about":[{"href":"https:\/\/test.biopapa.lt\/en\/wp-json\/wp\/v2\/types\/product"}],"wp:featuredmedia":[{"embeddable":true,"href":"https:\/\/test.biopapa.lt\/en\/wp-json\/wp\/v2\/media\/89329"}],"wp:attachment":[{"href":"https:\/\/test.biopapa.lt\/en\/wp-json\/wp\/v2\/media?parent=31629"}],"wp:term":[{"taxonomy":"product_brand","embeddable":true,"href":"https:\/\/test.biopapa.lt\/en\/wp-json\/wp\/v2\/product_brand?post=31629"},{"taxonomy":"product_cat","embeddable":true,"href":"https:\/\/test.biopapa.lt\/en\/wp-json\/wp\/v2\/product_cat?post=31629"},{"taxonomy":"product_tag","embeddable":true,"href":"https:\/\/test.biopapa.lt\/en\/wp-json\/wp\/v2\/product_tag?post=31629"}],"curies":[{"name":"wp","href":"https:\/\/api.w.org\/{rel}","templated":true}]}}