{"id":253603,"date":"2026-02-14T10:36:26","date_gmt":"2026-02-14T08:36:26","guid":{"rendered":"https:\/\/www.biopapa.lt\/?post_type=product&#038;p=253603"},"modified":"2026-02-14T10:57:44","modified_gmt":"2026-02-14T08:57:44","slug":"organic-food-supplement-blood-pressure-support-royal-green-60-capsules","status":"publish","type":"product","link":"https:\/\/test.biopapa.lt\/en\/produktas\/organic-food-supplement-blood-pressure-support-royal-green-60-capsules\/","title":{"rendered":"Organic food supplement for blood pressure support, ROYAL GREEN, 60 capsules"},"content":{"rendered":"<p> <strong> Organic Blood Pressure Support Food Supplement, ROYAL GREEN, 60 capsules<br \/>\n<\/strong>ROYAL GREEN BIO Blood pressure support &#8211; the natural way to maintain normal blood pressure and blood flow* This supplement contains 100% certified organic black garlic, concentrated leaves of the Red True Vine and the European Olive Tree. European olive leaf extract contains at least 5% oleuropein, a natural antioxidant commonly found in both the leaves and the olives themselves. Garlic is grown in Spain. They are fermented after harvesting, giving them their distinctive black colour. The fermentation produces the biologically active compound S-allylcysteine. An additional advantage is that fermentation eliminates the strong smell and taste of garlic. The leaves of the red true vine have also been used for their beneficial properties since ancient times. The harvest is taken in autumn when the leaves are a beautiful red colour. It is a unique formula made from organic plants, without synthetic ingredients or fillers.        <\/p>\n<p><strong>What makes Royal Green BIO Blood Pressure Support Complex unique?<\/strong><br \/>\nThe first 100% certified organic blood pressure support complex in this formulation.<br \/>\nWith European Olive Leaf Extract (5:1) containing at least 5% Oleuropein.<br \/>\nWith fermented black garlic (3:1) from Spain.<br \/>\nFull spectrum of ingredients &#8211; all plant nutrients are provided.<br \/>\nNo fillers.<br \/>\nDark glass packaging made in Europe for optimum protection against oxygen, moisture and light.<br \/>\n100% vegetarian and vegan<\/p>\n<p><strong>Suggested uses:<\/strong><br \/>\nEuropean olive leaves* help maintain normal blood pressure and blood circulation.<br \/>\nEuropean olive leaves* help maintain normal blood glucose levels.<br \/>\nEuropean olive leaves* help maintain the body&#8217;s elimination function.<br \/>\nEuropean olive leaf* and black garlic* have antioxidant properties.<br \/>\nBlack garlic* helps support normal liver function.<br \/>\nTrue vine* helps support normal cardiovascular function.<\/p>\n<p>* Health claim awaiting EU approval<\/p>\n<p>Suggested <strong>Use:<\/strong> 1 capsule twice a day, preferably with meals.<\/p>\n<p>Do not exceed the recommended dose. The food supplement should not be used as a substitute for food. A varied and balanced diet and a healthy lifestyle are important. If you are ill or on medication, we recommend that you consult your doctor or pharmacist about taking the supplement. Do not administer to children under 18 years of age. Do not use during pregnancy and lactation. Consult your doctor or pharmacist if you are taking anticoagulants.   <\/p>\n<p>Net content: 35g (1 vegetarian capsule 591 mg)<\/p>\n<p><em>NOTE. The information provided on this website shall not be construed as a recommendation for treatment or any other form of health advice. We encourage you to make personal decisions about your personal health, taking into account a wide range of sources of information.<\/em><\/p>\n<p>&nbsp;<\/p>\n","protected":false},"excerpt":{"rendered":"<p>Organic Blood Pressure Support Food Supplement, ROYAL GREEN, 60 capsules ROYAL GREEN BIO Blood pressure support &#8211; the natural way<\/p>\n","protected":false},"featured_media":253611,"template":"","meta":{"_acf_changed":false},"product_brand":[],"product_cat":[1984],"product_tag":[],"class_list":{"0":"post-253603","1":"product","2":"type-product","3":"status-publish","4":"has-post-thumbnail","6":"product_cat-food-supplements","8":"first","9":"instock","10":"shipping-taxable","11":"purchasable","12":"product-type-simple"},"acf":[],"yoast_head":"<!-- This site is optimized with the Yoast SEO plugin v27.6 - https:\/\/yoast.com\/product\/yoast-seo-wordpress\/ -->\n<title>Organic food supplement for blood pressure support, ROYAL GREEN, 60 capsules - Biopapa<\/title>\n<meta name=\"description\" content=\"Organic food supplement for blood pressure support - contains 100% certified organic black garlic, concentrated leaves of red true vine and European olive.\" \/>\n<meta name=\"robots\" content=\"index, follow, max-snippet:-1, max-image-preview:large, max-video-preview:-1\" \/>\n<link rel=\"canonical\" href=\"https:\/\/test.biopapa.lt\/en\/produktas\/organic-food-supplement-blood-pressure-support-royal-green-60-capsules\/\" \/>\n<meta property=\"og:locale\" content=\"en_US\" \/>\n<meta property=\"og:type\" content=\"article\" \/>\n<meta property=\"og:title\" content=\"Organic food supplement for blood pressure support, ROYAL GREEN, 60 capsules - Biopapa\" \/>\n<meta property=\"og:description\" content=\"Organic food supplement for blood pressure support - contains 100% certified organic black garlic, concentrated leaves of red true vine and European olive.\" \/>\n<meta property=\"og:url\" content=\"https:\/\/test.biopapa.lt\/en\/produktas\/organic-food-supplement-blood-pressure-support-royal-green-60-capsules\/\" \/>\n<meta property=\"og:site_name\" content=\"Biopapa\" \/>\n<meta property=\"article:publisher\" content=\"https:\/\/www.facebook.com\/biopapa.lt\" \/>\n<meta property=\"article:modified_time\" content=\"2026-02-14T08:57:44+00:00\" \/>\n<meta property=\"og:image\" content=\"https:\/\/test.biopapa.lt\/wp-content\/uploads\/2026\/02\/Ekologiskas-maisto-papildas-kraujospudziui-palaikyti-ROYAL-GREEN.png\" \/>\n\t<meta property=\"og:image:width\" content=\"800\" \/>\n\t<meta property=\"og:image:height\" content=\"640\" \/>\n\t<meta property=\"og:image:type\" content=\"image\/png\" \/>\n<meta name=\"twitter:card\" content=\"summary_large_image\" \/>\n<script type=\"application\/ld+json\" class=\"yoast-schema-graph\">{\"@context\":\"https:\\\/\\\/schema.org\",\"@graph\":[{\"@type\":\"WebPage\",\"@id\":\"https:\\\/\\\/test.biopapa.lt\\\/en\\\/produktas\\\/organic-food-supplement-blood-pressure-support-royal-green-60-capsules\\\/\",\"url\":\"https:\\\/\\\/test.biopapa.lt\\\/en\\\/produktas\\\/organic-food-supplement-blood-pressure-support-royal-green-60-capsules\\\/\",\"name\":\"Organic food supplement for blood pressure support, ROYAL GREEN, 60 capsules - Biopapa\",\"isPartOf\":{\"@id\":\"https:\\\/\\\/test.biopapa.lt\\\/#website\"},\"primaryImageOfPage\":{\"@id\":\"https:\\\/\\\/test.biopapa.lt\\\/en\\\/produktas\\\/organic-food-supplement-blood-pressure-support-royal-green-60-capsules\\\/#primaryimage\"},\"image\":{\"@id\":\"https:\\\/\\\/test.biopapa.lt\\\/en\\\/produktas\\\/organic-food-supplement-blood-pressure-support-royal-green-60-capsules\\\/#primaryimage\"},\"thumbnailUrl\":\"https:\\\/\\\/test.biopapa.lt\\\/wp-content\\\/uploads\\\/2026\\\/02\\\/Ekologiskas-maisto-papildas-kraujospudziui-palaikyti-ROYAL-GREEN.png\",\"datePublished\":\"2026-02-14T08:36:26+00:00\",\"dateModified\":\"2026-02-14T08:57:44+00:00\",\"description\":\"Organic food supplement for blood pressure support - contains 100% certified organic black garlic, concentrated leaves of red true vine and European olive.\",\"breadcrumb\":{\"@id\":\"https:\\\/\\\/test.biopapa.lt\\\/en\\\/produktas\\\/organic-food-supplement-blood-pressure-support-royal-green-60-capsules\\\/#breadcrumb\"},\"inLanguage\":\"en-US\",\"potentialAction\":[{\"@type\":\"ReadAction\",\"target\":[\"https:\\\/\\\/test.biopapa.lt\\\/en\\\/produktas\\\/organic-food-supplement-blood-pressure-support-royal-green-60-capsules\\\/\"]}]},{\"@type\":\"ImageObject\",\"inLanguage\":\"en-US\",\"@id\":\"https:\\\/\\\/test.biopapa.lt\\\/en\\\/produktas\\\/organic-food-supplement-blood-pressure-support-royal-green-60-capsules\\\/#primaryimage\",\"url\":\"https:\\\/\\\/test.biopapa.lt\\\/wp-content\\\/uploads\\\/2026\\\/02\\\/Ekologiskas-maisto-papildas-kraujospudziui-palaikyti-ROYAL-GREEN.png\",\"contentUrl\":\"https:\\\/\\\/test.biopapa.lt\\\/wp-content\\\/uploads\\\/2026\\\/02\\\/Ekologiskas-maisto-papildas-kraujospudziui-palaikyti-ROYAL-GREEN.png\",\"width\":800,\"height\":640},{\"@type\":\"BreadcrumbList\",\"@id\":\"https:\\\/\\\/test.biopapa.lt\\\/en\\\/produktas\\\/organic-food-supplement-blood-pressure-support-royal-green-60-capsules\\\/#breadcrumb\",\"itemListElement\":[{\"@type\":\"ListItem\",\"position\":1,\"name\":\"Home\",\"item\":\"https:\\\/\\\/test.biopapa.lt\\\/en\\\/\"},{\"@type\":\"ListItem\",\"position\":2,\"name\":\"Shop\",\"item\":\"https:\\\/\\\/test.biopapa.lt\\\/en\\\/shop\\\/\"},{\"@type\":\"ListItem\",\"position\":3,\"name\":\"Organic food supplement for blood pressure support, ROYAL GREEN, 60 capsules\"}]},{\"@type\":\"WebSite\",\"@id\":\"https:\\\/\\\/test.biopapa.lt\\\/#website\",\"url\":\"https:\\\/\\\/test.biopapa.lt\\\/\",\"name\":\"Biopapa\",\"description\":\"\u0160var\u016bs ekologi\u0161ki produktai\",\"publisher\":{\"@id\":\"https:\\\/\\\/test.biopapa.lt\\\/#organization\"},\"potentialAction\":[{\"@type\":\"SearchAction\",\"target\":{\"@type\":\"EntryPoint\",\"urlTemplate\":\"https:\\\/\\\/test.biopapa.lt\\\/?s={search_term_string}\"},\"query-input\":{\"@type\":\"PropertyValueSpecification\",\"valueRequired\":true,\"valueName\":\"search_term_string\"}}],\"inLanguage\":\"en-US\"},{\"@type\":\"Organization\",\"@id\":\"https:\\\/\\\/test.biopapa.lt\\\/#organization\",\"name\":\"Biopapa\",\"url\":\"https:\\\/\\\/test.biopapa.lt\\\/\",\"logo\":{\"@type\":\"ImageObject\",\"inLanguage\":\"en-US\",\"@id\":\"https:\\\/\\\/test.biopapa.lt\\\/#\\\/schema\\\/logo\\\/image\\\/\",\"url\":\"https:\\\/\\\/www.biopapa.lt\\\/wp-content\\\/uploads\\\/2022\\\/04\\\/facebook_biopapa.jpg\",\"contentUrl\":\"https:\\\/\\\/www.biopapa.lt\\\/wp-content\\\/uploads\\\/2022\\\/04\\\/facebook_biopapa.jpg\",\"width\":1733,\"height\":907,\"caption\":\"Biopapa\"},\"image\":{\"@id\":\"https:\\\/\\\/test.biopapa.lt\\\/#\\\/schema\\\/logo\\\/image\\\/\"},\"sameAs\":[\"https:\\\/\\\/www.facebook.com\\\/biopapa.lt\"]}]}<\/script>\n<!-- \/ Yoast SEO plugin. -->","yoast_head_json":{"title":"Organic food supplement for blood pressure support, ROYAL GREEN, 60 capsules - Biopapa","description":"Organic food supplement for blood pressure support - contains 100% certified organic black garlic, concentrated leaves of red true vine and European olive.","robots":{"index":"index","follow":"follow","max-snippet":"max-snippet:-1","max-image-preview":"max-image-preview:large","max-video-preview":"max-video-preview:-1"},"canonical":"https:\/\/test.biopapa.lt\/en\/produktas\/organic-food-supplement-blood-pressure-support-royal-green-60-capsules\/","og_locale":"en_US","og_type":"article","og_title":"Organic food supplement for blood pressure support, ROYAL GREEN, 60 capsules - Biopapa","og_description":"Organic food supplement for blood pressure support - contains 100% certified organic black garlic, concentrated leaves of red true vine and European olive.","og_url":"https:\/\/test.biopapa.lt\/en\/produktas\/organic-food-supplement-blood-pressure-support-royal-green-60-capsules\/","og_site_name":"Biopapa","article_publisher":"https:\/\/www.facebook.com\/biopapa.lt","article_modified_time":"2026-02-14T08:57:44+00:00","og_image":[{"width":800,"height":640,"url":"https:\/\/test.biopapa.lt\/wp-content\/uploads\/2026\/02\/Ekologiskas-maisto-papildas-kraujospudziui-palaikyti-ROYAL-GREEN.png","type":"image\/png"}],"twitter_card":"summary_large_image","schema":{"@context":"https:\/\/schema.org","@graph":[{"@type":"WebPage","@id":"https:\/\/test.biopapa.lt\/en\/produktas\/organic-food-supplement-blood-pressure-support-royal-green-60-capsules\/","url":"https:\/\/test.biopapa.lt\/en\/produktas\/organic-food-supplement-blood-pressure-support-royal-green-60-capsules\/","name":"Organic food supplement for blood pressure support, ROYAL GREEN, 60 capsules - Biopapa","isPartOf":{"@id":"https:\/\/test.biopapa.lt\/#website"},"primaryImageOfPage":{"@id":"https:\/\/test.biopapa.lt\/en\/produktas\/organic-food-supplement-blood-pressure-support-royal-green-60-capsules\/#primaryimage"},"image":{"@id":"https:\/\/test.biopapa.lt\/en\/produktas\/organic-food-supplement-blood-pressure-support-royal-green-60-capsules\/#primaryimage"},"thumbnailUrl":"https:\/\/test.biopapa.lt\/wp-content\/uploads\/2026\/02\/Ekologiskas-maisto-papildas-kraujospudziui-palaikyti-ROYAL-GREEN.png","datePublished":"2026-02-14T08:36:26+00:00","dateModified":"2026-02-14T08:57:44+00:00","description":"Organic food supplement for blood pressure support - contains 100% certified organic black garlic, concentrated leaves of red true vine and European olive.","breadcrumb":{"@id":"https:\/\/test.biopapa.lt\/en\/produktas\/organic-food-supplement-blood-pressure-support-royal-green-60-capsules\/#breadcrumb"},"inLanguage":"en-US","potentialAction":[{"@type":"ReadAction","target":["https:\/\/test.biopapa.lt\/en\/produktas\/organic-food-supplement-blood-pressure-support-royal-green-60-capsules\/"]}]},{"@type":"ImageObject","inLanguage":"en-US","@id":"https:\/\/test.biopapa.lt\/en\/produktas\/organic-food-supplement-blood-pressure-support-royal-green-60-capsules\/#primaryimage","url":"https:\/\/test.biopapa.lt\/wp-content\/uploads\/2026\/02\/Ekologiskas-maisto-papildas-kraujospudziui-palaikyti-ROYAL-GREEN.png","contentUrl":"https:\/\/test.biopapa.lt\/wp-content\/uploads\/2026\/02\/Ekologiskas-maisto-papildas-kraujospudziui-palaikyti-ROYAL-GREEN.png","width":800,"height":640},{"@type":"BreadcrumbList","@id":"https:\/\/test.biopapa.lt\/en\/produktas\/organic-food-supplement-blood-pressure-support-royal-green-60-capsules\/#breadcrumb","itemListElement":[{"@type":"ListItem","position":1,"name":"Home","item":"https:\/\/test.biopapa.lt\/en\/"},{"@type":"ListItem","position":2,"name":"Shop","item":"https:\/\/test.biopapa.lt\/en\/shop\/"},{"@type":"ListItem","position":3,"name":"Organic food supplement for blood pressure support, ROYAL GREEN, 60 capsules"}]},{"@type":"WebSite","@id":"https:\/\/test.biopapa.lt\/#website","url":"https:\/\/test.biopapa.lt\/","name":"Biopapa","description":"\u0160var\u016bs ekologi\u0161ki produktai","publisher":{"@id":"https:\/\/test.biopapa.lt\/#organization"},"potentialAction":[{"@type":"SearchAction","target":{"@type":"EntryPoint","urlTemplate":"https:\/\/test.biopapa.lt\/?s={search_term_string}"},"query-input":{"@type":"PropertyValueSpecification","valueRequired":true,"valueName":"search_term_string"}}],"inLanguage":"en-US"},{"@type":"Organization","@id":"https:\/\/test.biopapa.lt\/#organization","name":"Biopapa","url":"https:\/\/test.biopapa.lt\/","logo":{"@type":"ImageObject","inLanguage":"en-US","@id":"https:\/\/test.biopapa.lt\/#\/schema\/logo\/image\/","url":"https:\/\/www.biopapa.lt\/wp-content\/uploads\/2022\/04\/facebook_biopapa.jpg","contentUrl":"https:\/\/www.biopapa.lt\/wp-content\/uploads\/2022\/04\/facebook_biopapa.jpg","width":1733,"height":907,"caption":"Biopapa"},"image":{"@id":"https:\/\/test.biopapa.lt\/#\/schema\/logo\/image\/"},"sameAs":["https:\/\/www.facebook.com\/biopapa.lt"]}]}},"_links":{"self":[{"href":"https:\/\/test.biopapa.lt\/en\/wp-json\/wp\/v2\/product\/253603","targetHints":{"allow":["GET"]}}],"collection":[{"href":"https:\/\/test.biopapa.lt\/en\/wp-json\/wp\/v2\/product"}],"about":[{"href":"https:\/\/test.biopapa.lt\/en\/wp-json\/wp\/v2\/types\/product"}],"wp:featuredmedia":[{"embeddable":true,"href":"https:\/\/test.biopapa.lt\/en\/wp-json\/wp\/v2\/media\/253611"}],"wp:attachment":[{"href":"https:\/\/test.biopapa.lt\/en\/wp-json\/wp\/v2\/media?parent=253603"}],"wp:term":[{"taxonomy":"product_brand","embeddable":true,"href":"https:\/\/test.biopapa.lt\/en\/wp-json\/wp\/v2\/product_brand?post=253603"},{"taxonomy":"product_cat","embeddable":true,"href":"https:\/\/test.biopapa.lt\/en\/wp-json\/wp\/v2\/product_cat?post=253603"},{"taxonomy":"product_tag","embeddable":true,"href":"https:\/\/test.biopapa.lt\/en\/wp-json\/wp\/v2\/product_tag?post=253603"}],"curies":[{"name":"wp","href":"https:\/\/api.w.org\/{rel}","templated":true}]}}