{"id":253581,"date":"2026-02-14T10:15:05","date_gmt":"2026-02-14T08:15:05","guid":{"rendered":"https:\/\/www.biopapa.lt\/?post_type=product&#038;p=253581"},"modified":"2026-02-27T13:21:42","modified_gmt":"2026-02-27T11:21:42","slug":"organic-biotin-complex-royal-green-60-capsules","status":"publish","type":"product","link":"https:\/\/test.biopapa.lt\/en\/produktas\/organic-biotin-complex-royal-green-60-capsules\/","title":{"rendered":"Organic Biotin Complex, ROYAL GREEN, 60 capsules"},"content":{"rendered":"<p> <strong> Organic Biotin Complex, ROYAL GREEN, 60 capsules<br \/>\n<\/strong>Royal Green BIO Biotin Complex contains 100% certified organic biotin from sunflower seeds and coriander leaves, vitamin C from the fruit of Acerola malpighia, supplemented with carrots, aromatic rosemary and baobab. The word &#8216;biotin&#8217; is derived from the Greek word &#8216;bios&#8217;, meaning &#8216;life&#8217;. Biotin, also known as vitamin B7, is a water-soluble nutrient that is essential for a wide range of bodily functions. This vitamin is a coenzyme of certain enzymes involved in energy metabolism. Biotin helps to maintain normal metabolism of dietary macronutrients &#8211; so it helps to release energy from fats, carbohydrates and proteins. Biotin helps maintain normal psychological function and normal nervous system activity. Biotin helps maintain normal hair, mucous membranes and skin. Biotin is found in a variety of foods such as eggs, nuts, seeds and some vegetables such as sweet potatoes, spinach and broccoli. Royal Green uses high quality biotin of natural origin, making it an excellent choice for those who want to increase biotin levels naturally. Our formula also contains vitamin C from the organic fruit of the Malpighia acerola, which helps to support the normal formation of collagen, which is needed for normal skin and cartilage function.<br \/>\nWe have added baobab, carrots and fragrant rosemary to the Royal Green BIO Biotin Complex. Instead of using synthetic fillers such as maltodextrin, Royal Green decided to add active nutritional ingredients rich in phytonutrients. By combining these ingredients, we create a synergistic effect where different components complement and reinforce each other. The full nutritional value of the ingredients is maintained. It is a unique formula from plants, without synthetic ingredients and fillers.    <\/p>\n<p><strong>What makes Royal Green BIO Biotin Complex special?<\/strong><br \/>\n100100% certified organic<br \/>\nNaturally sourced Biotin from organic sunflower seeds and cilantro leaves<br \/>\nWith naturally sourced Vitamin C from organic acerola fruit<br \/>\nWith carrot, real baobab and rosemary<br \/>\nOptimal bioavailability.<br \/>\nOnly 1 capsule per day<br \/>\nNo fillers<br \/>\nEuropean-made dark glass packaging for optimal protection against oxygen, moisture and light<br \/>\n100% vegan<\/p>\n<p>Suggested <strong>Use:<\/strong> 1 capsule per day, preferably with meals.<\/p>\n<p>Do not exceed the recommended dose. The food supplement should not be used as a substitute for food. A varied and balanced diet and a healthy lifestyle are important. If you are ill or on medication, we recommend that you consult your doctor or pharmacist about taking the supplement. Not suitable for children under 12 years. Do not use during pregnancy and lactation. Do not take for a long period of time without the approval of a specialist.   <\/p>\n<p>Net content: 30g (1 vegetarian capsule 515 mg)<\/p>\n<p><em>NOTE. The information provided on this website shall not be construed as a recommendation for treatment or any other form of health advice. We encourage you to make personal decisions about your personal health, taking into account a wide range of sources of information.<\/em><\/p>\n<p><strong> <\/strong><\/p>\n","protected":false},"excerpt":{"rendered":"<p>Organic Biotin Complex, ROYAL GREEN, 60 capsules Royal Green BIO Biotin Complex contains 100% certified organic biotin from sunflower seeds<\/p>\n","protected":false},"featured_media":253587,"template":"","meta":{"_acf_changed":false},"product_brand":[],"product_cat":[1984],"product_tag":[2088],"class_list":{"0":"post-253581","1":"product","2":"type-product","3":"status-publish","4":"has-post-thumbnail","6":"product_cat-food-supplements","7":"product_tag-vegan","9":"first","10":"instock","11":"shipping-taxable","12":"purchasable","13":"product-type-simple"},"acf":[],"yoast_head":"<!-- This site is optimized with the Yoast SEO plugin v27.6 - https:\/\/yoast.com\/product\/yoast-seo-wordpress\/ -->\n<title>Organic Biotin Complex, ROYAL GREEN, 60 capsules - Biopapa<\/title>\n<meta name=\"description\" content=\"Royal Green BIO Biotin Complex contains 100% certified organic biotin from sunflower seeds and coriander leaves, vitamin C from the fruit of the Acerola malpighia, supplemented with carrots, aromatic rosemary and baobab.\" \/>\n<meta name=\"robots\" content=\"index, follow, max-snippet:-1, max-image-preview:large, max-video-preview:-1\" \/>\n<link rel=\"canonical\" href=\"https:\/\/test.biopapa.lt\/en\/produktas\/organic-biotin-complex-royal-green-60-capsules\/\" \/>\n<meta property=\"og:locale\" content=\"en_US\" \/>\n<meta property=\"og:type\" content=\"article\" \/>\n<meta property=\"og:title\" content=\"Organic Biotin Complex, ROYAL GREEN, 60 capsules - Biopapa\" \/>\n<meta property=\"og:description\" content=\"Royal Green BIO Biotin Complex contains 100% certified organic biotin from sunflower seeds and coriander leaves, vitamin C from the fruit of the Acerola malpighia, supplemented with carrots, aromatic rosemary and baobab.\" \/>\n<meta property=\"og:url\" content=\"https:\/\/test.biopapa.lt\/en\/produktas\/organic-biotin-complex-royal-green-60-capsules\/\" \/>\n<meta property=\"og:site_name\" content=\"Biopapa\" \/>\n<meta property=\"article:publisher\" content=\"https:\/\/www.facebook.com\/biopapa.lt\" \/>\n<meta property=\"article:modified_time\" content=\"2026-02-27T11:21:42+00:00\" \/>\n<meta property=\"og:image\" content=\"https:\/\/test.biopapa.lt\/wp-content\/uploads\/2026\/02\/Ekologiskas-Biotino-kompleksas-ROYAL-GREEN.png\" \/>\n\t<meta property=\"og:image:width\" content=\"800\" \/>\n\t<meta property=\"og:image:height\" content=\"640\" \/>\n\t<meta property=\"og:image:type\" content=\"image\/png\" \/>\n<meta name=\"twitter:card\" content=\"summary_large_image\" \/>\n<script type=\"application\/ld+json\" class=\"yoast-schema-graph\">{\"@context\":\"https:\\\/\\\/schema.org\",\"@graph\":[{\"@type\":\"WebPage\",\"@id\":\"https:\\\/\\\/test.biopapa.lt\\\/en\\\/produktas\\\/organic-biotin-complex-royal-green-60-capsules\\\/\",\"url\":\"https:\\\/\\\/test.biopapa.lt\\\/en\\\/produktas\\\/organic-biotin-complex-royal-green-60-capsules\\\/\",\"name\":\"Organic Biotin Complex, ROYAL GREEN, 60 capsules - Biopapa\",\"isPartOf\":{\"@id\":\"https:\\\/\\\/test.biopapa.lt\\\/#website\"},\"primaryImageOfPage\":{\"@id\":\"https:\\\/\\\/test.biopapa.lt\\\/en\\\/produktas\\\/organic-biotin-complex-royal-green-60-capsules\\\/#primaryimage\"},\"image\":{\"@id\":\"https:\\\/\\\/test.biopapa.lt\\\/en\\\/produktas\\\/organic-biotin-complex-royal-green-60-capsules\\\/#primaryimage\"},\"thumbnailUrl\":\"https:\\\/\\\/test.biopapa.lt\\\/wp-content\\\/uploads\\\/2026\\\/02\\\/Ekologiskas-Biotino-kompleksas-ROYAL-GREEN.png\",\"datePublished\":\"2026-02-14T08:15:05+00:00\",\"dateModified\":\"2026-02-27T11:21:42+00:00\",\"description\":\"Royal Green BIO Biotin Complex contains 100% certified organic biotin from sunflower seeds and coriander leaves, vitamin C from the fruit of the Acerola malpighia, supplemented with carrots, aromatic rosemary and baobab.\",\"breadcrumb\":{\"@id\":\"https:\\\/\\\/test.biopapa.lt\\\/en\\\/produktas\\\/organic-biotin-complex-royal-green-60-capsules\\\/#breadcrumb\"},\"inLanguage\":\"en-US\",\"potentialAction\":[{\"@type\":\"ReadAction\",\"target\":[\"https:\\\/\\\/test.biopapa.lt\\\/en\\\/produktas\\\/organic-biotin-complex-royal-green-60-capsules\\\/\"]}]},{\"@type\":\"ImageObject\",\"inLanguage\":\"en-US\",\"@id\":\"https:\\\/\\\/test.biopapa.lt\\\/en\\\/produktas\\\/organic-biotin-complex-royal-green-60-capsules\\\/#primaryimage\",\"url\":\"https:\\\/\\\/test.biopapa.lt\\\/wp-content\\\/uploads\\\/2026\\\/02\\\/Ekologiskas-Biotino-kompleksas-ROYAL-GREEN.png\",\"contentUrl\":\"https:\\\/\\\/test.biopapa.lt\\\/wp-content\\\/uploads\\\/2026\\\/02\\\/Ekologiskas-Biotino-kompleksas-ROYAL-GREEN.png\",\"width\":800,\"height\":640},{\"@type\":\"BreadcrumbList\",\"@id\":\"https:\\\/\\\/test.biopapa.lt\\\/en\\\/produktas\\\/organic-biotin-complex-royal-green-60-capsules\\\/#breadcrumb\",\"itemListElement\":[{\"@type\":\"ListItem\",\"position\":1,\"name\":\"Home\",\"item\":\"https:\\\/\\\/test.biopapa.lt\\\/en\\\/\"},{\"@type\":\"ListItem\",\"position\":2,\"name\":\"Shop\",\"item\":\"https:\\\/\\\/test.biopapa.lt\\\/en\\\/shop\\\/\"},{\"@type\":\"ListItem\",\"position\":3,\"name\":\"Organic Biotin Complex, ROYAL GREEN, 60 capsules\"}]},{\"@type\":\"WebSite\",\"@id\":\"https:\\\/\\\/test.biopapa.lt\\\/#website\",\"url\":\"https:\\\/\\\/test.biopapa.lt\\\/\",\"name\":\"Biopapa\",\"description\":\"\u0160var\u016bs ekologi\u0161ki produktai\",\"publisher\":{\"@id\":\"https:\\\/\\\/test.biopapa.lt\\\/#organization\"},\"potentialAction\":[{\"@type\":\"SearchAction\",\"target\":{\"@type\":\"EntryPoint\",\"urlTemplate\":\"https:\\\/\\\/test.biopapa.lt\\\/?s={search_term_string}\"},\"query-input\":{\"@type\":\"PropertyValueSpecification\",\"valueRequired\":true,\"valueName\":\"search_term_string\"}}],\"inLanguage\":\"en-US\"},{\"@type\":\"Organization\",\"@id\":\"https:\\\/\\\/test.biopapa.lt\\\/#organization\",\"name\":\"Biopapa\",\"url\":\"https:\\\/\\\/test.biopapa.lt\\\/\",\"logo\":{\"@type\":\"ImageObject\",\"inLanguage\":\"en-US\",\"@id\":\"https:\\\/\\\/test.biopapa.lt\\\/#\\\/schema\\\/logo\\\/image\\\/\",\"url\":\"https:\\\/\\\/www.biopapa.lt\\\/wp-content\\\/uploads\\\/2022\\\/04\\\/facebook_biopapa.jpg\",\"contentUrl\":\"https:\\\/\\\/www.biopapa.lt\\\/wp-content\\\/uploads\\\/2022\\\/04\\\/facebook_biopapa.jpg\",\"width\":1733,\"height\":907,\"caption\":\"Biopapa\"},\"image\":{\"@id\":\"https:\\\/\\\/test.biopapa.lt\\\/#\\\/schema\\\/logo\\\/image\\\/\"},\"sameAs\":[\"https:\\\/\\\/www.facebook.com\\\/biopapa.lt\"]}]}<\/script>\n<!-- \/ Yoast SEO plugin. -->","yoast_head_json":{"title":"Organic Biotin Complex, ROYAL GREEN, 60 capsules - Biopapa","description":"Royal Green BIO Biotin Complex contains 100% certified organic biotin from sunflower seeds and coriander leaves, vitamin C from the fruit of the Acerola malpighia, supplemented with carrots, aromatic rosemary and baobab.","robots":{"index":"index","follow":"follow","max-snippet":"max-snippet:-1","max-image-preview":"max-image-preview:large","max-video-preview":"max-video-preview:-1"},"canonical":"https:\/\/test.biopapa.lt\/en\/produktas\/organic-biotin-complex-royal-green-60-capsules\/","og_locale":"en_US","og_type":"article","og_title":"Organic Biotin Complex, ROYAL GREEN, 60 capsules - Biopapa","og_description":"Royal Green BIO Biotin Complex contains 100% certified organic biotin from sunflower seeds and coriander leaves, vitamin C from the fruit of the Acerola malpighia, supplemented with carrots, aromatic rosemary and baobab.","og_url":"https:\/\/test.biopapa.lt\/en\/produktas\/organic-biotin-complex-royal-green-60-capsules\/","og_site_name":"Biopapa","article_publisher":"https:\/\/www.facebook.com\/biopapa.lt","article_modified_time":"2026-02-27T11:21:42+00:00","og_image":[{"width":800,"height":640,"url":"https:\/\/test.biopapa.lt\/wp-content\/uploads\/2026\/02\/Ekologiskas-Biotino-kompleksas-ROYAL-GREEN.png","type":"image\/png"}],"twitter_card":"summary_large_image","schema":{"@context":"https:\/\/schema.org","@graph":[{"@type":"WebPage","@id":"https:\/\/test.biopapa.lt\/en\/produktas\/organic-biotin-complex-royal-green-60-capsules\/","url":"https:\/\/test.biopapa.lt\/en\/produktas\/organic-biotin-complex-royal-green-60-capsules\/","name":"Organic Biotin Complex, ROYAL GREEN, 60 capsules - Biopapa","isPartOf":{"@id":"https:\/\/test.biopapa.lt\/#website"},"primaryImageOfPage":{"@id":"https:\/\/test.biopapa.lt\/en\/produktas\/organic-biotin-complex-royal-green-60-capsules\/#primaryimage"},"image":{"@id":"https:\/\/test.biopapa.lt\/en\/produktas\/organic-biotin-complex-royal-green-60-capsules\/#primaryimage"},"thumbnailUrl":"https:\/\/test.biopapa.lt\/wp-content\/uploads\/2026\/02\/Ekologiskas-Biotino-kompleksas-ROYAL-GREEN.png","datePublished":"2026-02-14T08:15:05+00:00","dateModified":"2026-02-27T11:21:42+00:00","description":"Royal Green BIO Biotin Complex contains 100% certified organic biotin from sunflower seeds and coriander leaves, vitamin C from the fruit of the Acerola malpighia, supplemented with carrots, aromatic rosemary and baobab.","breadcrumb":{"@id":"https:\/\/test.biopapa.lt\/en\/produktas\/organic-biotin-complex-royal-green-60-capsules\/#breadcrumb"},"inLanguage":"en-US","potentialAction":[{"@type":"ReadAction","target":["https:\/\/test.biopapa.lt\/en\/produktas\/organic-biotin-complex-royal-green-60-capsules\/"]}]},{"@type":"ImageObject","inLanguage":"en-US","@id":"https:\/\/test.biopapa.lt\/en\/produktas\/organic-biotin-complex-royal-green-60-capsules\/#primaryimage","url":"https:\/\/test.biopapa.lt\/wp-content\/uploads\/2026\/02\/Ekologiskas-Biotino-kompleksas-ROYAL-GREEN.png","contentUrl":"https:\/\/test.biopapa.lt\/wp-content\/uploads\/2026\/02\/Ekologiskas-Biotino-kompleksas-ROYAL-GREEN.png","width":800,"height":640},{"@type":"BreadcrumbList","@id":"https:\/\/test.biopapa.lt\/en\/produktas\/organic-biotin-complex-royal-green-60-capsules\/#breadcrumb","itemListElement":[{"@type":"ListItem","position":1,"name":"Home","item":"https:\/\/test.biopapa.lt\/en\/"},{"@type":"ListItem","position":2,"name":"Shop","item":"https:\/\/test.biopapa.lt\/en\/shop\/"},{"@type":"ListItem","position":3,"name":"Organic Biotin Complex, ROYAL GREEN, 60 capsules"}]},{"@type":"WebSite","@id":"https:\/\/test.biopapa.lt\/#website","url":"https:\/\/test.biopapa.lt\/","name":"Biopapa","description":"\u0160var\u016bs ekologi\u0161ki produktai","publisher":{"@id":"https:\/\/test.biopapa.lt\/#organization"},"potentialAction":[{"@type":"SearchAction","target":{"@type":"EntryPoint","urlTemplate":"https:\/\/test.biopapa.lt\/?s={search_term_string}"},"query-input":{"@type":"PropertyValueSpecification","valueRequired":true,"valueName":"search_term_string"}}],"inLanguage":"en-US"},{"@type":"Organization","@id":"https:\/\/test.biopapa.lt\/#organization","name":"Biopapa","url":"https:\/\/test.biopapa.lt\/","logo":{"@type":"ImageObject","inLanguage":"en-US","@id":"https:\/\/test.biopapa.lt\/#\/schema\/logo\/image\/","url":"https:\/\/www.biopapa.lt\/wp-content\/uploads\/2022\/04\/facebook_biopapa.jpg","contentUrl":"https:\/\/www.biopapa.lt\/wp-content\/uploads\/2022\/04\/facebook_biopapa.jpg","width":1733,"height":907,"caption":"Biopapa"},"image":{"@id":"https:\/\/test.biopapa.lt\/#\/schema\/logo\/image\/"},"sameAs":["https:\/\/www.facebook.com\/biopapa.lt"]}]}},"_links":{"self":[{"href":"https:\/\/test.biopapa.lt\/en\/wp-json\/wp\/v2\/product\/253581","targetHints":{"allow":["GET"]}}],"collection":[{"href":"https:\/\/test.biopapa.lt\/en\/wp-json\/wp\/v2\/product"}],"about":[{"href":"https:\/\/test.biopapa.lt\/en\/wp-json\/wp\/v2\/types\/product"}],"wp:featuredmedia":[{"embeddable":true,"href":"https:\/\/test.biopapa.lt\/en\/wp-json\/wp\/v2\/media\/253587"}],"wp:attachment":[{"href":"https:\/\/test.biopapa.lt\/en\/wp-json\/wp\/v2\/media?parent=253581"}],"wp:term":[{"taxonomy":"product_brand","embeddable":true,"href":"https:\/\/test.biopapa.lt\/en\/wp-json\/wp\/v2\/product_brand?post=253581"},{"taxonomy":"product_cat","embeddable":true,"href":"https:\/\/test.biopapa.lt\/en\/wp-json\/wp\/v2\/product_cat?post=253581"},{"taxonomy":"product_tag","embeddable":true,"href":"https:\/\/test.biopapa.lt\/en\/wp-json\/wp\/v2\/product_tag?post=253581"}],"curies":[{"name":"wp","href":"https:\/\/api.w.org\/{rel}","templated":true}]}}