{"id":253544,"date":"2026-02-14T09:29:20","date_gmt":"2026-02-14T07:29:20","guid":{"rendered":"https:\/\/www.biopapa.lt\/?post_type=product&#038;p=253544"},"modified":"2026-02-14T10:13:16","modified_gmt":"2026-02-14T08:13:16","slug":"organic-zinc-complex-royal-green-60-capsules","status":"publish","type":"product","link":"https:\/\/test.biopapa.lt\/en\/produktas\/organic-zinc-complex-royal-green-60-capsules\/","title":{"rendered":"Organic Zinc Complex, ROYAL GREEN, 60 capsules"},"content":{"rendered":"<p> <strong> Organic Zinc complex, ROYAL GREEN, 60 capsules<br \/>\n<\/strong>Royal Green BIO Zinc is 100% organic zinc from a blend of mushrooms and plants, supplemented with naturally sourced Vitamin C from the organic fruit of the Acerola malpighia. In addition, Royal Green BIO Zinc Complex contains certified organic herbs such as Pink Echinacea, Chinese Ginseng, Turmeric, Ginger, Pumpkin Seed Oil, and the Staple Griffon (maitake) mushroom. <\/p>\n<p><strong>What makes Royal Green BIO Zinc Complex special?<\/strong><br \/>\nCertified organic<br \/>\nNaturally sourced Zinc from a mixture of mushrooms and plants<br \/>\nNaturally sourced Vitamin C from the fruit of the Acerola Malpighia<br \/>\nWith 5 organic plants and 1 mushroom<br \/>\nWithout fillers (maltodextrin, rice starch)<br \/>\nThe dark glass packaging, made in Europe, offers optimal protection against oxygen, moisture and light.<br \/>\n100100% vegan<\/p>\n<p><strong>Suggested use:<\/strong><br \/>\nZinc and Vitamin C help maintain normal immune function<br \/>\nZinc and Vitamin C help protect cells from oxidative damage<br \/>\nZinc helps maintain normal skin, hair and nails<br \/>\nZinc helps to maintain normal bone health<br \/>\nZinc helps to maintain normal vision<br \/>\nZinc helps to maintain normal cognitive function<br \/>\nZinc helps to maintain normal fertility and reproduction<br \/>\nZinc helps to maintain normal acid-base metabolism<br \/>\nZinc helps to maintain normal metabolism of carbohydrates and macronutrients<br \/>\nZinc helps to maintain normal fatty acid metabolism.<\/p>\n<p>Suggested <strong>Use<\/strong>: 1-2 capsules per day, preferably with meals.<\/p>\n<p>Do not exceed the recommended dose. A food supplement should not be used as a substitute for food. A varied and balanced diet and a healthy lifestyle are important. If you are ill or on medication, we recommend that you consult your doctor or pharmacist about taking the supplement. Do not administer to children under 18 years of age. Do not use during pregnancy and lactation. Consult your doctor or pharmacist if you are taking anticoagulants (anti-clotting drugs), in case of biliary or hepatic disorders, or in the treatment of diabetes. Do not take for long periods without professional advice.    <\/p>\n<p>Net content: 28 g<\/p>\n<p><em>NOTE. The information provided on this website shall not be construed as a recommendation for treatment or any other form of health advice. We encourage you to make personal decisions about your personal health, taking into account a wide range of sources of information.<\/em><\/p>\n<p><strong> <\/strong><\/p>\n<p>&nbsp;<\/p>\n","protected":false},"excerpt":{"rendered":"<p>Organic Zinc complex, ROYAL GREEN, 60 capsules Royal Green BIO Zinc is 100% organic zinc from a blend of mushrooms<\/p>\n","protected":false},"featured_media":253552,"template":"","meta":{"_acf_changed":false},"product_brand":[],"product_cat":[1984],"product_tag":[2088],"class_list":{"0":"post-253544","1":"product","2":"type-product","3":"status-publish","4":"has-post-thumbnail","6":"product_cat-food-supplements","7":"product_tag-vegan","9":"first","10":"instock","11":"shipping-taxable","12":"purchasable","13":"product-type-simple"},"acf":[],"yoast_head":"<!-- This site is optimized with the Yoast SEO plugin v27.6 - https:\/\/yoast.com\/product\/yoast-seo-wordpress\/ -->\n<title>Organic Zinc Complex, ROYAL GREEN, 60 capsules - Biopapa<\/title>\n<meta name=\"description\" content=\"Organic food supplement for cholesterol support ROYAL GREEN, 60 capsules. Certified organic red yeast rice with real artichoke and European olive leaf extracts for normal cholesterol support*\" \/>\n<meta name=\"robots\" content=\"index, follow, max-snippet:-1, max-image-preview:large, max-video-preview:-1\" \/>\n<link rel=\"canonical\" href=\"https:\/\/test.biopapa.lt\/en\/produktas\/organic-zinc-complex-royal-green-60-capsules\/\" \/>\n<meta property=\"og:locale\" content=\"en_US\" \/>\n<meta property=\"og:type\" content=\"article\" \/>\n<meta property=\"og:title\" content=\"Organic Zinc Complex, ROYAL GREEN, 60 capsules - Biopapa\" \/>\n<meta property=\"og:description\" content=\"Organic food supplement for cholesterol support ROYAL GREEN, 60 capsules. Certified organic red yeast rice with real artichoke and European olive leaf extracts for normal cholesterol support*\" \/>\n<meta property=\"og:url\" content=\"https:\/\/test.biopapa.lt\/en\/produktas\/organic-zinc-complex-royal-green-60-capsules\/\" \/>\n<meta property=\"og:site_name\" content=\"Biopapa\" \/>\n<meta property=\"article:publisher\" content=\"https:\/\/www.facebook.com\/biopapa.lt\" \/>\n<meta property=\"article:modified_time\" content=\"2026-02-14T08:13:16+00:00\" \/>\n<meta property=\"og:image\" content=\"https:\/\/test.biopapa.lt\/wp-content\/uploads\/2026\/02\/Ekologiskas-Cinko-komplkesas-ROYAL-GREEN.png\" \/>\n\t<meta property=\"og:image:width\" content=\"800\" \/>\n\t<meta property=\"og:image:height\" content=\"640\" \/>\n\t<meta property=\"og:image:type\" content=\"image\/png\" \/>\n<meta name=\"twitter:card\" content=\"summary_large_image\" \/>\n<script type=\"application\/ld+json\" class=\"yoast-schema-graph\">{\"@context\":\"https:\\\/\\\/schema.org\",\"@graph\":[{\"@type\":\"WebPage\",\"@id\":\"https:\\\/\\\/test.biopapa.lt\\\/en\\\/produktas\\\/organic-zinc-complex-royal-green-60-capsules\\\/\",\"url\":\"https:\\\/\\\/test.biopapa.lt\\\/en\\\/produktas\\\/organic-zinc-complex-royal-green-60-capsules\\\/\",\"name\":\"Organic Zinc Complex, ROYAL GREEN, 60 capsules - Biopapa\",\"isPartOf\":{\"@id\":\"https:\\\/\\\/test.biopapa.lt\\\/#website\"},\"primaryImageOfPage\":{\"@id\":\"https:\\\/\\\/test.biopapa.lt\\\/en\\\/produktas\\\/organic-zinc-complex-royal-green-60-capsules\\\/#primaryimage\"},\"image\":{\"@id\":\"https:\\\/\\\/test.biopapa.lt\\\/en\\\/produktas\\\/organic-zinc-complex-royal-green-60-capsules\\\/#primaryimage\"},\"thumbnailUrl\":\"https:\\\/\\\/test.biopapa.lt\\\/wp-content\\\/uploads\\\/2026\\\/02\\\/Ekologiskas-Cinko-komplkesas-ROYAL-GREEN.png\",\"datePublished\":\"2026-02-14T07:29:20+00:00\",\"dateModified\":\"2026-02-14T08:13:16+00:00\",\"description\":\"Organic food supplement for cholesterol support ROYAL GREEN, 60 capsules. Certified organic red yeast rice with real artichoke and European olive leaf extracts for normal cholesterol support*\",\"breadcrumb\":{\"@id\":\"https:\\\/\\\/test.biopapa.lt\\\/en\\\/produktas\\\/organic-zinc-complex-royal-green-60-capsules\\\/#breadcrumb\"},\"inLanguage\":\"en-US\",\"potentialAction\":[{\"@type\":\"ReadAction\",\"target\":[\"https:\\\/\\\/test.biopapa.lt\\\/en\\\/produktas\\\/organic-zinc-complex-royal-green-60-capsules\\\/\"]}]},{\"@type\":\"ImageObject\",\"inLanguage\":\"en-US\",\"@id\":\"https:\\\/\\\/test.biopapa.lt\\\/en\\\/produktas\\\/organic-zinc-complex-royal-green-60-capsules\\\/#primaryimage\",\"url\":\"https:\\\/\\\/test.biopapa.lt\\\/wp-content\\\/uploads\\\/2026\\\/02\\\/Ekologiskas-Cinko-komplkesas-ROYAL-GREEN.png\",\"contentUrl\":\"https:\\\/\\\/test.biopapa.lt\\\/wp-content\\\/uploads\\\/2026\\\/02\\\/Ekologiskas-Cinko-komplkesas-ROYAL-GREEN.png\",\"width\":800,\"height\":640},{\"@type\":\"BreadcrumbList\",\"@id\":\"https:\\\/\\\/test.biopapa.lt\\\/en\\\/produktas\\\/organic-zinc-complex-royal-green-60-capsules\\\/#breadcrumb\",\"itemListElement\":[{\"@type\":\"ListItem\",\"position\":1,\"name\":\"Home\",\"item\":\"https:\\\/\\\/test.biopapa.lt\\\/en\\\/\"},{\"@type\":\"ListItem\",\"position\":2,\"name\":\"Shop\",\"item\":\"https:\\\/\\\/test.biopapa.lt\\\/en\\\/shop\\\/\"},{\"@type\":\"ListItem\",\"position\":3,\"name\":\"Organic Zinc Complex, ROYAL GREEN, 60 capsules\"}]},{\"@type\":\"WebSite\",\"@id\":\"https:\\\/\\\/test.biopapa.lt\\\/#website\",\"url\":\"https:\\\/\\\/test.biopapa.lt\\\/\",\"name\":\"Biopapa\",\"description\":\"\u0160var\u016bs ekologi\u0161ki produktai\",\"publisher\":{\"@id\":\"https:\\\/\\\/test.biopapa.lt\\\/#organization\"},\"potentialAction\":[{\"@type\":\"SearchAction\",\"target\":{\"@type\":\"EntryPoint\",\"urlTemplate\":\"https:\\\/\\\/test.biopapa.lt\\\/?s={search_term_string}\"},\"query-input\":{\"@type\":\"PropertyValueSpecification\",\"valueRequired\":true,\"valueName\":\"search_term_string\"}}],\"inLanguage\":\"en-US\"},{\"@type\":\"Organization\",\"@id\":\"https:\\\/\\\/test.biopapa.lt\\\/#organization\",\"name\":\"Biopapa\",\"url\":\"https:\\\/\\\/test.biopapa.lt\\\/\",\"logo\":{\"@type\":\"ImageObject\",\"inLanguage\":\"en-US\",\"@id\":\"https:\\\/\\\/test.biopapa.lt\\\/#\\\/schema\\\/logo\\\/image\\\/\",\"url\":\"https:\\\/\\\/www.biopapa.lt\\\/wp-content\\\/uploads\\\/2022\\\/04\\\/facebook_biopapa.jpg\",\"contentUrl\":\"https:\\\/\\\/www.biopapa.lt\\\/wp-content\\\/uploads\\\/2022\\\/04\\\/facebook_biopapa.jpg\",\"width\":1733,\"height\":907,\"caption\":\"Biopapa\"},\"image\":{\"@id\":\"https:\\\/\\\/test.biopapa.lt\\\/#\\\/schema\\\/logo\\\/image\\\/\"},\"sameAs\":[\"https:\\\/\\\/www.facebook.com\\\/biopapa.lt\"]}]}<\/script>\n<!-- \/ Yoast SEO plugin. -->","yoast_head_json":{"title":"Organic Zinc Complex, ROYAL GREEN, 60 capsules - Biopapa","description":"Organic food supplement for cholesterol support ROYAL GREEN, 60 capsules. Certified organic red yeast rice with real artichoke and European olive leaf extracts for normal cholesterol support*","robots":{"index":"index","follow":"follow","max-snippet":"max-snippet:-1","max-image-preview":"max-image-preview:large","max-video-preview":"max-video-preview:-1"},"canonical":"https:\/\/test.biopapa.lt\/en\/produktas\/organic-zinc-complex-royal-green-60-capsules\/","og_locale":"en_US","og_type":"article","og_title":"Organic Zinc Complex, ROYAL GREEN, 60 capsules - Biopapa","og_description":"Organic food supplement for cholesterol support ROYAL GREEN, 60 capsules. Certified organic red yeast rice with real artichoke and European olive leaf extracts for normal cholesterol support*","og_url":"https:\/\/test.biopapa.lt\/en\/produktas\/organic-zinc-complex-royal-green-60-capsules\/","og_site_name":"Biopapa","article_publisher":"https:\/\/www.facebook.com\/biopapa.lt","article_modified_time":"2026-02-14T08:13:16+00:00","og_image":[{"width":800,"height":640,"url":"https:\/\/test.biopapa.lt\/wp-content\/uploads\/2026\/02\/Ekologiskas-Cinko-komplkesas-ROYAL-GREEN.png","type":"image\/png"}],"twitter_card":"summary_large_image","schema":{"@context":"https:\/\/schema.org","@graph":[{"@type":"WebPage","@id":"https:\/\/test.biopapa.lt\/en\/produktas\/organic-zinc-complex-royal-green-60-capsules\/","url":"https:\/\/test.biopapa.lt\/en\/produktas\/organic-zinc-complex-royal-green-60-capsules\/","name":"Organic Zinc Complex, ROYAL GREEN, 60 capsules - Biopapa","isPartOf":{"@id":"https:\/\/test.biopapa.lt\/#website"},"primaryImageOfPage":{"@id":"https:\/\/test.biopapa.lt\/en\/produktas\/organic-zinc-complex-royal-green-60-capsules\/#primaryimage"},"image":{"@id":"https:\/\/test.biopapa.lt\/en\/produktas\/organic-zinc-complex-royal-green-60-capsules\/#primaryimage"},"thumbnailUrl":"https:\/\/test.biopapa.lt\/wp-content\/uploads\/2026\/02\/Ekologiskas-Cinko-komplkesas-ROYAL-GREEN.png","datePublished":"2026-02-14T07:29:20+00:00","dateModified":"2026-02-14T08:13:16+00:00","description":"Organic food supplement for cholesterol support ROYAL GREEN, 60 capsules. Certified organic red yeast rice with real artichoke and European olive leaf extracts for normal cholesterol support*","breadcrumb":{"@id":"https:\/\/test.biopapa.lt\/en\/produktas\/organic-zinc-complex-royal-green-60-capsules\/#breadcrumb"},"inLanguage":"en-US","potentialAction":[{"@type":"ReadAction","target":["https:\/\/test.biopapa.lt\/en\/produktas\/organic-zinc-complex-royal-green-60-capsules\/"]}]},{"@type":"ImageObject","inLanguage":"en-US","@id":"https:\/\/test.biopapa.lt\/en\/produktas\/organic-zinc-complex-royal-green-60-capsules\/#primaryimage","url":"https:\/\/test.biopapa.lt\/wp-content\/uploads\/2026\/02\/Ekologiskas-Cinko-komplkesas-ROYAL-GREEN.png","contentUrl":"https:\/\/test.biopapa.lt\/wp-content\/uploads\/2026\/02\/Ekologiskas-Cinko-komplkesas-ROYAL-GREEN.png","width":800,"height":640},{"@type":"BreadcrumbList","@id":"https:\/\/test.biopapa.lt\/en\/produktas\/organic-zinc-complex-royal-green-60-capsules\/#breadcrumb","itemListElement":[{"@type":"ListItem","position":1,"name":"Home","item":"https:\/\/test.biopapa.lt\/en\/"},{"@type":"ListItem","position":2,"name":"Shop","item":"https:\/\/test.biopapa.lt\/en\/shop\/"},{"@type":"ListItem","position":3,"name":"Organic Zinc Complex, ROYAL GREEN, 60 capsules"}]},{"@type":"WebSite","@id":"https:\/\/test.biopapa.lt\/#website","url":"https:\/\/test.biopapa.lt\/","name":"Biopapa","description":"\u0160var\u016bs ekologi\u0161ki produktai","publisher":{"@id":"https:\/\/test.biopapa.lt\/#organization"},"potentialAction":[{"@type":"SearchAction","target":{"@type":"EntryPoint","urlTemplate":"https:\/\/test.biopapa.lt\/?s={search_term_string}"},"query-input":{"@type":"PropertyValueSpecification","valueRequired":true,"valueName":"search_term_string"}}],"inLanguage":"en-US"},{"@type":"Organization","@id":"https:\/\/test.biopapa.lt\/#organization","name":"Biopapa","url":"https:\/\/test.biopapa.lt\/","logo":{"@type":"ImageObject","inLanguage":"en-US","@id":"https:\/\/test.biopapa.lt\/#\/schema\/logo\/image\/","url":"https:\/\/www.biopapa.lt\/wp-content\/uploads\/2022\/04\/facebook_biopapa.jpg","contentUrl":"https:\/\/www.biopapa.lt\/wp-content\/uploads\/2022\/04\/facebook_biopapa.jpg","width":1733,"height":907,"caption":"Biopapa"},"image":{"@id":"https:\/\/test.biopapa.lt\/#\/schema\/logo\/image\/"},"sameAs":["https:\/\/www.facebook.com\/biopapa.lt"]}]}},"_links":{"self":[{"href":"https:\/\/test.biopapa.lt\/en\/wp-json\/wp\/v2\/product\/253544","targetHints":{"allow":["GET"]}}],"collection":[{"href":"https:\/\/test.biopapa.lt\/en\/wp-json\/wp\/v2\/product"}],"about":[{"href":"https:\/\/test.biopapa.lt\/en\/wp-json\/wp\/v2\/types\/product"}],"wp:featuredmedia":[{"embeddable":true,"href":"https:\/\/test.biopapa.lt\/en\/wp-json\/wp\/v2\/media\/253552"}],"wp:attachment":[{"href":"https:\/\/test.biopapa.lt\/en\/wp-json\/wp\/v2\/media?parent=253544"}],"wp:term":[{"taxonomy":"product_brand","embeddable":true,"href":"https:\/\/test.biopapa.lt\/en\/wp-json\/wp\/v2\/product_brand?post=253544"},{"taxonomy":"product_cat","embeddable":true,"href":"https:\/\/test.biopapa.lt\/en\/wp-json\/wp\/v2\/product_cat?post=253544"},{"taxonomy":"product_tag","embeddable":true,"href":"https:\/\/test.biopapa.lt\/en\/wp-json\/wp\/v2\/product_tag?post=253544"}],"curies":[{"name":"wp","href":"https:\/\/api.w.org\/{rel}","templated":true}]}}