{"id":206932,"date":"2025-11-14T04:42:30","date_gmt":"2025-11-14T02:42:30","guid":{"rendered":"https:\/\/www.biopapa.lt\/?post_type=product&#038;p=206932"},"modified":"2026-02-14T09:27:29","modified_gmt":"2026-02-14T07:27:29","slug":"dry-yeast-flakes-150g","status":"publish","type":"product","link":"https:\/\/test.biopapa.lt\/en\/produktas\/dry-yeast-flakes-150g\/","title":{"rendered":"Dry yeast flakes (150 g)"},"content":{"rendered":"<p><strong>Inactive brewer&#8217;s yeast flakes <\/strong>are a completely unique, clean and natural product, rich in protein, minerals and B vitamins, ideal for exercising, health and beauty.<\/p>\n<p>Yeast flakes can help:<\/p>\n<p>To maintain skin oil balance and care for problematic skin.<br \/>\nTo improve skin condition and maintain a comfortable feeling.<br \/>\nTo naturally protect and care for lips and skin.<br \/>\nTo improve the appearance, strengthen and nourish hair.<br \/>\nTo support the function of the immune system and strengthen the body&#8217;s resistance.<br \/>\nTo support physical activity and muscle tone, strength and endurance.<br \/>\nTo support energy levels, emotional balance and concentration.<br \/>\nTo support digestive comfort and the balance of intestinal microflora.<br \/>\nAs a natural remedy for managing appetite during a healthy lifestyle.<br \/>\nFor lactating women, to support the body&#8217;s needs during the breastfeeding period.<\/p>\n<p>Suitable for those who follow a plant-based diet (vegetarians and vegans).<br \/>\nYeast flakes are a food supplement made from inactive dry brewer&#8217;s yeast. Brewer&#8217;s yeast is packed with essential vitamins, minerals and amino acids. It is a rich source of B-complex vitamins, including B1 (thiamine), B2 (riboflavin), B3 (niacin), B5 (pantothenic acid), B6 (pyridoxine) and B9 (folate). These vitamins play a vital role in energy production, brain function and contribute to general health and well-being.<br \/>\nThey are also an excellent source of protein, containing as many as 16 essential amino acids that our bodies need but cannot make themselves. This makes it an excellent supplement for vegetarians and vegans.    <\/p>\n<p>Suggested Use<br \/>\nIt is recommended to be taken with meals, up to three tablespoons or 15 grams per day. Yeast should be added to breakfast cereals, soups, salads, porridges or mixed with juice, milk, yoghurt, fruit smoothies, sports drinks, etc. <\/p>\n<p><em>NOTE. The information provided on this website shall not be construed as a recommendation for treatment or any other form of health advice. We encourage you to make personal decisions about your personal health, taking into account a wide range of sources of information.<\/em><\/p>\n","protected":false},"excerpt":{"rendered":"<p>Inactive brewer&#8217;s yeast flakes are a completely unique, clean and natural product, rich in protein, minerals and B vitamins, ideal<\/p>\n","protected":false},"featured_media":206945,"template":"","meta":{"_acf_changed":false},"product_brand":[],"product_cat":[1984],"product_tag":[2038,2088],"class_list":{"0":"post-206932","1":"product","2":"type-product","3":"status-publish","4":"has-post-thumbnail","6":"product_cat-food-supplements","7":"product_tag-no-added-sugar","8":"product_tag-vegan","10":"first","11":"outofstock","12":"sale","13":"shipping-taxable","14":"purchasable","15":"product-type-simple"},"acf":[],"yoast_head":"<!-- This site is optimized with the Yoast SEO plugin v27.6 - https:\/\/yoast.com\/product\/yoast-seo-wordpress\/ -->\n<title>Dry yeast flakes (150 g) - Biopapa<\/title>\n<meta name=\"description\" content=\"Inactive brewer&#039;s yeast flakes are a unique, natural and pure product with high levels of protein, minerals and B vitamins.\" \/>\n<meta name=\"robots\" content=\"index, follow, max-snippet:-1, max-image-preview:large, max-video-preview:-1\" \/>\n<link rel=\"canonical\" href=\"https:\/\/test.biopapa.lt\/en\/produktas\/dry-yeast-flakes-150g\/\" \/>\n<meta property=\"og:locale\" content=\"en_US\" \/>\n<meta property=\"og:type\" content=\"article\" \/>\n<meta property=\"og:title\" content=\"Dry yeast flakes (150 g) - Biopapa\" \/>\n<meta property=\"og:description\" content=\"Inactive brewer&#039;s yeast flakes are a unique, natural and pure product with high levels of protein, minerals and B vitamins.\" \/>\n<meta property=\"og:url\" content=\"https:\/\/test.biopapa.lt\/en\/produktas\/dry-yeast-flakes-150g\/\" \/>\n<meta property=\"og:site_name\" content=\"Biopapa\" \/>\n<meta property=\"article:publisher\" content=\"https:\/\/www.facebook.com\/biopapa.lt\" \/>\n<meta property=\"article:modified_time\" content=\"2026-02-14T07:27:29+00:00\" \/>\n<meta property=\"og:image\" content=\"https:\/\/test.biopapa.lt\/wp-content\/uploads\/2025\/11\/Sausu-mieliu-dribsniai-150-g.png\" \/>\n\t<meta property=\"og:image:width\" content=\"800\" \/>\n\t<meta property=\"og:image:height\" content=\"640\" \/>\n\t<meta property=\"og:image:type\" content=\"image\/png\" \/>\n<meta name=\"twitter:card\" content=\"summary_large_image\" \/>\n<script type=\"application\/ld+json\" class=\"yoast-schema-graph\">{\"@context\":\"https:\\\/\\\/schema.org\",\"@graph\":[{\"@type\":\"WebPage\",\"@id\":\"https:\\\/\\\/test.biopapa.lt\\\/en\\\/produktas\\\/dry-yeast-flakes-150g\\\/\",\"url\":\"https:\\\/\\\/test.biopapa.lt\\\/en\\\/produktas\\\/dry-yeast-flakes-150g\\\/\",\"name\":\"Dry yeast flakes (150 g) - Biopapa\",\"isPartOf\":{\"@id\":\"https:\\\/\\\/test.biopapa.lt\\\/#website\"},\"primaryImageOfPage\":{\"@id\":\"https:\\\/\\\/test.biopapa.lt\\\/en\\\/produktas\\\/dry-yeast-flakes-150g\\\/#primaryimage\"},\"image\":{\"@id\":\"https:\\\/\\\/test.biopapa.lt\\\/en\\\/produktas\\\/dry-yeast-flakes-150g\\\/#primaryimage\"},\"thumbnailUrl\":\"https:\\\/\\\/test.biopapa.lt\\\/wp-content\\\/uploads\\\/2025\\\/11\\\/Sausu-mieliu-dribsniai-150-g.png\",\"datePublished\":\"2025-11-14T02:42:30+00:00\",\"dateModified\":\"2026-02-14T07:27:29+00:00\",\"description\":\"Inactive brewer's yeast flakes are a unique, natural and pure product with high levels of protein, minerals and B vitamins.\",\"breadcrumb\":{\"@id\":\"https:\\\/\\\/test.biopapa.lt\\\/en\\\/produktas\\\/dry-yeast-flakes-150g\\\/#breadcrumb\"},\"inLanguage\":\"en-US\",\"potentialAction\":[{\"@type\":\"ReadAction\",\"target\":[\"https:\\\/\\\/test.biopapa.lt\\\/en\\\/produktas\\\/dry-yeast-flakes-150g\\\/\"]}]},{\"@type\":\"ImageObject\",\"inLanguage\":\"en-US\",\"@id\":\"https:\\\/\\\/test.biopapa.lt\\\/en\\\/produktas\\\/dry-yeast-flakes-150g\\\/#primaryimage\",\"url\":\"https:\\\/\\\/test.biopapa.lt\\\/wp-content\\\/uploads\\\/2025\\\/11\\\/Sausu-mieliu-dribsniai-150-g.png\",\"contentUrl\":\"https:\\\/\\\/test.biopapa.lt\\\/wp-content\\\/uploads\\\/2025\\\/11\\\/Sausu-mieliu-dribsniai-150-g.png\",\"width\":800,\"height\":640},{\"@type\":\"BreadcrumbList\",\"@id\":\"https:\\\/\\\/test.biopapa.lt\\\/en\\\/produktas\\\/dry-yeast-flakes-150g\\\/#breadcrumb\",\"itemListElement\":[{\"@type\":\"ListItem\",\"position\":1,\"name\":\"Home\",\"item\":\"https:\\\/\\\/test.biopapa.lt\\\/en\\\/\"},{\"@type\":\"ListItem\",\"position\":2,\"name\":\"Shop\",\"item\":\"https:\\\/\\\/test.biopapa.lt\\\/en\\\/shop\\\/\"},{\"@type\":\"ListItem\",\"position\":3,\"name\":\"Dry yeast flakes (150 g)\"}]},{\"@type\":\"WebSite\",\"@id\":\"https:\\\/\\\/test.biopapa.lt\\\/#website\",\"url\":\"https:\\\/\\\/test.biopapa.lt\\\/\",\"name\":\"Biopapa\",\"description\":\"\u0160var\u016bs ekologi\u0161ki produktai\",\"publisher\":{\"@id\":\"https:\\\/\\\/test.biopapa.lt\\\/#organization\"},\"potentialAction\":[{\"@type\":\"SearchAction\",\"target\":{\"@type\":\"EntryPoint\",\"urlTemplate\":\"https:\\\/\\\/test.biopapa.lt\\\/?s={search_term_string}\"},\"query-input\":{\"@type\":\"PropertyValueSpecification\",\"valueRequired\":true,\"valueName\":\"search_term_string\"}}],\"inLanguage\":\"en-US\"},{\"@type\":\"Organization\",\"@id\":\"https:\\\/\\\/test.biopapa.lt\\\/#organization\",\"name\":\"Biopapa\",\"url\":\"https:\\\/\\\/test.biopapa.lt\\\/\",\"logo\":{\"@type\":\"ImageObject\",\"inLanguage\":\"en-US\",\"@id\":\"https:\\\/\\\/test.biopapa.lt\\\/#\\\/schema\\\/logo\\\/image\\\/\",\"url\":\"https:\\\/\\\/www.biopapa.lt\\\/wp-content\\\/uploads\\\/2022\\\/04\\\/facebook_biopapa.jpg\",\"contentUrl\":\"https:\\\/\\\/www.biopapa.lt\\\/wp-content\\\/uploads\\\/2022\\\/04\\\/facebook_biopapa.jpg\",\"width\":1733,\"height\":907,\"caption\":\"Biopapa\"},\"image\":{\"@id\":\"https:\\\/\\\/test.biopapa.lt\\\/#\\\/schema\\\/logo\\\/image\\\/\"},\"sameAs\":[\"https:\\\/\\\/www.facebook.com\\\/biopapa.lt\"]}]}<\/script>\n<!-- \/ Yoast SEO plugin. -->","yoast_head_json":{"title":"Dry yeast flakes (150 g) - Biopapa","description":"Inactive brewer's yeast flakes are a unique, natural and pure product with high levels of protein, minerals and B vitamins.","robots":{"index":"index","follow":"follow","max-snippet":"max-snippet:-1","max-image-preview":"max-image-preview:large","max-video-preview":"max-video-preview:-1"},"canonical":"https:\/\/test.biopapa.lt\/en\/produktas\/dry-yeast-flakes-150g\/","og_locale":"en_US","og_type":"article","og_title":"Dry yeast flakes (150 g) - Biopapa","og_description":"Inactive brewer's yeast flakes are a unique, natural and pure product with high levels of protein, minerals and B vitamins.","og_url":"https:\/\/test.biopapa.lt\/en\/produktas\/dry-yeast-flakes-150g\/","og_site_name":"Biopapa","article_publisher":"https:\/\/www.facebook.com\/biopapa.lt","article_modified_time":"2026-02-14T07:27:29+00:00","og_image":[{"width":800,"height":640,"url":"https:\/\/test.biopapa.lt\/wp-content\/uploads\/2025\/11\/Sausu-mieliu-dribsniai-150-g.png","type":"image\/png"}],"twitter_card":"summary_large_image","schema":{"@context":"https:\/\/schema.org","@graph":[{"@type":"WebPage","@id":"https:\/\/test.biopapa.lt\/en\/produktas\/dry-yeast-flakes-150g\/","url":"https:\/\/test.biopapa.lt\/en\/produktas\/dry-yeast-flakes-150g\/","name":"Dry yeast flakes (150 g) - Biopapa","isPartOf":{"@id":"https:\/\/test.biopapa.lt\/#website"},"primaryImageOfPage":{"@id":"https:\/\/test.biopapa.lt\/en\/produktas\/dry-yeast-flakes-150g\/#primaryimage"},"image":{"@id":"https:\/\/test.biopapa.lt\/en\/produktas\/dry-yeast-flakes-150g\/#primaryimage"},"thumbnailUrl":"https:\/\/test.biopapa.lt\/wp-content\/uploads\/2025\/11\/Sausu-mieliu-dribsniai-150-g.png","datePublished":"2025-11-14T02:42:30+00:00","dateModified":"2026-02-14T07:27:29+00:00","description":"Inactive brewer's yeast flakes are a unique, natural and pure product with high levels of protein, minerals and B vitamins.","breadcrumb":{"@id":"https:\/\/test.biopapa.lt\/en\/produktas\/dry-yeast-flakes-150g\/#breadcrumb"},"inLanguage":"en-US","potentialAction":[{"@type":"ReadAction","target":["https:\/\/test.biopapa.lt\/en\/produktas\/dry-yeast-flakes-150g\/"]}]},{"@type":"ImageObject","inLanguage":"en-US","@id":"https:\/\/test.biopapa.lt\/en\/produktas\/dry-yeast-flakes-150g\/#primaryimage","url":"https:\/\/test.biopapa.lt\/wp-content\/uploads\/2025\/11\/Sausu-mieliu-dribsniai-150-g.png","contentUrl":"https:\/\/test.biopapa.lt\/wp-content\/uploads\/2025\/11\/Sausu-mieliu-dribsniai-150-g.png","width":800,"height":640},{"@type":"BreadcrumbList","@id":"https:\/\/test.biopapa.lt\/en\/produktas\/dry-yeast-flakes-150g\/#breadcrumb","itemListElement":[{"@type":"ListItem","position":1,"name":"Home","item":"https:\/\/test.biopapa.lt\/en\/"},{"@type":"ListItem","position":2,"name":"Shop","item":"https:\/\/test.biopapa.lt\/en\/shop\/"},{"@type":"ListItem","position":3,"name":"Dry yeast flakes (150 g)"}]},{"@type":"WebSite","@id":"https:\/\/test.biopapa.lt\/#website","url":"https:\/\/test.biopapa.lt\/","name":"Biopapa","description":"\u0160var\u016bs ekologi\u0161ki produktai","publisher":{"@id":"https:\/\/test.biopapa.lt\/#organization"},"potentialAction":[{"@type":"SearchAction","target":{"@type":"EntryPoint","urlTemplate":"https:\/\/test.biopapa.lt\/?s={search_term_string}"},"query-input":{"@type":"PropertyValueSpecification","valueRequired":true,"valueName":"search_term_string"}}],"inLanguage":"en-US"},{"@type":"Organization","@id":"https:\/\/test.biopapa.lt\/#organization","name":"Biopapa","url":"https:\/\/test.biopapa.lt\/","logo":{"@type":"ImageObject","inLanguage":"en-US","@id":"https:\/\/test.biopapa.lt\/#\/schema\/logo\/image\/","url":"https:\/\/www.biopapa.lt\/wp-content\/uploads\/2022\/04\/facebook_biopapa.jpg","contentUrl":"https:\/\/www.biopapa.lt\/wp-content\/uploads\/2022\/04\/facebook_biopapa.jpg","width":1733,"height":907,"caption":"Biopapa"},"image":{"@id":"https:\/\/test.biopapa.lt\/#\/schema\/logo\/image\/"},"sameAs":["https:\/\/www.facebook.com\/biopapa.lt"]}]}},"_links":{"self":[{"href":"https:\/\/test.biopapa.lt\/en\/wp-json\/wp\/v2\/product\/206932","targetHints":{"allow":["GET"]}}],"collection":[{"href":"https:\/\/test.biopapa.lt\/en\/wp-json\/wp\/v2\/product"}],"about":[{"href":"https:\/\/test.biopapa.lt\/en\/wp-json\/wp\/v2\/types\/product"}],"wp:featuredmedia":[{"embeddable":true,"href":"https:\/\/test.biopapa.lt\/en\/wp-json\/wp\/v2\/media\/206945"}],"wp:attachment":[{"href":"https:\/\/test.biopapa.lt\/en\/wp-json\/wp\/v2\/media?parent=206932"}],"wp:term":[{"taxonomy":"product_brand","embeddable":true,"href":"https:\/\/test.biopapa.lt\/en\/wp-json\/wp\/v2\/product_brand?post=206932"},{"taxonomy":"product_cat","embeddable":true,"href":"https:\/\/test.biopapa.lt\/en\/wp-json\/wp\/v2\/product_cat?post=206932"},{"taxonomy":"product_tag","embeddable":true,"href":"https:\/\/test.biopapa.lt\/en\/wp-json\/wp\/v2\/product_tag?post=206932"}],"curies":[{"name":"wp","href":"https:\/\/api.w.org\/{rel}","templated":true}]}}