{"id":141705,"date":"2025-07-02T14:36:19","date_gmt":"2025-07-02T11:36:19","guid":{"rendered":"https:\/\/www.biopapa.lt\/?post_type=product&#038;p=141705"},"modified":"2025-12-16T13:45:34","modified_gmt":"2025-12-16T11:45:34","slug":"instant-pot-duo-multifunctional-pot-8l","status":"publish","type":"product","link":"https:\/\/test.biopapa.lt\/en\/produktas\/instant-pot-duo-multifunctional-pot-8l\/","title":{"rendered":"Instant Pot\u00ae Duo\u2122 &#8211; Multifunctional pot (8L)"},"content":{"rendered":"<p><strong>Delivery only by Venipak courier.<br \/>\nInstant Pot &#8211; Instant Pot\u00ae Duo\u2122 &#8211; Multi-Purpose Pot (8L)<br \/>\n<\/strong>Easy to use, easy to clean, fast, versatile and convenient, the Instant Pot\u00ae Duo\u2122 is the kitchen helper that started it all. The updated Easy-Release switch allows you to release steam quickly and easily. Enjoy the functionality of the pot and delicious meals every day!  <\/p>\n<p>7-FIVE: pressure cooker, rice cooker, slow cooker, yoghurt maker, steamer, frying pan and food warmer<\/p>\n<p>Easy-release switch: simple and quick steam release<br \/>\n13 customisable programmes: for quick one-touch control<br \/>\n<strong>Stainless steel (18\/8) inner pot<\/strong> with three-layer bottom, perfect for braising<br \/>\nPrepare up to 8 servings: Perfect for families, cooking and large portions<br \/>\nUp to 70% faster and more efficient than other cooking methods<br \/>\nDishwasher-safe lid and inner pot<br \/>\n10+ proven safety features, including Overheat Protection\u2122 and a secure locking lid<br \/>\nIncludes a stainless steel steamer rack<br \/>\nPower: 1,200 watts<br \/>\nVoltage: 220V ~ 60Hz<br \/>\nUL &amp; ULC Certified<\/p>\n<p>This appliance is extremely convenient and efficient, perfect for those who want to quickly and safely cook a wide variety of dishes in large portions! Ideal for families or those who like to prepare large dinners. <\/p>\n<p>Dimensions: (I) 37,6 x (W) 33,8 x (H) 36,1 cm<br \/>\nVolume: 8 litres<br \/>\nWarranty: 12 months<\/p>\n<p><a href=\"https:\/\/p.widencdn.net\/ay5ptf\/113-0059-01_110-0043-01_112-0170-01_IB_DuoV5_MANUAL_US_R27-FINAL-04-04-2024_LoRes\">Download the user guide \u21d2<\/a><\/p>\n<p>INSTANT POT\u00ae DUO\u2122 &#8211; MULTI-FUNCTIONAL PUD (8L) 7-IN-1<br \/>\nCode 113-0061-01-EU-GP<\/p>\n","protected":false},"excerpt":{"rendered":"<p>Delivery only by Venipak courier. Instant Pot &#8211; Instant Pot\u00ae Duo\u2122 &#8211; Multi-Purpose Pot (8L) Easy to use, easy to<\/p>\n","protected":false},"featured_media":141719,"template":"","meta":{"_acf_changed":false},"product_brand":[],"product_cat":[1988,2410],"product_tag":[],"class_list":{"0":"post-141705","1":"product","2":"type-product","3":"status-publish","4":"has-post-thumbnail","6":"product_cat-home","7":"product_cat-household-appliances","9":"first","10":"outofstock","11":"shipping-taxable","12":"purchasable","13":"product-type-simple"},"acf":[],"yoast_head":"<!-- This site is optimized with the Yoast SEO plugin v27.6 - https:\/\/yoast.com\/product\/yoast-seo-wordpress\/ -->\n<title>Instant Pot\u00ae Duo\u2122 - Multifunctional pot (8L) - Biopapa<\/title>\n<meta name=\"description\" content=\"Instant Pot - Instant Pot\u00ae Duo\u2122 - Multipurpose pot (8L)\" \/>\n<meta name=\"robots\" content=\"index, follow, max-snippet:-1, max-image-preview:large, max-video-preview:-1\" \/>\n<link rel=\"canonical\" href=\"https:\/\/test.biopapa.lt\/en\/produktas\/instant-pot-duo-multifunctional-pot-8l\/\" \/>\n<meta property=\"og:locale\" content=\"en_US\" \/>\n<meta property=\"og:type\" content=\"article\" \/>\n<meta property=\"og:title\" content=\"Instant Pot\u00ae Duo\u2122 - Multifunctional pot (8L) - Biopapa\" \/>\n<meta property=\"og:description\" content=\"Instant Pot - Instant Pot\u00ae Duo\u2122 - Multipurpose pot (8L)\" \/>\n<meta property=\"og:url\" content=\"https:\/\/test.biopapa.lt\/en\/produktas\/instant-pot-duo-multifunctional-pot-8l\/\" \/>\n<meta property=\"og:site_name\" content=\"Biopapa\" \/>\n<meta property=\"article:publisher\" content=\"https:\/\/www.facebook.com\/biopapa.lt\" \/>\n<meta property=\"article:modified_time\" content=\"2025-12-16T11:45:34+00:00\" \/>\n<meta property=\"og:image\" content=\"https:\/\/test.biopapa.lt\/wp-content\/uploads\/2025\/07\/Greitpuodis-Instant-Pot\u00ae-Duo\u2122-Daugiafunkcinis-puodas-8L1-1.png\" \/>\n\t<meta property=\"og:image:width\" content=\"800\" \/>\n\t<meta property=\"og:image:height\" content=\"640\" \/>\n\t<meta property=\"og:image:type\" content=\"image\/png\" \/>\n<meta name=\"twitter:card\" content=\"summary_large_image\" \/>\n<script type=\"application\/ld+json\" class=\"yoast-schema-graph\">{\"@context\":\"https:\\\/\\\/schema.org\",\"@graph\":[{\"@type\":\"WebPage\",\"@id\":\"https:\\\/\\\/test.biopapa.lt\\\/en\\\/produktas\\\/instant-pot-duo-multifunctional-pot-8l\\\/\",\"url\":\"https:\\\/\\\/test.biopapa.lt\\\/en\\\/produktas\\\/instant-pot-duo-multifunctional-pot-8l\\\/\",\"name\":\"Instant Pot\u00ae Duo\u2122 - Multifunctional pot (8L) - Biopapa\",\"isPartOf\":{\"@id\":\"https:\\\/\\\/test.biopapa.lt\\\/#website\"},\"primaryImageOfPage\":{\"@id\":\"https:\\\/\\\/test.biopapa.lt\\\/en\\\/produktas\\\/instant-pot-duo-multifunctional-pot-8l\\\/#primaryimage\"},\"image\":{\"@id\":\"https:\\\/\\\/test.biopapa.lt\\\/en\\\/produktas\\\/instant-pot-duo-multifunctional-pot-8l\\\/#primaryimage\"},\"thumbnailUrl\":\"https:\\\/\\\/test.biopapa.lt\\\/wp-content\\\/uploads\\\/2025\\\/07\\\/Greitpuodis-Instant-Pot\u00ae-Duo\u2122-Daugiafunkcinis-puodas-8L1-1.png\",\"datePublished\":\"2025-07-02T11:36:19+00:00\",\"dateModified\":\"2025-12-16T11:45:34+00:00\",\"description\":\"Instant Pot - Instant Pot\u00ae Duo\u2122 - Multipurpose pot (8L)\",\"breadcrumb\":{\"@id\":\"https:\\\/\\\/test.biopapa.lt\\\/en\\\/produktas\\\/instant-pot-duo-multifunctional-pot-8l\\\/#breadcrumb\"},\"inLanguage\":\"en-US\",\"potentialAction\":[{\"@type\":\"ReadAction\",\"target\":[\"https:\\\/\\\/test.biopapa.lt\\\/en\\\/produktas\\\/instant-pot-duo-multifunctional-pot-8l\\\/\"]}]},{\"@type\":\"ImageObject\",\"inLanguage\":\"en-US\",\"@id\":\"https:\\\/\\\/test.biopapa.lt\\\/en\\\/produktas\\\/instant-pot-duo-multifunctional-pot-8l\\\/#primaryimage\",\"url\":\"https:\\\/\\\/test.biopapa.lt\\\/wp-content\\\/uploads\\\/2025\\\/07\\\/Greitpuodis-Instant-Pot\u00ae-Duo\u2122-Daugiafunkcinis-puodas-8L1-1.png\",\"contentUrl\":\"https:\\\/\\\/test.biopapa.lt\\\/wp-content\\\/uploads\\\/2025\\\/07\\\/Greitpuodis-Instant-Pot\u00ae-Duo\u2122-Daugiafunkcinis-puodas-8L1-1.png\",\"width\":800,\"height\":640},{\"@type\":\"BreadcrumbList\",\"@id\":\"https:\\\/\\\/test.biopapa.lt\\\/en\\\/produktas\\\/instant-pot-duo-multifunctional-pot-8l\\\/#breadcrumb\",\"itemListElement\":[{\"@type\":\"ListItem\",\"position\":1,\"name\":\"Home\",\"item\":\"https:\\\/\\\/test.biopapa.lt\\\/en\\\/\"},{\"@type\":\"ListItem\",\"position\":2,\"name\":\"Shop\",\"item\":\"https:\\\/\\\/test.biopapa.lt\\\/en\\\/shop\\\/\"},{\"@type\":\"ListItem\",\"position\":3,\"name\":\"Instant Pot\u00ae Duo\u2122 &#8211; Multifunctional pot (8L)\"}]},{\"@type\":\"WebSite\",\"@id\":\"https:\\\/\\\/test.biopapa.lt\\\/#website\",\"url\":\"https:\\\/\\\/test.biopapa.lt\\\/\",\"name\":\"Biopapa\",\"description\":\"\u0160var\u016bs ekologi\u0161ki produktai\",\"publisher\":{\"@id\":\"https:\\\/\\\/test.biopapa.lt\\\/#organization\"},\"potentialAction\":[{\"@type\":\"SearchAction\",\"target\":{\"@type\":\"EntryPoint\",\"urlTemplate\":\"https:\\\/\\\/test.biopapa.lt\\\/?s={search_term_string}\"},\"query-input\":{\"@type\":\"PropertyValueSpecification\",\"valueRequired\":true,\"valueName\":\"search_term_string\"}}],\"inLanguage\":\"en-US\"},{\"@type\":\"Organization\",\"@id\":\"https:\\\/\\\/test.biopapa.lt\\\/#organization\",\"name\":\"Biopapa\",\"url\":\"https:\\\/\\\/test.biopapa.lt\\\/\",\"logo\":{\"@type\":\"ImageObject\",\"inLanguage\":\"en-US\",\"@id\":\"https:\\\/\\\/test.biopapa.lt\\\/#\\\/schema\\\/logo\\\/image\\\/\",\"url\":\"https:\\\/\\\/www.biopapa.lt\\\/wp-content\\\/uploads\\\/2022\\\/04\\\/facebook_biopapa.jpg\",\"contentUrl\":\"https:\\\/\\\/www.biopapa.lt\\\/wp-content\\\/uploads\\\/2022\\\/04\\\/facebook_biopapa.jpg\",\"width\":1733,\"height\":907,\"caption\":\"Biopapa\"},\"image\":{\"@id\":\"https:\\\/\\\/test.biopapa.lt\\\/#\\\/schema\\\/logo\\\/image\\\/\"},\"sameAs\":[\"https:\\\/\\\/www.facebook.com\\\/biopapa.lt\"]}]}<\/script>\n<!-- \/ Yoast SEO plugin. -->","yoast_head_json":{"title":"Instant Pot\u00ae Duo\u2122 - Multifunctional pot (8L) - Biopapa","description":"Instant Pot - Instant Pot\u00ae Duo\u2122 - Multipurpose pot (8L)","robots":{"index":"index","follow":"follow","max-snippet":"max-snippet:-1","max-image-preview":"max-image-preview:large","max-video-preview":"max-video-preview:-1"},"canonical":"https:\/\/test.biopapa.lt\/en\/produktas\/instant-pot-duo-multifunctional-pot-8l\/","og_locale":"en_US","og_type":"article","og_title":"Instant Pot\u00ae Duo\u2122 - Multifunctional pot (8L) - Biopapa","og_description":"Instant Pot - Instant Pot\u00ae Duo\u2122 - Multipurpose pot (8L)","og_url":"https:\/\/test.biopapa.lt\/en\/produktas\/instant-pot-duo-multifunctional-pot-8l\/","og_site_name":"Biopapa","article_publisher":"https:\/\/www.facebook.com\/biopapa.lt","article_modified_time":"2025-12-16T11:45:34+00:00","og_image":[{"width":800,"height":640,"url":"https:\/\/test.biopapa.lt\/wp-content\/uploads\/2025\/07\/Greitpuodis-Instant-Pot\u00ae-Duo\u2122-Daugiafunkcinis-puodas-8L1-1.png","type":"image\/png"}],"twitter_card":"summary_large_image","schema":{"@context":"https:\/\/schema.org","@graph":[{"@type":"WebPage","@id":"https:\/\/test.biopapa.lt\/en\/produktas\/instant-pot-duo-multifunctional-pot-8l\/","url":"https:\/\/test.biopapa.lt\/en\/produktas\/instant-pot-duo-multifunctional-pot-8l\/","name":"Instant Pot\u00ae Duo\u2122 - Multifunctional pot (8L) - Biopapa","isPartOf":{"@id":"https:\/\/test.biopapa.lt\/#website"},"primaryImageOfPage":{"@id":"https:\/\/test.biopapa.lt\/en\/produktas\/instant-pot-duo-multifunctional-pot-8l\/#primaryimage"},"image":{"@id":"https:\/\/test.biopapa.lt\/en\/produktas\/instant-pot-duo-multifunctional-pot-8l\/#primaryimage"},"thumbnailUrl":"https:\/\/test.biopapa.lt\/wp-content\/uploads\/2025\/07\/Greitpuodis-Instant-Pot\u00ae-Duo\u2122-Daugiafunkcinis-puodas-8L1-1.png","datePublished":"2025-07-02T11:36:19+00:00","dateModified":"2025-12-16T11:45:34+00:00","description":"Instant Pot - Instant Pot\u00ae Duo\u2122 - Multipurpose pot (8L)","breadcrumb":{"@id":"https:\/\/test.biopapa.lt\/en\/produktas\/instant-pot-duo-multifunctional-pot-8l\/#breadcrumb"},"inLanguage":"en-US","potentialAction":[{"@type":"ReadAction","target":["https:\/\/test.biopapa.lt\/en\/produktas\/instant-pot-duo-multifunctional-pot-8l\/"]}]},{"@type":"ImageObject","inLanguage":"en-US","@id":"https:\/\/test.biopapa.lt\/en\/produktas\/instant-pot-duo-multifunctional-pot-8l\/#primaryimage","url":"https:\/\/test.biopapa.lt\/wp-content\/uploads\/2025\/07\/Greitpuodis-Instant-Pot\u00ae-Duo\u2122-Daugiafunkcinis-puodas-8L1-1.png","contentUrl":"https:\/\/test.biopapa.lt\/wp-content\/uploads\/2025\/07\/Greitpuodis-Instant-Pot\u00ae-Duo\u2122-Daugiafunkcinis-puodas-8L1-1.png","width":800,"height":640},{"@type":"BreadcrumbList","@id":"https:\/\/test.biopapa.lt\/en\/produktas\/instant-pot-duo-multifunctional-pot-8l\/#breadcrumb","itemListElement":[{"@type":"ListItem","position":1,"name":"Home","item":"https:\/\/test.biopapa.lt\/en\/"},{"@type":"ListItem","position":2,"name":"Shop","item":"https:\/\/test.biopapa.lt\/en\/shop\/"},{"@type":"ListItem","position":3,"name":"Instant Pot\u00ae Duo\u2122 &#8211; Multifunctional pot (8L)"}]},{"@type":"WebSite","@id":"https:\/\/test.biopapa.lt\/#website","url":"https:\/\/test.biopapa.lt\/","name":"Biopapa","description":"\u0160var\u016bs ekologi\u0161ki produktai","publisher":{"@id":"https:\/\/test.biopapa.lt\/#organization"},"potentialAction":[{"@type":"SearchAction","target":{"@type":"EntryPoint","urlTemplate":"https:\/\/test.biopapa.lt\/?s={search_term_string}"},"query-input":{"@type":"PropertyValueSpecification","valueRequired":true,"valueName":"search_term_string"}}],"inLanguage":"en-US"},{"@type":"Organization","@id":"https:\/\/test.biopapa.lt\/#organization","name":"Biopapa","url":"https:\/\/test.biopapa.lt\/","logo":{"@type":"ImageObject","inLanguage":"en-US","@id":"https:\/\/test.biopapa.lt\/#\/schema\/logo\/image\/","url":"https:\/\/www.biopapa.lt\/wp-content\/uploads\/2022\/04\/facebook_biopapa.jpg","contentUrl":"https:\/\/www.biopapa.lt\/wp-content\/uploads\/2022\/04\/facebook_biopapa.jpg","width":1733,"height":907,"caption":"Biopapa"},"image":{"@id":"https:\/\/test.biopapa.lt\/#\/schema\/logo\/image\/"},"sameAs":["https:\/\/www.facebook.com\/biopapa.lt"]}]}},"_links":{"self":[{"href":"https:\/\/test.biopapa.lt\/en\/wp-json\/wp\/v2\/product\/141705","targetHints":{"allow":["GET"]}}],"collection":[{"href":"https:\/\/test.biopapa.lt\/en\/wp-json\/wp\/v2\/product"}],"about":[{"href":"https:\/\/test.biopapa.lt\/en\/wp-json\/wp\/v2\/types\/product"}],"wp:featuredmedia":[{"embeddable":true,"href":"https:\/\/test.biopapa.lt\/en\/wp-json\/wp\/v2\/media\/141719"}],"wp:attachment":[{"href":"https:\/\/test.biopapa.lt\/en\/wp-json\/wp\/v2\/media?parent=141705"}],"wp:term":[{"taxonomy":"product_brand","embeddable":true,"href":"https:\/\/test.biopapa.lt\/en\/wp-json\/wp\/v2\/product_brand?post=141705"},{"taxonomy":"product_cat","embeddable":true,"href":"https:\/\/test.biopapa.lt\/en\/wp-json\/wp\/v2\/product_cat?post=141705"},{"taxonomy":"product_tag","embeddable":true,"href":"https:\/\/test.biopapa.lt\/en\/wp-json\/wp\/v2\/product_tag?post=141705"}],"curies":[{"name":"wp","href":"https:\/\/api.w.org\/{rel}","templated":true}]}}