{"id":114758,"date":"2025-05-06T13:58:24","date_gmt":"2025-05-06T10:58:24","guid":{"rendered":"https:\/\/www.biopapa.lt\/?post_type=product&#038;p=114758"},"modified":"2025-05-14T13:16:20","modified_gmt":"2025-05-14T10:16:20","slug":"organic-mung-beans-split-raw","status":"publish","type":"product","link":"https:\/\/test.biopapa.lt\/en\/produktas\/organic-mung-beans-split-raw\/","title":{"rendered":"Organic mung beans split RAW"},"content":{"rendered":"<p> <strong>Organic mung beans split RAW<br \/>\n<\/strong>Broken mung beans have a long history in South Asia, especially in India, where they have been used for thousands of years. Radish (Vigna radiata) is one of the oldest cultivated legumes, especially widely used in Ayurvedic nutrition for its easy digestibility and nutritional value.<br \/>\nBroken radish beans are whole mung beans peeled and halved, which cook faster and have a milder taste. Traditionally, they are used in <em>dal<\/em> dishes, soups or even sweet desserts such as the Indian mung <em>dal halwa or the <\/em>famous <em>kitchari<\/em>, an Ayurvedic dish from India considered a light, balanced and healing food.<br \/>\nThese beans are extremely versatile &#8211; they can be used in soups, porridges, stews or even in pancakes and vegetarian cutlets. Broken radish beans are rich in protein, fibre, vitamins and minerals. They are particularly appreciated by vegans and people following a light or detoxifying diet, as mung beans are gentle on the digestive system and do not cause bloating. It is an excellent ingredient for everyday, healthy meals.     <\/p>\n<p>Wash and soak for about 2-4 hours before boiling.<br \/>\nCook for about 30 minutes or until tender, 1:3 with water.<br \/>\nAdd salt at the end of the cooking time.<\/p>\n<p><strong>Recipe for split mung bean stew<\/strong><br \/>\nA mild-tasting, protein-rich dish, perfect as a side dish or as a light vegetarian main course.<\/p>\n<p>Ingredients:<br \/>\n1 cup broken mung beans<br \/>\n3 cups water<br \/>\n1 small carrot, finely chopped<br \/>\n1 celery stalk, diced<br \/>\n1 small onion, chopped<br \/>\n1 clove garlic, chopped<br \/>\n1 bay leaf<br \/>\n1\/2 teaspoon dried thyme<br \/>\n1 tablespoon olive oil<br \/>\nSalt and pepper to taste<br \/>\nA squeeze of lemon juice (optional)<br \/>\nFresh parsley or coriander for serving<br \/>\nPreparation:<br \/>\nRinse the broken mung beans, cover with water and bring to the boil.<br \/>\nAdd the carrots, celery, onion, garlic, bay leaf and thyme. Cook over low heat for about 30 minutes until the beans are soft but still hold their shape.<br \/>\nSeason with salt, pepper and a splash of olive oil. For more freshness, add a little lemon juice.<br \/>\nServe hot, sprinkled with fresh parsley or coriander. Perfect with wholemeal bread or potatoes. <\/p>\n<p><strong>&#8220;RAW food&#8221;<\/strong> is not a clearly defined term and interpretations vary. It refers to products that have not been heated above 45\u00b0C during the production process, including sun-dried fruit. Transport temperatures are not included as there is insufficient reliable data on them. The basis used is unfrozen containers and trucks. The information on production and processing temperatures is based on studies carried out by our suppliers.    <\/p>\n<p><em>NOTE. The information contained herein should not be construed as a recommendation for treatment or other health issues. We encourage you to make personal decisions about your personal health, taking into account a wide range of sources of information.<\/em><\/p>\n","protected":false},"excerpt":{"rendered":"<p>Organic mung beans split RAW Broken mung beans have a long history in South Asia, especially in India, where they<\/p>\n","protected":false},"featured_media":128456,"template":"","meta":{"_acf_changed":false},"product_brand":[],"product_cat":[1855,1978],"product_tag":[2078,2030,2092,2088],"class_list":{"0":"post-114758","1":"product","2":"type-product","3":"status-publish","4":"has-post-thumbnail","6":"product_cat-grains-and-legumes","7":"product_cat-legumes","8":"product_tag-a-source-of-fiber","9":"product_tag-a-source-of-protein","10":"product_tag-raw-diet","11":"product_tag-vegan","12":"pa_svoris-1-kg-en-2","13":"pa_svoris-100-g-en-2","14":"pa_svoris-200-g-en","15":"pa_svoris-25-kg-en","16":"pa_svoris-300-g-en","17":"pa_svoris-400-g-en","18":"pa_svoris-500-g-en-2","20":"first","21":"instock","22":"shipping-taxable","23":"purchasable","24":"product-type-variable"},"acf":[],"yoast_head":"<!-- This site is optimized with the Yoast SEO plugin v27.6 - https:\/\/yoast.com\/product\/yoast-seo-wordpress\/ -->\n<title>Organic mung beans split RAW - Biopapa<\/title>\n<meta name=\"description\" content=\"Organic mung beans (Vigna radiata) are a versatile legume that has been cultivated for thousands of years. Mung beans are an excellent source of vegetable protein.\" \/>\n<meta name=\"robots\" content=\"index, follow, max-snippet:-1, max-image-preview:large, max-video-preview:-1\" \/>\n<link rel=\"canonical\" href=\"https:\/\/test.biopapa.lt\/en\/produktas\/organic-mung-beans-split-raw\/\" \/>\n<meta property=\"og:locale\" content=\"en_US\" \/>\n<meta property=\"og:type\" content=\"article\" \/>\n<meta property=\"og:title\" content=\"Organic mung beans split RAW - Biopapa\" \/>\n<meta property=\"og:description\" content=\"Organic mung beans (Vigna radiata) are a versatile legume that has been cultivated for thousands of years. Mung beans are an excellent source of vegetable protein.\" \/>\n<meta property=\"og:url\" content=\"https:\/\/test.biopapa.lt\/en\/produktas\/organic-mung-beans-split-raw\/\" \/>\n<meta property=\"og:site_name\" content=\"Biopapa\" \/>\n<meta property=\"article:publisher\" content=\"https:\/\/www.facebook.com\/biopapa.lt\" \/>\n<meta property=\"article:modified_time\" content=\"2025-05-14T10:16:20+00:00\" \/>\n<meta property=\"og:image\" content=\"https:\/\/test.biopapa.lt\/wp-content\/uploads\/2025\/05\/Ekologiskos-slifuotos-spindulines-pupuoles-mung-skaldytos.png\" \/>\n\t<meta property=\"og:image:width\" content=\"800\" \/>\n\t<meta property=\"og:image:height\" content=\"640\" \/>\n\t<meta property=\"og:image:type\" content=\"image\/png\" \/>\n<meta name=\"twitter:card\" content=\"summary_large_image\" \/>\n<script type=\"application\/ld+json\" class=\"yoast-schema-graph\">{\"@context\":\"https:\\\/\\\/schema.org\",\"@graph\":[{\"@type\":\"WebPage\",\"@id\":\"https:\\\/\\\/test.biopapa.lt\\\/en\\\/produktas\\\/organic-mung-beans-split-raw\\\/\",\"url\":\"https:\\\/\\\/test.biopapa.lt\\\/en\\\/produktas\\\/organic-mung-beans-split-raw\\\/\",\"name\":\"Organic mung beans split RAW - Biopapa\",\"isPartOf\":{\"@id\":\"https:\\\/\\\/test.biopapa.lt\\\/#website\"},\"primaryImageOfPage\":{\"@id\":\"https:\\\/\\\/test.biopapa.lt\\\/en\\\/produktas\\\/organic-mung-beans-split-raw\\\/#primaryimage\"},\"image\":{\"@id\":\"https:\\\/\\\/test.biopapa.lt\\\/en\\\/produktas\\\/organic-mung-beans-split-raw\\\/#primaryimage\"},\"thumbnailUrl\":\"https:\\\/\\\/test.biopapa.lt\\\/wp-content\\\/uploads\\\/2025\\\/05\\\/Ekologiskos-slifuotos-spindulines-pupuoles-mung-skaldytos.png\",\"datePublished\":\"2025-05-06T10:58:24+00:00\",\"dateModified\":\"2025-05-14T10:16:20+00:00\",\"description\":\"Organic mung beans (Vigna radiata) are a versatile legume that has been cultivated for thousands of years. Mung beans are an excellent source of vegetable protein.\",\"breadcrumb\":{\"@id\":\"https:\\\/\\\/test.biopapa.lt\\\/en\\\/produktas\\\/organic-mung-beans-split-raw\\\/#breadcrumb\"},\"inLanguage\":\"en-US\",\"potentialAction\":[{\"@type\":\"ReadAction\",\"target\":[\"https:\\\/\\\/test.biopapa.lt\\\/en\\\/produktas\\\/organic-mung-beans-split-raw\\\/\"]}]},{\"@type\":\"ImageObject\",\"inLanguage\":\"en-US\",\"@id\":\"https:\\\/\\\/test.biopapa.lt\\\/en\\\/produktas\\\/organic-mung-beans-split-raw\\\/#primaryimage\",\"url\":\"https:\\\/\\\/test.biopapa.lt\\\/wp-content\\\/uploads\\\/2025\\\/05\\\/Ekologiskos-slifuotos-spindulines-pupuoles-mung-skaldytos.png\",\"contentUrl\":\"https:\\\/\\\/test.biopapa.lt\\\/wp-content\\\/uploads\\\/2025\\\/05\\\/Ekologiskos-slifuotos-spindulines-pupuoles-mung-skaldytos.png\",\"width\":800,\"height\":640},{\"@type\":\"BreadcrumbList\",\"@id\":\"https:\\\/\\\/test.biopapa.lt\\\/en\\\/produktas\\\/organic-mung-beans-split-raw\\\/#breadcrumb\",\"itemListElement\":[{\"@type\":\"ListItem\",\"position\":1,\"name\":\"Home\",\"item\":\"https:\\\/\\\/test.biopapa.lt\\\/en\\\/\"},{\"@type\":\"ListItem\",\"position\":2,\"name\":\"Shop\",\"item\":\"https:\\\/\\\/test.biopapa.lt\\\/en\\\/shop\\\/\"},{\"@type\":\"ListItem\",\"position\":3,\"name\":\"Organic mung beans split RAW\"}]},{\"@type\":\"WebSite\",\"@id\":\"https:\\\/\\\/test.biopapa.lt\\\/#website\",\"url\":\"https:\\\/\\\/test.biopapa.lt\\\/\",\"name\":\"Biopapa\",\"description\":\"\u0160var\u016bs ekologi\u0161ki produktai\",\"publisher\":{\"@id\":\"https:\\\/\\\/test.biopapa.lt\\\/#organization\"},\"potentialAction\":[{\"@type\":\"SearchAction\",\"target\":{\"@type\":\"EntryPoint\",\"urlTemplate\":\"https:\\\/\\\/test.biopapa.lt\\\/?s={search_term_string}\"},\"query-input\":{\"@type\":\"PropertyValueSpecification\",\"valueRequired\":true,\"valueName\":\"search_term_string\"}}],\"inLanguage\":\"en-US\"},{\"@type\":\"Organization\",\"@id\":\"https:\\\/\\\/test.biopapa.lt\\\/#organization\",\"name\":\"Biopapa\",\"url\":\"https:\\\/\\\/test.biopapa.lt\\\/\",\"logo\":{\"@type\":\"ImageObject\",\"inLanguage\":\"en-US\",\"@id\":\"https:\\\/\\\/test.biopapa.lt\\\/#\\\/schema\\\/logo\\\/image\\\/\",\"url\":\"https:\\\/\\\/www.biopapa.lt\\\/wp-content\\\/uploads\\\/2022\\\/04\\\/facebook_biopapa.jpg\",\"contentUrl\":\"https:\\\/\\\/www.biopapa.lt\\\/wp-content\\\/uploads\\\/2022\\\/04\\\/facebook_biopapa.jpg\",\"width\":1733,\"height\":907,\"caption\":\"Biopapa\"},\"image\":{\"@id\":\"https:\\\/\\\/test.biopapa.lt\\\/#\\\/schema\\\/logo\\\/image\\\/\"},\"sameAs\":[\"https:\\\/\\\/www.facebook.com\\\/biopapa.lt\"]}]}<\/script>\n<!-- \/ Yoast SEO plugin. -->","yoast_head_json":{"title":"Organic mung beans split RAW - Biopapa","description":"Organic mung beans (Vigna radiata) are a versatile legume that has been cultivated for thousands of years. Mung beans are an excellent source of vegetable protein.","robots":{"index":"index","follow":"follow","max-snippet":"max-snippet:-1","max-image-preview":"max-image-preview:large","max-video-preview":"max-video-preview:-1"},"canonical":"https:\/\/test.biopapa.lt\/en\/produktas\/organic-mung-beans-split-raw\/","og_locale":"en_US","og_type":"article","og_title":"Organic mung beans split RAW - Biopapa","og_description":"Organic mung beans (Vigna radiata) are a versatile legume that has been cultivated for thousands of years. Mung beans are an excellent source of vegetable protein.","og_url":"https:\/\/test.biopapa.lt\/en\/produktas\/organic-mung-beans-split-raw\/","og_site_name":"Biopapa","article_publisher":"https:\/\/www.facebook.com\/biopapa.lt","article_modified_time":"2025-05-14T10:16:20+00:00","og_image":[{"width":800,"height":640,"url":"https:\/\/test.biopapa.lt\/wp-content\/uploads\/2025\/05\/Ekologiskos-slifuotos-spindulines-pupuoles-mung-skaldytos.png","type":"image\/png"}],"twitter_card":"summary_large_image","schema":{"@context":"https:\/\/schema.org","@graph":[{"@type":"WebPage","@id":"https:\/\/test.biopapa.lt\/en\/produktas\/organic-mung-beans-split-raw\/","url":"https:\/\/test.biopapa.lt\/en\/produktas\/organic-mung-beans-split-raw\/","name":"Organic mung beans split RAW - Biopapa","isPartOf":{"@id":"https:\/\/test.biopapa.lt\/#website"},"primaryImageOfPage":{"@id":"https:\/\/test.biopapa.lt\/en\/produktas\/organic-mung-beans-split-raw\/#primaryimage"},"image":{"@id":"https:\/\/test.biopapa.lt\/en\/produktas\/organic-mung-beans-split-raw\/#primaryimage"},"thumbnailUrl":"https:\/\/test.biopapa.lt\/wp-content\/uploads\/2025\/05\/Ekologiskos-slifuotos-spindulines-pupuoles-mung-skaldytos.png","datePublished":"2025-05-06T10:58:24+00:00","dateModified":"2025-05-14T10:16:20+00:00","description":"Organic mung beans (Vigna radiata) are a versatile legume that has been cultivated for thousands of years. Mung beans are an excellent source of vegetable protein.","breadcrumb":{"@id":"https:\/\/test.biopapa.lt\/en\/produktas\/organic-mung-beans-split-raw\/#breadcrumb"},"inLanguage":"en-US","potentialAction":[{"@type":"ReadAction","target":["https:\/\/test.biopapa.lt\/en\/produktas\/organic-mung-beans-split-raw\/"]}]},{"@type":"ImageObject","inLanguage":"en-US","@id":"https:\/\/test.biopapa.lt\/en\/produktas\/organic-mung-beans-split-raw\/#primaryimage","url":"https:\/\/test.biopapa.lt\/wp-content\/uploads\/2025\/05\/Ekologiskos-slifuotos-spindulines-pupuoles-mung-skaldytos.png","contentUrl":"https:\/\/test.biopapa.lt\/wp-content\/uploads\/2025\/05\/Ekologiskos-slifuotos-spindulines-pupuoles-mung-skaldytos.png","width":800,"height":640},{"@type":"BreadcrumbList","@id":"https:\/\/test.biopapa.lt\/en\/produktas\/organic-mung-beans-split-raw\/#breadcrumb","itemListElement":[{"@type":"ListItem","position":1,"name":"Home","item":"https:\/\/test.biopapa.lt\/en\/"},{"@type":"ListItem","position":2,"name":"Shop","item":"https:\/\/test.biopapa.lt\/en\/shop\/"},{"@type":"ListItem","position":3,"name":"Organic mung beans split RAW"}]},{"@type":"WebSite","@id":"https:\/\/test.biopapa.lt\/#website","url":"https:\/\/test.biopapa.lt\/","name":"Biopapa","description":"\u0160var\u016bs ekologi\u0161ki produktai","publisher":{"@id":"https:\/\/test.biopapa.lt\/#organization"},"potentialAction":[{"@type":"SearchAction","target":{"@type":"EntryPoint","urlTemplate":"https:\/\/test.biopapa.lt\/?s={search_term_string}"},"query-input":{"@type":"PropertyValueSpecification","valueRequired":true,"valueName":"search_term_string"}}],"inLanguage":"en-US"},{"@type":"Organization","@id":"https:\/\/test.biopapa.lt\/#organization","name":"Biopapa","url":"https:\/\/test.biopapa.lt\/","logo":{"@type":"ImageObject","inLanguage":"en-US","@id":"https:\/\/test.biopapa.lt\/#\/schema\/logo\/image\/","url":"https:\/\/www.biopapa.lt\/wp-content\/uploads\/2022\/04\/facebook_biopapa.jpg","contentUrl":"https:\/\/www.biopapa.lt\/wp-content\/uploads\/2022\/04\/facebook_biopapa.jpg","width":1733,"height":907,"caption":"Biopapa"},"image":{"@id":"https:\/\/test.biopapa.lt\/#\/schema\/logo\/image\/"},"sameAs":["https:\/\/www.facebook.com\/biopapa.lt"]}]}},"_links":{"self":[{"href":"https:\/\/test.biopapa.lt\/en\/wp-json\/wp\/v2\/product\/114758","targetHints":{"allow":["GET"]}}],"collection":[{"href":"https:\/\/test.biopapa.lt\/en\/wp-json\/wp\/v2\/product"}],"about":[{"href":"https:\/\/test.biopapa.lt\/en\/wp-json\/wp\/v2\/types\/product"}],"wp:featuredmedia":[{"embeddable":true,"href":"https:\/\/test.biopapa.lt\/en\/wp-json\/wp\/v2\/media\/128456"}],"wp:attachment":[{"href":"https:\/\/test.biopapa.lt\/en\/wp-json\/wp\/v2\/media?parent=114758"}],"wp:term":[{"taxonomy":"product_brand","embeddable":true,"href":"https:\/\/test.biopapa.lt\/en\/wp-json\/wp\/v2\/product_brand?post=114758"},{"taxonomy":"product_cat","embeddable":true,"href":"https:\/\/test.biopapa.lt\/en\/wp-json\/wp\/v2\/product_cat?post=114758"},{"taxonomy":"product_tag","embeddable":true,"href":"https:\/\/test.biopapa.lt\/en\/wp-json\/wp\/v2\/product_tag?post=114758"}],"curies":[{"name":"wp","href":"https:\/\/api.w.org\/{rel}","templated":true}]}}