{"id":103144,"date":"2025-04-10T15:25:14","date_gmt":"2025-04-10T12:25:14","guid":{"rendered":"https:\/\/www.biopapa.lt\/?post_type=product&#038;p=103144"},"modified":"2025-12-16T17:36:59","modified_gmt":"2025-12-16T15:36:59","slug":"organic-sesame-oil-toasted-seeds-gluten-free-250ml-terrasana","status":"publish","type":"product","link":"https:\/\/test.biopapa.lt\/en\/produktas\/organic-sesame-oil-toasted-seeds-gluten-free-250ml-terrasana\/","title":{"rendered":"Organic sesame oil (toasted seeds), gluten-free, 250 ml, TERRASANA"},"content":{"rendered":"<p>This sesame oil is of vegetable origin, unrefined and has a strong, aromatic flavour. It is cold-pressed from lightly toasted sesame seeds. By using only the highest quality sesame seeds, it produces a sesame oil of exceptional quality, which perfectly brings out its aroma and flavour in cooking.<br \/>\nThis unrefined, organic oil will give your dish a strong, aromatic flavour.<br \/>\nThe perfect final touch to many Asian dishes.<\/p>\n","protected":false},"excerpt":{"rendered":"<p>This sesame oil is of vegetable origin, unrefined and has a strong, aromatic flavour. It is cold-pressed from lightly toasted<\/p>\n","protected":false},"featured_media":103151,"template":"","meta":{"_acf_changed":false},"product_brand":[],"product_cat":[1952,1840,2686,2644],"product_tag":[2056,2092,2088],"class_list":{"0":"post-103144","1":"product","2":"type-product","3":"status-publish","4":"has-post-thumbnail","6":"product_cat-oil","7":"product_cat-oil-vinegar-and-sauces","8":"product_cat-oriental-cuisine","9":"product_cat-without-gluten","10":"product_tag-keto-diet","11":"product_tag-raw-diet","12":"product_tag-vegan","14":"first","15":"instock","16":"shipping-taxable","17":"purchasable","18":"product-type-simple"},"acf":[],"yoast_head":"<!-- This site is optimized with the Yoast SEO plugin v27.6 - https:\/\/yoast.com\/product\/yoast-seo-wordpress\/ -->\n<title>Organic sesame oil (toasted seeds), gluten-free, 250 ml, TERRASANA - Biopapa<\/title>\n<meta name=\"description\" content=\"This unrefined, organic sesame oil (roasted seeds) will give your dish a strong, aromatic flavour.\" \/>\n<meta name=\"robots\" content=\"index, follow, max-snippet:-1, max-image-preview:large, max-video-preview:-1\" \/>\n<link rel=\"canonical\" href=\"https:\/\/test.biopapa.lt\/en\/produktas\/organic-sesame-oil-toasted-seeds-gluten-free-250ml-terrasana\/\" \/>\n<meta property=\"og:locale\" content=\"en_US\" \/>\n<meta property=\"og:type\" content=\"article\" \/>\n<meta property=\"og:title\" content=\"Organic sesame oil (toasted seeds), gluten-free, 250 ml, TERRASANA - Biopapa\" \/>\n<meta property=\"og:description\" content=\"This unrefined, organic sesame oil (roasted seeds) will give your dish a strong, aromatic flavour.\" \/>\n<meta property=\"og:url\" content=\"https:\/\/test.biopapa.lt\/en\/produktas\/organic-sesame-oil-toasted-seeds-gluten-free-250ml-terrasana\/\" \/>\n<meta property=\"og:site_name\" content=\"Biopapa\" \/>\n<meta property=\"article:publisher\" content=\"https:\/\/www.facebook.com\/biopapa.lt\" \/>\n<meta property=\"article:modified_time\" content=\"2025-12-16T15:36:59+00:00\" \/>\n<meta property=\"og:image\" content=\"https:\/\/test.biopapa.lt\/wp-content\/uploads\/2025\/04\/Ekologiskas-sezamu-aliejus-skrudintu-seklu.png\" \/>\n\t<meta property=\"og:image:width\" content=\"800\" \/>\n\t<meta property=\"og:image:height\" content=\"640\" \/>\n\t<meta property=\"og:image:type\" content=\"image\/png\" \/>\n<meta name=\"twitter:card\" content=\"summary_large_image\" \/>\n<script type=\"application\/ld+json\" class=\"yoast-schema-graph\">{\"@context\":\"https:\\\/\\\/schema.org\",\"@graph\":[{\"@type\":\"WebPage\",\"@id\":\"https:\\\/\\\/test.biopapa.lt\\\/en\\\/produktas\\\/organic-sesame-oil-toasted-seeds-gluten-free-250ml-terrasana\\\/\",\"url\":\"https:\\\/\\\/test.biopapa.lt\\\/en\\\/produktas\\\/organic-sesame-oil-toasted-seeds-gluten-free-250ml-terrasana\\\/\",\"name\":\"Organic sesame oil (toasted seeds), gluten-free, 250 ml, TERRASANA - Biopapa\",\"isPartOf\":{\"@id\":\"https:\\\/\\\/test.biopapa.lt\\\/#website\"},\"primaryImageOfPage\":{\"@id\":\"https:\\\/\\\/test.biopapa.lt\\\/en\\\/produktas\\\/organic-sesame-oil-toasted-seeds-gluten-free-250ml-terrasana\\\/#primaryimage\"},\"image\":{\"@id\":\"https:\\\/\\\/test.biopapa.lt\\\/en\\\/produktas\\\/organic-sesame-oil-toasted-seeds-gluten-free-250ml-terrasana\\\/#primaryimage\"},\"thumbnailUrl\":\"https:\\\/\\\/test.biopapa.lt\\\/wp-content\\\/uploads\\\/2025\\\/04\\\/Ekologiskas-sezamu-aliejus-skrudintu-seklu.png\",\"datePublished\":\"2025-04-10T12:25:14+00:00\",\"dateModified\":\"2025-12-16T15:36:59+00:00\",\"description\":\"This unrefined, organic sesame oil (roasted seeds) will give your dish a strong, aromatic flavour.\",\"breadcrumb\":{\"@id\":\"https:\\\/\\\/test.biopapa.lt\\\/en\\\/produktas\\\/organic-sesame-oil-toasted-seeds-gluten-free-250ml-terrasana\\\/#breadcrumb\"},\"inLanguage\":\"en-US\",\"potentialAction\":[{\"@type\":\"ReadAction\",\"target\":[\"https:\\\/\\\/test.biopapa.lt\\\/en\\\/produktas\\\/organic-sesame-oil-toasted-seeds-gluten-free-250ml-terrasana\\\/\"]}]},{\"@type\":\"ImageObject\",\"inLanguage\":\"en-US\",\"@id\":\"https:\\\/\\\/test.biopapa.lt\\\/en\\\/produktas\\\/organic-sesame-oil-toasted-seeds-gluten-free-250ml-terrasana\\\/#primaryimage\",\"url\":\"https:\\\/\\\/test.biopapa.lt\\\/wp-content\\\/uploads\\\/2025\\\/04\\\/Ekologiskas-sezamu-aliejus-skrudintu-seklu.png\",\"contentUrl\":\"https:\\\/\\\/test.biopapa.lt\\\/wp-content\\\/uploads\\\/2025\\\/04\\\/Ekologiskas-sezamu-aliejus-skrudintu-seklu.png\",\"width\":800,\"height\":640},{\"@type\":\"BreadcrumbList\",\"@id\":\"https:\\\/\\\/test.biopapa.lt\\\/en\\\/produktas\\\/organic-sesame-oil-toasted-seeds-gluten-free-250ml-terrasana\\\/#breadcrumb\",\"itemListElement\":[{\"@type\":\"ListItem\",\"position\":1,\"name\":\"Home\",\"item\":\"https:\\\/\\\/test.biopapa.lt\\\/en\\\/\"},{\"@type\":\"ListItem\",\"position\":2,\"name\":\"Shop\",\"item\":\"https:\\\/\\\/test.biopapa.lt\\\/en\\\/shop\\\/\"},{\"@type\":\"ListItem\",\"position\":3,\"name\":\"Organic sesame oil (toasted seeds), gluten-free, 250 ml, TERRASANA\"}]},{\"@type\":\"WebSite\",\"@id\":\"https:\\\/\\\/test.biopapa.lt\\\/#website\",\"url\":\"https:\\\/\\\/test.biopapa.lt\\\/\",\"name\":\"Biopapa\",\"description\":\"\u0160var\u016bs ekologi\u0161ki produktai\",\"publisher\":{\"@id\":\"https:\\\/\\\/test.biopapa.lt\\\/#organization\"},\"potentialAction\":[{\"@type\":\"SearchAction\",\"target\":{\"@type\":\"EntryPoint\",\"urlTemplate\":\"https:\\\/\\\/test.biopapa.lt\\\/?s={search_term_string}\"},\"query-input\":{\"@type\":\"PropertyValueSpecification\",\"valueRequired\":true,\"valueName\":\"search_term_string\"}}],\"inLanguage\":\"en-US\"},{\"@type\":\"Organization\",\"@id\":\"https:\\\/\\\/test.biopapa.lt\\\/#organization\",\"name\":\"Biopapa\",\"url\":\"https:\\\/\\\/test.biopapa.lt\\\/\",\"logo\":{\"@type\":\"ImageObject\",\"inLanguage\":\"en-US\",\"@id\":\"https:\\\/\\\/test.biopapa.lt\\\/#\\\/schema\\\/logo\\\/image\\\/\",\"url\":\"https:\\\/\\\/www.biopapa.lt\\\/wp-content\\\/uploads\\\/2022\\\/04\\\/facebook_biopapa.jpg\",\"contentUrl\":\"https:\\\/\\\/www.biopapa.lt\\\/wp-content\\\/uploads\\\/2022\\\/04\\\/facebook_biopapa.jpg\",\"width\":1733,\"height\":907,\"caption\":\"Biopapa\"},\"image\":{\"@id\":\"https:\\\/\\\/test.biopapa.lt\\\/#\\\/schema\\\/logo\\\/image\\\/\"},\"sameAs\":[\"https:\\\/\\\/www.facebook.com\\\/biopapa.lt\"]}]}<\/script>\n<!-- \/ Yoast SEO plugin. -->","yoast_head_json":{"title":"Organic sesame oil (toasted seeds), gluten-free, 250 ml, TERRASANA - Biopapa","description":"This unrefined, organic sesame oil (roasted seeds) will give your dish a strong, aromatic flavour.","robots":{"index":"index","follow":"follow","max-snippet":"max-snippet:-1","max-image-preview":"max-image-preview:large","max-video-preview":"max-video-preview:-1"},"canonical":"https:\/\/test.biopapa.lt\/en\/produktas\/organic-sesame-oil-toasted-seeds-gluten-free-250ml-terrasana\/","og_locale":"en_US","og_type":"article","og_title":"Organic sesame oil (toasted seeds), gluten-free, 250 ml, TERRASANA - Biopapa","og_description":"This unrefined, organic sesame oil (roasted seeds) will give your dish a strong, aromatic flavour.","og_url":"https:\/\/test.biopapa.lt\/en\/produktas\/organic-sesame-oil-toasted-seeds-gluten-free-250ml-terrasana\/","og_site_name":"Biopapa","article_publisher":"https:\/\/www.facebook.com\/biopapa.lt","article_modified_time":"2025-12-16T15:36:59+00:00","og_image":[{"width":800,"height":640,"url":"https:\/\/test.biopapa.lt\/wp-content\/uploads\/2025\/04\/Ekologiskas-sezamu-aliejus-skrudintu-seklu.png","type":"image\/png"}],"twitter_card":"summary_large_image","schema":{"@context":"https:\/\/schema.org","@graph":[{"@type":"WebPage","@id":"https:\/\/test.biopapa.lt\/en\/produktas\/organic-sesame-oil-toasted-seeds-gluten-free-250ml-terrasana\/","url":"https:\/\/test.biopapa.lt\/en\/produktas\/organic-sesame-oil-toasted-seeds-gluten-free-250ml-terrasana\/","name":"Organic sesame oil (toasted seeds), gluten-free, 250 ml, TERRASANA - Biopapa","isPartOf":{"@id":"https:\/\/test.biopapa.lt\/#website"},"primaryImageOfPage":{"@id":"https:\/\/test.biopapa.lt\/en\/produktas\/organic-sesame-oil-toasted-seeds-gluten-free-250ml-terrasana\/#primaryimage"},"image":{"@id":"https:\/\/test.biopapa.lt\/en\/produktas\/organic-sesame-oil-toasted-seeds-gluten-free-250ml-terrasana\/#primaryimage"},"thumbnailUrl":"https:\/\/test.biopapa.lt\/wp-content\/uploads\/2025\/04\/Ekologiskas-sezamu-aliejus-skrudintu-seklu.png","datePublished":"2025-04-10T12:25:14+00:00","dateModified":"2025-12-16T15:36:59+00:00","description":"This unrefined, organic sesame oil (roasted seeds) will give your dish a strong, aromatic flavour.","breadcrumb":{"@id":"https:\/\/test.biopapa.lt\/en\/produktas\/organic-sesame-oil-toasted-seeds-gluten-free-250ml-terrasana\/#breadcrumb"},"inLanguage":"en-US","potentialAction":[{"@type":"ReadAction","target":["https:\/\/test.biopapa.lt\/en\/produktas\/organic-sesame-oil-toasted-seeds-gluten-free-250ml-terrasana\/"]}]},{"@type":"ImageObject","inLanguage":"en-US","@id":"https:\/\/test.biopapa.lt\/en\/produktas\/organic-sesame-oil-toasted-seeds-gluten-free-250ml-terrasana\/#primaryimage","url":"https:\/\/test.biopapa.lt\/wp-content\/uploads\/2025\/04\/Ekologiskas-sezamu-aliejus-skrudintu-seklu.png","contentUrl":"https:\/\/test.biopapa.lt\/wp-content\/uploads\/2025\/04\/Ekologiskas-sezamu-aliejus-skrudintu-seklu.png","width":800,"height":640},{"@type":"BreadcrumbList","@id":"https:\/\/test.biopapa.lt\/en\/produktas\/organic-sesame-oil-toasted-seeds-gluten-free-250ml-terrasana\/#breadcrumb","itemListElement":[{"@type":"ListItem","position":1,"name":"Home","item":"https:\/\/test.biopapa.lt\/en\/"},{"@type":"ListItem","position":2,"name":"Shop","item":"https:\/\/test.biopapa.lt\/en\/shop\/"},{"@type":"ListItem","position":3,"name":"Organic sesame oil (toasted seeds), gluten-free, 250 ml, TERRASANA"}]},{"@type":"WebSite","@id":"https:\/\/test.biopapa.lt\/#website","url":"https:\/\/test.biopapa.lt\/","name":"Biopapa","description":"\u0160var\u016bs ekologi\u0161ki produktai","publisher":{"@id":"https:\/\/test.biopapa.lt\/#organization"},"potentialAction":[{"@type":"SearchAction","target":{"@type":"EntryPoint","urlTemplate":"https:\/\/test.biopapa.lt\/?s={search_term_string}"},"query-input":{"@type":"PropertyValueSpecification","valueRequired":true,"valueName":"search_term_string"}}],"inLanguage":"en-US"},{"@type":"Organization","@id":"https:\/\/test.biopapa.lt\/#organization","name":"Biopapa","url":"https:\/\/test.biopapa.lt\/","logo":{"@type":"ImageObject","inLanguage":"en-US","@id":"https:\/\/test.biopapa.lt\/#\/schema\/logo\/image\/","url":"https:\/\/www.biopapa.lt\/wp-content\/uploads\/2022\/04\/facebook_biopapa.jpg","contentUrl":"https:\/\/www.biopapa.lt\/wp-content\/uploads\/2022\/04\/facebook_biopapa.jpg","width":1733,"height":907,"caption":"Biopapa"},"image":{"@id":"https:\/\/test.biopapa.lt\/#\/schema\/logo\/image\/"},"sameAs":["https:\/\/www.facebook.com\/biopapa.lt"]}]}},"_links":{"self":[{"href":"https:\/\/test.biopapa.lt\/en\/wp-json\/wp\/v2\/product\/103144","targetHints":{"allow":["GET"]}}],"collection":[{"href":"https:\/\/test.biopapa.lt\/en\/wp-json\/wp\/v2\/product"}],"about":[{"href":"https:\/\/test.biopapa.lt\/en\/wp-json\/wp\/v2\/types\/product"}],"wp:featuredmedia":[{"embeddable":true,"href":"https:\/\/test.biopapa.lt\/en\/wp-json\/wp\/v2\/media\/103151"}],"wp:attachment":[{"href":"https:\/\/test.biopapa.lt\/en\/wp-json\/wp\/v2\/media?parent=103144"}],"wp:term":[{"taxonomy":"product_brand","embeddable":true,"href":"https:\/\/test.biopapa.lt\/en\/wp-json\/wp\/v2\/product_brand?post=103144"},{"taxonomy":"product_cat","embeddable":true,"href":"https:\/\/test.biopapa.lt\/en\/wp-json\/wp\/v2\/product_cat?post=103144"},{"taxonomy":"product_tag","embeddable":true,"href":"https:\/\/test.biopapa.lt\/en\/wp-json\/wp\/v2\/product_tag?post=103144"}],"curies":[{"name":"wp","href":"https:\/\/api.w.org\/{rel}","templated":true}]}}